{"id":866,"date":"2025-01-15T11:14:26","date_gmt":"2025-01-15T11:14:26","guid":{"rendered":"https:\/\/mspkuljetus.fi\/?page_id=866"},"modified":"2025-12-19T22:19:08","modified_gmt":"2025-12-19T22:19:08","slug":"ota-yhteytta","status":"publish","type":"page","link":"https:\/\/mspkuljetus.fi\/en\/ota-yhteytta\/","title":{"rendered":"Contact us"},"content":{"rendered":"<div data-elementor-type=\"wp-page\" data-elementor-id=\"866\" class=\"elementor elementor-866\" data-elementor-post-type=\"page\">\n\t\t\t\t<div class=\"elementor-element elementor-element-d1e1733 e-flex e-con-boxed e-con e-parent\" data-id=\"d1e1733\" data-element_type=\"container\" data-settings=\"{&quot;background_background&quot;:&quot;classic&quot;}\">\n\t\t\t\t\t<div class=\"e-con-inner\">\n\t\t<div class=\"elementor-element elementor-element-5144830 e-con-full e-flex e-con e-child\" data-id=\"5144830\" data-element_type=\"container\">\n\t\t\t\t<div class=\"elementor-element elementor-element-12f28b1 elementor-align-center elementor-hidden-desktop elementor-hidden-tablet elementor-hidden-mobile elementor-widget elementor-widget-button\" data-id=\"12f28b1\" data-element_type=\"widget\" data-widget_type=\"button.default\">\n\t\t\t\t<div class=\"elementor-widget-container\">\n\t\t\t\t\t\t\t\t\t<div class=\"elementor-button-wrapper\">\n\t\t\t\t\t<a class=\"elementor-button elementor-size-sm\" role=\"button\">\n\t\t\t\t\t\t<span class=\"elementor-button-content-wrapper\">\n\t\t\t\t\t\t\t\t\t<span class=\"elementor-button-text\">MSP Transport Ltd.<\/span>\n\t\t\t\t\t<\/span>\n\t\t\t\t\t<\/a>\n\t\t\t\t<\/div>\n\t\t\t\t\t\t\t\t<\/div>\n\t\t\t\t<\/div>\n\t\t\t\t<div class=\"elementor-element elementor-element-df7f7ad elementor-widget elementor-widget-heading\" data-id=\"df7f7ad\" data-element_type=\"widget\" data-widget_type=\"heading.default\">\n\t\t\t\t<div class=\"elementor-widget-container\">\n\t\t\t\t\t<h2 class=\"elementor-heading-title elementor-size-default\">OTA YHTEYTT\u00c4<\/h2>\t\t\t\t<\/div>\n\t\t\t\t<\/div>\n\t\t\t\t<\/div>\n\t\t\t\t\t<\/div>\n\t\t\t\t<\/div>\n\t\t<div class=\"elementor-element elementor-element-9c50373 e-flex e-con-boxed e-con e-parent\" data-id=\"9c50373\" data-element_type=\"container\">\n\t\t\t\t\t<div class=\"e-con-inner\">\n\t\t<div class=\"elementor-element elementor-element-ce3d989 e-con-full e-flex e-con e-child\" data-id=\"ce3d989\" data-element_type=\"container\">\n\t\t<div class=\"elementor-element elementor-element-5ff38e3 e-con-full e-flex e-con e-child\" data-id=\"5ff38e3\" data-element_type=\"container\">\n\t\t\t\t<div class=\"elementor-element elementor-element-d696467 elementor-widget elementor-widget-heading\" data-id=\"d696467\" data-element_type=\"widget\" data-widget_type=\"heading.default\">\n\t\t\t\t<div class=\"elementor-widget-container\">\n\t\t\t\t\t<h2 class=\"elementor-heading-title elementor-size-default\">MSP Transport Ltd.\n<\/h2>\t\t\t\t<\/div>\n\t\t\t\t<\/div>\n\t\t\t\t<div class=\"elementor-element elementor-element-0d6090f elementor-widget elementor-widget-text-editor\" data-id=\"0d6090f\" data-element_type=\"widget\" data-widget_type=\"text-editor.default\">\n\t\t\t\t<div class=\"elementor-widget-container\">\n\t\t\t\t\t\t\t\t\t<p>Y-tunnus: 1749985-6<br \/>Ahteentaantie 421<br \/>21140 Rym\u00e4ttyl\u00e4<\/p>\t\t\t\t\t\t\t\t<\/div>\n\t\t\t\t<\/div>\n\t\t\t\t<div class=\"elementor-element elementor-element-eee8512 elementor-widget elementor-widget-text-editor\" data-id=\"eee8512\" data-element_type=\"widget\" data-widget_type=\"text-editor.default\">\n\t\t\t\t<div class=\"elementor-widget-container\">\n\t\t\t\t\t\t\t\t\t<p><strong><a href=\"tel: 040 7772 779\">040 777 2779<\/a><\/strong><\/p>\t\t\t\t\t\t\t\t<\/div>\n\t\t\t\t<\/div>\n\t\t\t\t<div class=\"elementor-element elementor-element-dbf7ed3 elementor-widget elementor-widget-text-editor\" data-id=\"dbf7ed3\" data-element_type=\"widget\" data-widget_type=\"text-editor.default\">\n\t\t\t\t<div class=\"elementor-widget-container\">\n\t\t\t\t\t\t\t\t\t<p><strong><a href=\"mailto: mika.peltonen@mspkuljetus.fi\">mika.peltonen@mspkuljetus.fi<\/a><\/strong><\/p>\t\t\t\t\t\t\t\t<\/div>\n\t\t\t\t<\/div>\n\t\t\t\t<div class=\"elementor-element elementor-element-49e4fc8 elementor-widget elementor-widget-text-editor\" data-id=\"49e4fc8\" data-element_type=\"widget\" data-widget_type=\"text-editor.default\">\n\t\t\t\t<div class=\"elementor-widget-container\">\n\t\t\t\t\t\t\t\t\t<p>Verkkolaskutus osoite:\u00a0<br \/>003717499856<br \/>OKOYFIHH<\/p><p>tai s\u00e4hk\u00f6postilla<\/p><p>laskut@mspkuljetus.fi<\/p>\t\t\t\t\t\t\t\t<\/div>\n\t\t\t\t<\/div>\n\t\t\t\t<\/div>\n\t\t<div class=\"elementor-element elementor-element-f52a78e e-con-full e-flex e-con e-child\" data-id=\"f52a78e\" data-element_type=\"container\">\n\t\t\t\t<div class=\"elementor-element elementor-element-b92eea9 elementor-widget elementor-widget-heading\" data-id=\"b92eea9\" data-element_type=\"widget\" data-widget_type=\"heading.default\">\n\t\t\t\t<div class=\"elementor-widget-container\">\n\t\t\t\t\t<h2 class=\"elementor-heading-title elementor-size-default\">J\u00e4t\u00e4 yhteydenottopyynt\u00f6\n<\/h2>\t\t\t\t<\/div>\n\t\t\t\t<\/div>\n\t\t\t\t<div class=\"elementor-element elementor-element-87dc5a6 elementor-button-align-stretch elementor-widget elementor-widget-form\" data-id=\"87dc5a6\" data-element_type=\"widget\" data-settings=\"{&quot;step_next_label&quot;:&quot;Next&quot;,&quot;step_previous_label&quot;:&quot;Previous&quot;,&quot;button_width&quot;:&quot;100&quot;,&quot;step_type&quot;:&quot;number_text&quot;,&quot;step_icon_shape&quot;:&quot;circle&quot;}\" data-widget_type=\"form.default\">\n\t\t\t\t<div class=\"elementor-widget-container\">\n\t\t\t\t\t\t\t<form class=\"elementor-form\" method=\"post\" name=\"New Form\" action=\"\">\n\t\t\t<input type=\"hidden\" name=\"post_id\" value=\"866\"\/>\n\t\t\t<input type=\"hidden\" name=\"form_id\" value=\"87dc5a6\"\/>\n\t\t\t<input type=\"hidden\" name=\"referer_title\" value=\"Ota yhteytt\u00e4 meihin | MSP Kuljetus | Yhteystiedot\" \/>\n\n\t\t\t\t\t\t\t<input type=\"hidden\" name=\"queried_id\" value=\"866\"\/>\n\t\t\t\n\t\t\t<div class=\"elementor-form-fields-wrapper elementor-labels-above\">\n\t\t\t\t\t\t\t\t<div class=\"elementor-field-type-text elementor-field-group elementor-column elementor-field-group-name elementor-col-100\">\n\t\t\t\t\t\t\t\t\t\t\t\t<label for=\"form-field-name\" class=\"elementor-field-label\">\n\t\t\t\t\t\t\t\tNimi *\t\t\t\t\t\t\t<\/label>\n\t\t\t\t\t\t\t\t\t\t\t\t\t\t<input size=\"1\" type=\"text\" name=\"form_fields[name]\" id=\"form-field-name\" class=\"elementor-field elementor-size-md  elementor-field-textual\" placeholder=\"Nimi \">\n\t\t\t\t\t\t\t\t\t\t\t<\/div>\n\t\t\t\t\t\t\t\t<div class=\"elementor-field-type-tel elementor-field-group elementor-column elementor-field-group-email elementor-col-100 elementor-field-required\">\n\t\t\t\t\t\t\t\t\t\t\t\t<label for=\"form-field-email\" class=\"elementor-field-label\">\n\t\t\t\t\t\t\t\tPuhelinnumero *\t\t\t\t\t\t\t<\/label>\n\t\t\t\t\t\t\t\t<input size=\"1\" type=\"tel\" name=\"form_fields[email]\" id=\"form-field-email\" class=\"elementor-field elementor-size-md  elementor-field-textual\" placeholder=\"Puhelinnumero\" required=\"required\" aria-required=\"true\" pattern=\"[0-9()#&amp;+*-=.]+\" title=\"Only numbers and phone characters (#, -, *, etc) are accepted.\">\n\n\t\t\t\t\t\t<\/div>\n\t\t\t\t\t\t\t\t<div class=\"elementor-field-type-email elementor-field-group elementor-column elementor-field-group-message elementor-col-100\">\n\t\t\t\t\t\t\t\t\t\t\t\t<label for=\"form-field-message\" class=\"elementor-field-label\">\n\t\t\t\t\t\t\t\tS\u00e4hk\u00f6posti *\t\t\t\t\t\t\t<\/label>\n\t\t\t\t\t\t\t\t\t\t\t\t\t\t<input size=\"1\" type=\"email\" name=\"form_fields[message]\" id=\"form-field-message\" class=\"elementor-field elementor-size-md  elementor-field-textual\" placeholder=\"S\u00e4hk\u00f6posti\">\n\t\t\t\t\t\t\t\t\t\t\t<\/div>\n\t\t\t\t\t\t\t\t<div class=\"elementor-field-type-textarea elementor-field-group elementor-column elementor-field-group-field_17e2b5a elementor-col-100\">\n\t\t\t\t\t\t\t\t\t\t\t\t<label for=\"form-field-field_17e2b5a\" class=\"elementor-field-label\">\n\t\t\t\t\t\t\t\tLis\u00e4tietoja\t\t\t\t\t\t\t<\/label>\n\t\t\t\t\t\t<textarea class=\"elementor-field-textual elementor-field  elementor-size-md\" name=\"form_fields[field_17e2b5a]\" id=\"form-field-field_17e2b5a\" rows=\"4\" placeholder=\"Lis\u00e4tietoja\"><\/textarea>\t\t\t\t<\/div>\n\t\t\t\t\t\t\t\t<div class=\"elementor-field-type-checkbox elementor-field-group elementor-column elementor-field-group-field_2a1549e elementor-col-100\">\n\t\t\t\t\t<div class=\"elementor-field-subgroup  elementor-subgroup-inline\"><span class=\"elementor-field-option\"><input type=\"checkbox\" value=\" Puhelimitse\" id=\"form-field-field_2a1549e-0\" name=\"form_fields[field_2a1549e]\"> <label for=\"form-field-field_2a1549e-0\"> Puhelimitse<\/label><\/span><\/div>\t\t\t\t<\/div>\n\t\t\t\t\t\t\t\t<div class=\"elementor-field-type-checkbox elementor-field-group elementor-column elementor-field-group-field_b4d0357 elementor-col-100\">\n\t\t\t\t\t<div class=\"elementor-field-subgroup  elementor-subgroup-inline\"><span class=\"elementor-field-option\"><input type=\"checkbox\" value=\"S\u00e4hk\u00f6postilla\" id=\"form-field-field_b4d0357-0\" name=\"form_fields[field_b4d0357]\"> <label for=\"form-field-field_b4d0357-0\">S\u00e4hk\u00f6postilla<\/label><\/span><\/div>\t\t\t\t<\/div>\n\t\t\t\t\t\t\t\t<div class=\"elementor-field-type-html elementor-field-group elementor-column elementor-field-group-field_8e58659 elementor-col-100\">\n\t\t\t\t\tMinulle saa jatkossa l\u00e4hett\u00e4\u00e4 tarjouksia ja informaatiota\t\t\t\t<\/div>\n\t\t\t\t\t\t\t\t<div class=\"elementor-field-type-recaptcha_v3 elementor-field-group elementor-column elementor-field-group-field_8fe7b71 elementor-col-100 recaptcha_v3-bottomleft\">\n\t\t\t\t\t<div class=\"elementor-field\" id=\"form-field-field_8fe7b71\"><div class=\"elementor-g-recaptcha\" data-sitekey=\"6LfiOOMqAAAAABByiIllkzlcyE9j4SViPEkFsD4C\" data-type=\"v3\" data-action=\"Form\" data-badge=\"bottomleft\" data-size=\"invisible\"><\/div><\/div>\t\t\t\t<\/div>\n\t\t\t\t\t\t\t\t<div class=\"elementor-field-group elementor-column elementor-field-type-submit elementor-col-100 e-form__buttons\">\n\t\t\t\t\t<button class=\"elementor-button elementor-size-lg\" type=\"submit\">\n\t\t\t\t\t\t<span class=\"elementor-button-content-wrapper\">\n\t\t\t\t\t\t\t\t\t\t\t\t\t\t\t\t\t\t\t\t\t\t<span class=\"elementor-button-text\">L\u00e4het\u00e4<\/span>\n\t\t\t\t\t\t\t\t\t\t\t\t\t<\/span>\n\t\t\t\t\t<\/button>\n\t\t\t\t<\/div>\n\t\t\t<\/div>\n\t\t<input type=\"hidden\" name=\"trp-form-language\" value=\"en\"\/><\/form>\n\t\t\t\t\t\t<\/div>\n\t\t\t\t<\/div>\n\t\t\t\t<div class=\"elementor-element elementor-element-83dd7d0 elementor-widget elementor-widget-heading\" data-id=\"83dd7d0\" data-element_type=\"widget\" data-widget_type=\"heading.default\">\n\t\t\t\t<div class=\"elementor-widget-container\">\n\t\t\t\t\t<h2 class=\"elementor-heading-title elementor-size-default\"><a href=\"https:\/\/mspkuljetus.fi\/en\/?page_id=929\">Tietosuojaseloste<\/a><\/h2>\t\t\t\t<\/div>\n\t\t\t\t<\/div>\n\t\t\t\t<\/div>\n\t\t\t\t<\/div>\n\t\t\t\t\t<\/div>\n\t\t\t\t<\/div>\n\t\t<div class=\"elementor-element elementor-element-d5884ae e-con-full e-flex e-con e-parent\" data-id=\"d5884ae\" data-element_type=\"container\">\n\t\t\t\t<div class=\"elementor-element elementor-element-e8c3d7e elementor-widget elementor-widget-html\" data-id=\"e8c3d7e\" data-element_type=\"widget\" data-widget_type=\"html.default\">\n\t\t\t\t<div class=\"elementor-widget-container\">\n\t\t\t\t\t<iframe src=\"https:\/\/www.google.com\/maps\/embed?pb=!1m14!1m8!1m3!1d126223.65888607092!2d21.873454000000002!3d60.37511800000001!3m2!1i1024!2i768!4f13.1!3m3!1m2!1s0x468b840db94454a3%3A0x2adf9f378bca6938!2sAhteentaantie%20421%2C%2021140%20Naantali%2C%20Finland!5e0!3m2!1sen!2sus!4v1736940412799!5m2!1sen!2sus\" width=\"600\" height=\"450\" style=\"border:0;\" allowfullscreen=\"\" loading=\"lazy\" referrerpolicy=\"no-referrer-when-downgrade\"><\/iframe>\t\t\t\t<\/div>\n\t\t\t\t<\/div>\n\t\t\t\t<\/div>\n\t\t\t\t<\/div>","protected":false},"excerpt":{"rendered":"<p>MSP-Kuljetus Oy OTA YHTEYTT\u00c4 MSP-Kuljetus Oy Y-tunnus: 1749985-6Ahteentaantie 42121140 Rym\u00e4ttyl\u00e4 040 777 2779 mika.peltonen@mspkuljetus.fi Verkkolaskutus osoite:\u00a0003717499856OKOYFIHH tai s\u00e4hk\u00f6postilla laskut@mspkuljetus.fi J\u00e4t\u00e4 yhteydenottopyynt\u00f6 Tietosuojaseloste<\/p>","protected":false},"author":1,"featured_media":1246,"parent":0,"menu_order":0,"comment_status":"closed","ping_status":"closed","template":"","meta":{"footnotes":""},"class_list":["post-866","page","type-page","status-publish","has-post-thumbnail","hentry"],"yoast_head":"<!-- This site is optimized with the Yoast SEO plugin v24.5 - https:\/\/yoast.com\/wordpress\/plugins\/seo\/ -->\n<title>Ota yhteytt\u00e4 meihin | MSP Kuljetus | Yhteystiedot<\/title>\n<meta name=\"description\" content=\"Luotettavasti merell\u00e4 jo vuodesta 2002. J\u00e4t\u00e4 meille yhteystietosi niin olemme sinuun yhteydess\u00e4 mahdollisimman pian.\" \/>\n<meta name=\"robots\" content=\"index, follow, max-snippet:-1, max-image-preview:large, max-video-preview:-1\" \/>\n<link rel=\"canonical\" href=\"https:\/\/mspkuljetus.fi\/en\/ota-yhteytta\/\" \/>\n<meta property=\"og:locale\" content=\"en_GB\" \/>\n<meta property=\"og:type\" content=\"article\" \/>\n<meta property=\"og:title\" content=\"Ota yhteytt\u00e4 meihin | MSP Kuljetus | Yhteystiedot\" \/>\n<meta property=\"og:description\" content=\"Luotettavasti merell\u00e4 jo vuodesta 2002. J\u00e4t\u00e4 meille yhteystietosi niin olemme sinuun yhteydess\u00e4 mahdollisimman pian.\" \/>\n<meta property=\"og:url\" content=\"https:\/\/mspkuljetus.fi\/en\/ota-yhteytta\/\" \/>\n<meta property=\"og:site_name\" content=\"MSP Kuljetus\" \/>\n<meta property=\"article:modified_time\" content=\"2025-12-19T22:19:08+00:00\" \/>\n<meta name=\"twitter:card\" content=\"summary_large_image\" \/>\n<meta name=\"twitter:label1\" content=\"Estimated reading time\" \/>\n\t<meta name=\"twitter:data1\" content=\"1 minute\" \/>\n<script type=\"application\/ld+json\" class=\"yoast-schema-graph\">{\"@context\":\"https:\/\/schema.org\",\"@graph\":[{\"@type\":\"WebPage\",\"@id\":\"https:\/\/mspkuljetus.fi\/ota-yhteytta\/\",\"url\":\"https:\/\/mspkuljetus.fi\/ota-yhteytta\/\",\"name\":\"Ota yhteytt\u00e4 meihin | MSP Kuljetus | Yhteystiedot\",\"isPartOf\":{\"@id\":\"https:\/\/mspkuljetus.fi\/#website\"},\"primaryImageOfPage\":{\"@id\":\"https:\/\/mspkuljetus.fi\/ota-yhteytta\/#primaryimage\"},\"image\":{\"@id\":\"https:\/\/mspkuljetus.fi\/ota-yhteytta\/#primaryimage\"},\"thumbnailUrl\":\"https:\/\/mspkuljetus.fi\/wp-content\/uploads\/2025\/02\/IMG_0006-scaled.jpg\",\"datePublished\":\"2025-01-15T11:14:26+00:00\",\"dateModified\":\"2025-12-19T22:19:08+00:00\",\"description\":\"Luotettavasti merell\u00e4 jo vuodesta 2002. J\u00e4t\u00e4 meille yhteystietosi niin olemme sinuun yhteydess\u00e4 mahdollisimman pian.\",\"breadcrumb\":{\"@id\":\"https:\/\/mspkuljetus.fi\/ota-yhteytta\/#breadcrumb\"},\"inLanguage\":\"en-GB\",\"potentialAction\":[{\"@type\":\"ReadAction\",\"target\":[\"https:\/\/mspkuljetus.fi\/ota-yhteytta\/\"]}]},{\"@type\":\"ImageObject\",\"inLanguage\":\"en-GB\",\"@id\":\"https:\/\/mspkuljetus.fi\/ota-yhteytta\/#primaryimage\",\"url\":\"https:\/\/mspkuljetus.fi\/wp-content\/uploads\/2025\/02\/IMG_0006-scaled.jpg\",\"contentUrl\":\"https:\/\/mspkuljetus.fi\/wp-content\/uploads\/2025\/02\/IMG_0006-scaled.jpg\",\"width\":2560,\"height\":1920},{\"@type\":\"BreadcrumbList\",\"@id\":\"https:\/\/mspkuljetus.fi\/ota-yhteytta\/#breadcrumb\",\"itemListElement\":[{\"@type\":\"ListItem\",\"position\":1,\"name\":\"Etusivu\",\"item\":\"https:\/\/mspkuljetus.fi\/\"},{\"@type\":\"ListItem\",\"position\":2,\"name\":\"Ota yhteytt\u00e4\"}]},{\"@type\":\"WebSite\",\"@id\":\"https:\/\/mspkuljetus.fi\/#website\",\"url\":\"https:\/\/mspkuljetus.fi\/\",\"name\":\"MSP Kuljetus\",\"description\":\"\",\"potentialAction\":[{\"@type\":\"SearchAction\",\"target\":{\"@type\":\"EntryPoint\",\"urlTemplate\":\"https:\/\/mspkuljetus.fi\/?s={search_term_string}\"},\"query-input\":{\"@type\":\"PropertyValueSpecification\",\"valueRequired\":true,\"valueName\":\"search_term_string\"}}],\"inLanguage\":\"en-GB\"}]}<\/script>\n<!-- \/ Yoast SEO plugin. -->","yoast_head_json":{"title":"Ota yhteytt\u00e4 meihin | MSP Kuljetus | Yhteystiedot","description":"Luotettavasti merell\u00e4 jo vuodesta 2002. J\u00e4t\u00e4 meille yhteystietosi niin olemme sinuun yhteydess\u00e4 mahdollisimman pian.","robots":{"index":"index","follow":"follow","max-snippet":"max-snippet:-1","max-image-preview":"max-image-preview:large","max-video-preview":"max-video-preview:-1"},"canonical":"https:\/\/mspkuljetus.fi\/en\/ota-yhteytta\/","og_locale":"en_GB","og_type":"article","og_title":"Ota yhteytt\u00e4 meihin | MSP Kuljetus | Yhteystiedot","og_description":"Luotettavasti merell\u00e4 jo vuodesta 2002. J\u00e4t\u00e4 meille yhteystietosi niin olemme sinuun yhteydess\u00e4 mahdollisimman pian.","og_url":"https:\/\/mspkuljetus.fi\/en\/ota-yhteytta\/","og_site_name":"MSP Kuljetus","article_modified_time":"2025-12-19T22:19:08+00:00","twitter_card":"summary_large_image","twitter_misc":{"Estimated reading time":"1 minute"},"schema":{"@context":"https:\/\/schema.org","@graph":[{"@type":"WebPage","@id":"https:\/\/mspkuljetus.fi\/ota-yhteytta\/","url":"https:\/\/mspkuljetus.fi\/ota-yhteytta\/","name":"Ota yhteytt\u00e4 meihin | MSP Kuljetus | Yhteystiedot","isPartOf":{"@id":"https:\/\/mspkuljetus.fi\/#website"},"primaryImageOfPage":{"@id":"https:\/\/mspkuljetus.fi\/ota-yhteytta\/#primaryimage"},"image":{"@id":"https:\/\/mspkuljetus.fi\/ota-yhteytta\/#primaryimage"},"thumbnailUrl":"https:\/\/mspkuljetus.fi\/wp-content\/uploads\/2025\/02\/IMG_0006-scaled.jpg","datePublished":"2025-01-15T11:14:26+00:00","dateModified":"2025-12-19T22:19:08+00:00","description":"Luotettavasti merell\u00e4 jo vuodesta 2002. J\u00e4t\u00e4 meille yhteystietosi niin olemme sinuun yhteydess\u00e4 mahdollisimman pian.","breadcrumb":{"@id":"https:\/\/mspkuljetus.fi\/ota-yhteytta\/#breadcrumb"},"inLanguage":"en-GB","potentialAction":[{"@type":"ReadAction","target":["https:\/\/mspkuljetus.fi\/ota-yhteytta\/"]}]},{"@type":"ImageObject","inLanguage":"en-GB","@id":"https:\/\/mspkuljetus.fi\/ota-yhteytta\/#primaryimage","url":"https:\/\/mspkuljetus.fi\/wp-content\/uploads\/2025\/02\/IMG_0006-scaled.jpg","contentUrl":"https:\/\/mspkuljetus.fi\/wp-content\/uploads\/2025\/02\/IMG_0006-scaled.jpg","width":2560,"height":1920},{"@type":"BreadcrumbList","@id":"https:\/\/mspkuljetus.fi\/ota-yhteytta\/#breadcrumb","itemListElement":[{"@type":"ListItem","position":1,"name":"Etusivu","item":"https:\/\/mspkuljetus.fi\/"},{"@type":"ListItem","position":2,"name":"Ota yhteytt\u00e4"}]},{"@type":"WebSite","@id":"https:\/\/mspkuljetus.fi\/#website","url":"https:\/\/mspkuljetus.fi\/","name":"MSP Kuljetus","description":"","potentialAction":[{"@type":"SearchAction","target":{"@type":"EntryPoint","urlTemplate":"https:\/\/mspkuljetus.fi\/?s={search_term_string}"},"query-input":{"@type":"PropertyValueSpecification","valueRequired":true,"valueName":"search_term_string"}}],"inLanguage":"en-GB"}]}},"_links":{"self":[{"href":"https:\/\/mspkuljetus.fi\/en\/wp-json\/wp\/v2\/pages\/866","targetHints":{"allow":["GET"]}}],"collection":[{"href":"https:\/\/mspkuljetus.fi\/en\/wp-json\/wp\/v2\/pages"}],"about":[{"href":"https:\/\/mspkuljetus.fi\/en\/wp-json\/wp\/v2\/types\/page"}],"author":[{"embeddable":true,"href":"https:\/\/mspkuljetus.fi\/en\/wp-json\/wp\/v2\/users\/1"}],"replies":[{"embeddable":true,"href":"https:\/\/mspkuljetus.fi\/en\/wp-json\/wp\/v2\/comments?post=866"}],"version-history":[{"count":82,"href":"https:\/\/mspkuljetus.fi\/en\/wp-json\/wp\/v2\/pages\/866\/revisions"}],"predecessor-version":[{"id":1496,"href":"https:\/\/mspkuljetus.fi\/en\/wp-json\/wp\/v2\/pages\/866\/revisions\/1496"}],"wp:featuredmedia":[{"embeddable":true,"href":"https:\/\/mspkuljetus.fi\/en\/wp-json\/wp\/v2\/media\/1246"}],"wp:attachment":[{"href":"https:\/\/mspkuljetus.fi\/en\/wp-json\/wp\/v2\/media?parent=866"}],"curies":[{"name":"wp","href":"https:\/\/api.w.org\/{rel}","templated":true}]}}