{"id":794,"date":"2025-01-15T08:12:13","date_gmt":"2025-01-15T08:12:13","guid":{"rendered":"https:\/\/mspkuljetus.fi\/?page_id=794"},"modified":"2025-03-02T16:17:19","modified_gmt":"2025-03-02T16:17:19","slug":"saariston-mokkilaisten-palvelut","status":"publish","type":"page","link":"https:\/\/mspkuljetus.fi\/en\/saariston-mokkilaisten-palvelut\/","title":{"rendered":"Services for archipelago cottagers"},"content":{"rendered":"<div data-elementor-type=\"wp-page\" data-elementor-id=\"794\" class=\"elementor elementor-794\" data-elementor-post-type=\"page\">\n\t\t\t\t<div class=\"elementor-element elementor-element-d1e1733 e-flex e-con-boxed e-con e-parent\" data-id=\"d1e1733\" data-element_type=\"container\" data-settings=\"{&quot;background_background&quot;:&quot;classic&quot;}\">\n\t\t\t\t\t<div class=\"e-con-inner\">\n\t\t<div class=\"elementor-element elementor-element-5144830 e-con-full e-flex e-con e-child\" data-id=\"5144830\" data-element_type=\"container\">\n\t\t\t\t<div class=\"elementor-element elementor-element-12f28b1 elementor-align-center elementor-widget elementor-widget-button\" data-id=\"12f28b1\" data-element_type=\"widget\" data-widget_type=\"button.default\">\n\t\t\t\t<div class=\"elementor-widget-container\">\n\t\t\t\t\t\t\t\t\t<div class=\"elementor-button-wrapper\">\n\t\t\t\t\t<a class=\"elementor-button elementor-size-sm\" role=\"button\">\n\t\t\t\t\t\t<span class=\"elementor-button-content-wrapper\">\n\t\t\t\t\t\t\t\t\t<span class=\"elementor-button-text\">MSP Transport Ltd.<\/span>\n\t\t\t\t\t<\/span>\n\t\t\t\t\t<\/a>\n\t\t\t\t<\/div>\n\t\t\t\t\t\t\t\t<\/div>\n\t\t\t\t<\/div>\n\t\t\t\t<div class=\"elementor-element elementor-element-df7f7ad elementor-widget elementor-widget-heading\" data-id=\"df7f7ad\" data-element_type=\"widget\" data-widget_type=\"heading.default\">\n\t\t\t\t<div class=\"elementor-widget-container\">\n\t\t\t\t\t<h2 class=\"elementor-heading-title elementor-size-default\">Services for archipelago cottagers<\/h2>\t\t\t\t<\/div>\n\t\t\t\t<\/div>\n\t\t\t\t<\/div>\n\t\t\t\t\t<\/div>\n\t\t\t\t<\/div>\n\t\t<div class=\"elementor-element elementor-element-aeffbe3 e-con-full e-flex e-con e-parent\" data-id=\"aeffbe3\" data-element_type=\"container\">\n\t\t<div class=\"elementor-element elementor-element-a8ecdbc e-con-full e-flex e-con e-child\" data-id=\"a8ecdbc\" data-element_type=\"container\">\n\t\t<div class=\"elementor-element elementor-element-8aa8b31 e-con-full e-flex e-con e-child\" data-id=\"8aa8b31\" data-element_type=\"container\">\n\t\t<div class=\"elementor-element elementor-element-8644874 e-con-full e-flex e-con e-child\" data-id=\"8644874\" data-element_type=\"container\">\n\t\t<div class=\"elementor-element elementor-element-0850880 e-con-full e-flex e-con e-child\" data-id=\"0850880\" data-element_type=\"container\">\n\t\t\t\t<div class=\"elementor-element elementor-element-4e550f8 elementor-widget elementor-widget-heading\" data-id=\"4e550f8\" data-element_type=\"widget\" data-widget_type=\"heading.default\">\n\t\t\t\t<div class=\"elementor-widget-container\">\n\t\t\t\t\t<h2 class=\"elementor-heading-title elementor-size-default\">FOR COTTAGE OWNERS IN THE ARCHIPELAGO \n<\/h2>\t\t\t\t<\/div>\n\t\t\t\t<\/div>\n\t\t\t\t<div class=\"elementor-element elementor-element-4e19f10 elementor-widget elementor-widget-heading\" data-id=\"4e19f10\" data-element_type=\"widget\" data-widget_type=\"heading.default\">\n\t\t\t\t<div class=\"elementor-widget-container\">\n\t\t\t\t\t<h2 class=\"elementor-heading-title elementor-size-default\">Services for archipelago cottagers - to make your vacation feel like a vacation!\n<\/h2>\t\t\t\t<\/div>\n\t\t\t\t<\/div>\n\t\t\t\t<div class=\"elementor-element elementor-element-14fd64b elementor-widget elementor-widget-text-editor\" data-id=\"14fd64b\" data-element_type=\"widget\" data-widget_type=\"text-editor.default\">\n\t\t\t\t<div class=\"elementor-widget-container\">\n\t\t\t\t\t\t\t\t\t<p>We have tailored services to make leisure living easier especially for cottagers in the archipelago. Through us, you can order passenger and goods transport, inspection visits to ensure safety, or spring and autumn cleaning of the cottage and cottage yard.<\/p>\t\t\t\t\t\t\t\t<\/div>\n\t\t\t\t<\/div>\n\t\t\t\t<div class=\"elementor-element elementor-element-4f26607 elementor-widget elementor-widget-text-editor\" data-id=\"4f26607\" data-element_type=\"widget\" data-widget_type=\"text-editor.default\">\n\t\t\t\t<div class=\"elementor-widget-container\">\n\t\t\t\t\t\t\t\t\t<p>We deliver store purchases directly to the cottage pier and carry out minor renovations both on land and in the water. If necessary, we can provide you with firewood stacked in the woodshed.<\/p>\t\t\t\t\t\t\t\t<\/div>\n\t\t\t\t<\/div>\n\t\t\t\t<div class=\"elementor-element elementor-element-7641518 elementor-widget elementor-widget-text-editor\" data-id=\"7641518\" data-element_type=\"widget\" data-widget_type=\"text-editor.default\">\n\t\t\t\t<div class=\"elementor-widget-container\">\n\t\t\t\t\t\t\t\t\t<p>Our area of \u200b\u200boperation is mainly in the archipelago sea, and more specifically the archipelagos of Turku, Naantali and Parainen.<\/p>\t\t\t\t\t\t\t\t<\/div>\n\t\t\t\t<\/div>\n\t\t\t\t<div class=\"elementor-element elementor-element-10ecbc9 elementor-align-left elementor-mobile-align-center elementor-widget elementor-widget-button\" data-id=\"10ecbc9\" data-element_type=\"widget\" data-widget_type=\"button.default\">\n\t\t\t\t<div class=\"elementor-widget-container\">\n\t\t\t\t\t\t\t\t\t<div class=\"elementor-button-wrapper\">\n\t\t\t\t\t<a class=\"elementor-button elementor-button-link elementor-size-sm\" href=\"https:\/\/mspkuljetus.fi\/en\/?page_id=866\">\n\t\t\t\t\t\t<span class=\"elementor-button-content-wrapper\">\n\t\t\t\t\t\t\t\t\t<span class=\"elementor-button-text\">Contact us \u00bb<\/span>\n\t\t\t\t\t<\/span>\n\t\t\t\t\t<\/a>\n\t\t\t\t<\/div>\n\t\t\t\t\t\t\t\t<\/div>\n\t\t\t\t<\/div>\n\t\t\t\t<\/div>\n\t\t\t\t<\/div>\n\t\t<div class=\"elementor-element elementor-element-a5ef34f e-con-full e-flex e-con e-child\" data-id=\"a5ef34f\" data-element_type=\"container\" data-settings=\"{&quot;background_background&quot;:&quot;classic&quot;}\">\n\t\t\t\t<\/div>\n\t\t\t\t<\/div>\n\t\t\t\t<\/div>\n\t\t\t\t<\/div>\n\t\t<div class=\"elementor-element elementor-element-019113c e-con-full e-flex e-con e-parent\" data-id=\"019113c\" data-element_type=\"container\" data-settings=\"{&quot;background_background&quot;:&quot;classic&quot;}\">\n\t\t<div class=\"elementor-element elementor-element-074cd9f e-con-full e-flex e-con e-child\" data-id=\"074cd9f\" data-element_type=\"container\">\n\t\t<div class=\"elementor-element elementor-element-2fdba65 e-con-full e-flex e-con e-child\" data-id=\"2fdba65\" data-element_type=\"container\">\n\t\t<div class=\"elementor-element elementor-element-8bc4794 e-con-full e-flex e-con e-child\" data-id=\"8bc4794\" data-element_type=\"container\" data-settings=\"{&quot;background_background&quot;:&quot;classic&quot;}\">\n\t\t\t\t<\/div>\n\t\t<div class=\"elementor-element elementor-element-4c2b71d e-con-full e-flex e-con e-child\" data-id=\"4c2b71d\" data-element_type=\"container\">\n\t\t\t\t<div class=\"elementor-element elementor-element-0a7a779 elementor-widget elementor-widget-heading\" data-id=\"0a7a779\" data-element_type=\"widget\" data-widget_type=\"heading.default\">\n\t\t\t\t<div class=\"elementor-widget-container\">\n\t\t\t\t\t<h2 class=\"elementor-heading-title elementor-size-default\">Has your cottage been empty for a long time?\n<\/h2>\t\t\t\t<\/div>\n\t\t\t\t<\/div>\n\t\t\t\t<div class=\"elementor-element elementor-element-a6eed3c elementor-widget elementor-widget-text-editor\" data-id=\"a6eed3c\" data-element_type=\"widget\" data-widget_type=\"text-editor.default\">\n\t\t\t\t<div class=\"elementor-widget-container\">\n\t\t\t\t\t\t\t\t\t<div class=\"elementor-element elementor-element-a6eed3c elementor-widget elementor-widget-text-editor\" data-id=\"a6eed3c\" data-element_type=\"widget\" data-widget_type=\"text-editor.default\"><div class=\"elementor-widget-container\"><p>Are you worried about the aftermath of the autumn storm and your boat is already docked? There simply isn't enough time to visit the cottage?<\/p><\/div><\/div>\t\t\t\t\t\t\t\t<\/div>\n\t\t\t\t<\/div>\n\t\t\t\t<div class=\"elementor-element elementor-element-1877d11 elementor-widget elementor-widget-text-editor\" data-id=\"1877d11\" data-element_type=\"widget\" data-widget_type=\"text-editor.default\">\n\t\t\t\t<div class=\"elementor-widget-container\">\n\t\t\t\t\t\t\t\t\t<div class=\"elementor-element elementor-element-1877d11 elementor-widget elementor-widget-text-editor\" data-id=\"1877d11\" data-element_type=\"widget\" data-widget_type=\"text-editor.default\"><div class=\"elementor-widget-container\"><p>No problem! You can order us to inspect your cottage, regardless of the season. We will report the visit in writing and with photos.<\/p><\/div><\/div>\t\t\t\t\t\t\t\t<\/div>\n\t\t\t\t<\/div>\n\t\t\t\t<div class=\"elementor-element elementor-element-d72bad5 elementor-widget elementor-widget-text-editor\" data-id=\"d72bad5\" data-element_type=\"widget\" data-widget_type=\"text-editor.default\">\n\t\t\t\t<div class=\"elementor-widget-container\">\n\t\t\t\t\t\t\t\t\t<div class=\"elementor-element elementor-element-1877d11 elementor-widget elementor-widget-text-editor\" data-id=\"1877d11\" data-element_type=\"widget\" data-widget_type=\"text-editor.default\"><div class=\"elementor-widget-container\"><p>Once damage has already occurred, we can also prevent further damage. We carry out the inspection visit either as a single visit upon request, or automatically, e.g. every 2 weeks according to the agreement.<\/p><\/div><\/div>\t\t\t\t\t\t\t\t<\/div>\n\t\t\t\t<\/div>\n\t\t\t\t<div class=\"elementor-element elementor-element-53d0648 elementor-align-left elementor-mobile-align-center elementor-widget elementor-widget-button\" data-id=\"53d0648\" data-element_type=\"widget\" data-widget_type=\"button.default\">\n\t\t\t\t<div class=\"elementor-widget-container\">\n\t\t\t\t\t\t\t\t\t<div class=\"elementor-button-wrapper\">\n\t\t\t\t\t<a class=\"elementor-button elementor-button-link elementor-size-sm\" href=\"https:\/\/mspkuljetus.fi\/en\/?page_id=866\">\n\t\t\t\t\t\t<span class=\"elementor-button-content-wrapper\">\n\t\t\t\t\t\t\t\t\t<span class=\"elementor-button-text\">Contact us \u00bb<\/span>\n\t\t\t\t\t<\/span>\n\t\t\t\t\t<\/a>\n\t\t\t\t<\/div>\n\t\t\t\t\t\t\t\t<\/div>\n\t\t\t\t<\/div>\n\t\t\t\t<\/div>\n\t\t\t\t<\/div>\n\t\t\t\t<\/div>\n\t\t\t\t<\/div>\n\t\t\t\t<\/div>","protected":false},"excerpt":{"rendered":"<p>MSP-Kuljetus Oy Saariston m\u00f6kki\u00adl\u00e4isten palvelut SAARISTOMEREN M\u00d6KKEILIJ\u00d6ILLE Palvelut saariston m\u00f6kkil\u00e4isille &#8211; jotta loma tuntuisi lomalta! Olemme r\u00e4\u00e4t\u00e4l\u00f6ineet erityisesti vapaa-ajan asumista helpottavia palveluja saariston m\u00f6kkil\u00e4isille. Kauttamme voit tilata henkil\u00f6- ja tavarakuljetukset, tarkastusk\u00e4yntej\u00e4 turvallisuuden takaamiseksi tai m\u00f6kin ja m\u00f6kkipihan kev\u00e4t- ja syyssiivouksen. Tuomme kauppaostokset suoraan m\u00f6kkilaiturille ja toteutamme pienet remontit niin maalla kuin vedess\u00e4. Saat meilt\u00e4 tarvittaessa [&hellip;]<\/p>","protected":false},"author":1,"featured_media":1292,"parent":0,"menu_order":0,"comment_status":"closed","ping_status":"closed","template":"","meta":{"footnotes":""},"class_list":["post-794","page","type-page","status-publish","has-post-thumbnail","hentry"],"yoast_head":"<!-- This site is optimized with the Yoast SEO plugin v24.5 - https:\/\/yoast.com\/wordpress\/plugins\/seo\/ -->\n<title>Saariston m\u00f6kki\u00adl\u00e4isten palvelut | MSP Kuljetus | Ota yhteytt\u00e4<\/title>\n<meta name=\"description\" content=\"Olemme r\u00e4\u00e4t\u00e4l\u00f6ineet erityisesti vapaa-ajan asumista helpottavia palveluja saariston m\u00f6kkil\u00e4isille. Kauttamme voit tilata henkil\u00f6- ja tavara...\" \/>\n<meta name=\"robots\" content=\"index, follow, max-snippet:-1, max-image-preview:large, max-video-preview:-1\" \/>\n<link rel=\"canonical\" href=\"https:\/\/mspkuljetus.fi\/en\/saariston-mokkilaisten-palvelut\/\" \/>\n<meta property=\"og:locale\" content=\"en_GB\" \/>\n<meta property=\"og:type\" content=\"article\" \/>\n<meta property=\"og:title\" content=\"Saariston m\u00f6kki\u00adl\u00e4isten palvelut | MSP Kuljetus | Ota yhteytt\u00e4\" \/>\n<meta property=\"og:description\" content=\"Olemme r\u00e4\u00e4t\u00e4l\u00f6ineet erityisesti vapaa-ajan asumista helpottavia palveluja saariston m\u00f6kkil\u00e4isille. Kauttamme voit tilata henkil\u00f6- ja tavara...\" \/>\n<meta property=\"og:url\" content=\"https:\/\/mspkuljetus.fi\/en\/saariston-mokkilaisten-palvelut\/\" \/>\n<meta property=\"og:site_name\" content=\"MSP Kuljetus\" \/>\n<meta property=\"article:modified_time\" content=\"2025-03-02T16:17:19+00:00\" \/>\n<meta property=\"og:image\" content=\"https:\/\/mspkuljetus.fi\/wp-content\/uploads\/2025\/02\/FB5E1221-BDDC-4CB6-A274-1FEADAA27ADC.jpg\" \/>\n\t<meta property=\"og:image:width\" content=\"1440\" \/>\n\t<meta property=\"og:image:height\" content=\"1440\" \/>\n\t<meta property=\"og:image:type\" content=\"image\/jpeg\" \/>\n<meta name=\"twitter:card\" content=\"summary_large_image\" \/>\n<meta name=\"twitter:label1\" content=\"Estimated reading time\" \/>\n\t<meta name=\"twitter:data1\" content=\"2 minutes\" \/>\n<script type=\"application\/ld+json\" class=\"yoast-schema-graph\">{\"@context\":\"https:\/\/schema.org\",\"@graph\":[{\"@type\":\"WebPage\",\"@id\":\"https:\/\/mspkuljetus.fi\/saariston-mokkilaisten-palvelut\/\",\"url\":\"https:\/\/mspkuljetus.fi\/saariston-mokkilaisten-palvelut\/\",\"name\":\"Saariston m\u00f6kki\u00adl\u00e4isten palvelut | MSP Kuljetus | Ota yhteytt\u00e4\",\"isPartOf\":{\"@id\":\"https:\/\/mspkuljetus.fi\/#website\"},\"primaryImageOfPage\":{\"@id\":\"https:\/\/mspkuljetus.fi\/saariston-mokkilaisten-palvelut\/#primaryimage\"},\"image\":{\"@id\":\"https:\/\/mspkuljetus.fi\/saariston-mokkilaisten-palvelut\/#primaryimage\"},\"thumbnailUrl\":\"https:\/\/mspkuljetus.fi\/wp-content\/uploads\/2025\/02\/FB5E1221-BDDC-4CB6-A274-1FEADAA27ADC.jpg\",\"datePublished\":\"2025-01-15T08:12:13+00:00\",\"dateModified\":\"2025-03-02T16:17:19+00:00\",\"description\":\"Olemme r\u00e4\u00e4t\u00e4l\u00f6ineet erityisesti vapaa-ajan asumista helpottavia palveluja saariston m\u00f6kkil\u00e4isille. Kauttamme voit tilata henkil\u00f6- ja tavara...\",\"breadcrumb\":{\"@id\":\"https:\/\/mspkuljetus.fi\/saariston-mokkilaisten-palvelut\/#breadcrumb\"},\"inLanguage\":\"en-GB\",\"potentialAction\":[{\"@type\":\"ReadAction\",\"target\":[\"https:\/\/mspkuljetus.fi\/saariston-mokkilaisten-palvelut\/\"]}]},{\"@type\":\"ImageObject\",\"inLanguage\":\"en-GB\",\"@id\":\"https:\/\/mspkuljetus.fi\/saariston-mokkilaisten-palvelut\/#primaryimage\",\"url\":\"https:\/\/mspkuljetus.fi\/wp-content\/uploads\/2025\/02\/FB5E1221-BDDC-4CB6-A274-1FEADAA27ADC.jpg\",\"contentUrl\":\"https:\/\/mspkuljetus.fi\/wp-content\/uploads\/2025\/02\/FB5E1221-BDDC-4CB6-A274-1FEADAA27ADC.jpg\",\"width\":1440,\"height\":1440},{\"@type\":\"BreadcrumbList\",\"@id\":\"https:\/\/mspkuljetus.fi\/saariston-mokkilaisten-palvelut\/#breadcrumb\",\"itemListElement\":[{\"@type\":\"ListItem\",\"position\":1,\"name\":\"Etusivu\",\"item\":\"https:\/\/mspkuljetus.fi\/\"},{\"@type\":\"ListItem\",\"position\":2,\"name\":\"Saariston m\u00f6kkil\u00e4isten palvelut\"}]},{\"@type\":\"WebSite\",\"@id\":\"https:\/\/mspkuljetus.fi\/#website\",\"url\":\"https:\/\/mspkuljetus.fi\/\",\"name\":\"MSP Kuljetus\",\"description\":\"\",\"potentialAction\":[{\"@type\":\"SearchAction\",\"target\":{\"@type\":\"EntryPoint\",\"urlTemplate\":\"https:\/\/mspkuljetus.fi\/?s={search_term_string}\"},\"query-input\":{\"@type\":\"PropertyValueSpecification\",\"valueRequired\":true,\"valueName\":\"search_term_string\"}}],\"inLanguage\":\"en-GB\"}]}<\/script>\n<!-- \/ Yoast SEO plugin. -->","yoast_head_json":{"title":"Saariston m\u00f6kki\u00adl\u00e4isten palvelut | MSP Kuljetus | Ota yhteytt\u00e4","description":"Olemme r\u00e4\u00e4t\u00e4l\u00f6ineet erityisesti vapaa-ajan asumista helpottavia palveluja saariston m\u00f6kkil\u00e4isille. Kauttamme voit tilata henkil\u00f6- ja tavara...","robots":{"index":"index","follow":"follow","max-snippet":"max-snippet:-1","max-image-preview":"max-image-preview:large","max-video-preview":"max-video-preview:-1"},"canonical":"https:\/\/mspkuljetus.fi\/en\/saariston-mokkilaisten-palvelut\/","og_locale":"en_GB","og_type":"article","og_title":"Saariston m\u00f6kki\u00adl\u00e4isten palvelut | MSP Kuljetus | Ota yhteytt\u00e4","og_description":"Olemme r\u00e4\u00e4t\u00e4l\u00f6ineet erityisesti vapaa-ajan asumista helpottavia palveluja saariston m\u00f6kkil\u00e4isille. Kauttamme voit tilata henkil\u00f6- ja tavara...","og_url":"https:\/\/mspkuljetus.fi\/en\/saariston-mokkilaisten-palvelut\/","og_site_name":"MSP Kuljetus","article_modified_time":"2025-03-02T16:17:19+00:00","og_image":[{"width":1440,"height":1440,"url":"https:\/\/mspkuljetus.fi\/wp-content\/uploads\/2025\/02\/FB5E1221-BDDC-4CB6-A274-1FEADAA27ADC.jpg","type":"image\/jpeg"}],"twitter_card":"summary_large_image","twitter_misc":{"Estimated reading time":"2 minutes"},"schema":{"@context":"https:\/\/schema.org","@graph":[{"@type":"WebPage","@id":"https:\/\/mspkuljetus.fi\/saariston-mokkilaisten-palvelut\/","url":"https:\/\/mspkuljetus.fi\/saariston-mokkilaisten-palvelut\/","name":"Saariston m\u00f6kki\u00adl\u00e4isten palvelut | MSP Kuljetus | Ota yhteytt\u00e4","isPartOf":{"@id":"https:\/\/mspkuljetus.fi\/#website"},"primaryImageOfPage":{"@id":"https:\/\/mspkuljetus.fi\/saariston-mokkilaisten-palvelut\/#primaryimage"},"image":{"@id":"https:\/\/mspkuljetus.fi\/saariston-mokkilaisten-palvelut\/#primaryimage"},"thumbnailUrl":"https:\/\/mspkuljetus.fi\/wp-content\/uploads\/2025\/02\/FB5E1221-BDDC-4CB6-A274-1FEADAA27ADC.jpg","datePublished":"2025-01-15T08:12:13+00:00","dateModified":"2025-03-02T16:17:19+00:00","description":"Olemme r\u00e4\u00e4t\u00e4l\u00f6ineet erityisesti vapaa-ajan asumista helpottavia palveluja saariston m\u00f6kkil\u00e4isille. Kauttamme voit tilata henkil\u00f6- ja tavara...","breadcrumb":{"@id":"https:\/\/mspkuljetus.fi\/saariston-mokkilaisten-palvelut\/#breadcrumb"},"inLanguage":"en-GB","potentialAction":[{"@type":"ReadAction","target":["https:\/\/mspkuljetus.fi\/saariston-mokkilaisten-palvelut\/"]}]},{"@type":"ImageObject","inLanguage":"en-GB","@id":"https:\/\/mspkuljetus.fi\/saariston-mokkilaisten-palvelut\/#primaryimage","url":"https:\/\/mspkuljetus.fi\/wp-content\/uploads\/2025\/02\/FB5E1221-BDDC-4CB6-A274-1FEADAA27ADC.jpg","contentUrl":"https:\/\/mspkuljetus.fi\/wp-content\/uploads\/2025\/02\/FB5E1221-BDDC-4CB6-A274-1FEADAA27ADC.jpg","width":1440,"height":1440},{"@type":"BreadcrumbList","@id":"https:\/\/mspkuljetus.fi\/saariston-mokkilaisten-palvelut\/#breadcrumb","itemListElement":[{"@type":"ListItem","position":1,"name":"Etusivu","item":"https:\/\/mspkuljetus.fi\/"},{"@type":"ListItem","position":2,"name":"Saariston m\u00f6kkil\u00e4isten palvelut"}]},{"@type":"WebSite","@id":"https:\/\/mspkuljetus.fi\/#website","url":"https:\/\/mspkuljetus.fi\/","name":"MSP Kuljetus","description":"","potentialAction":[{"@type":"SearchAction","target":{"@type":"EntryPoint","urlTemplate":"https:\/\/mspkuljetus.fi\/?s={search_term_string}"},"query-input":{"@type":"PropertyValueSpecification","valueRequired":true,"valueName":"search_term_string"}}],"inLanguage":"en-GB"}]}},"_links":{"self":[{"href":"https:\/\/mspkuljetus.fi\/en\/wp-json\/wp\/v2\/pages\/794","targetHints":{"allow":["GET"]}}],"collection":[{"href":"https:\/\/mspkuljetus.fi\/en\/wp-json\/wp\/v2\/pages"}],"about":[{"href":"https:\/\/mspkuljetus.fi\/en\/wp-json\/wp\/v2\/types\/page"}],"author":[{"embeddable":true,"href":"https:\/\/mspkuljetus.fi\/en\/wp-json\/wp\/v2\/users\/1"}],"replies":[{"embeddable":true,"href":"https:\/\/mspkuljetus.fi\/en\/wp-json\/wp\/v2\/comments?post=794"}],"version-history":[{"count":37,"href":"https:\/\/mspkuljetus.fi\/en\/wp-json\/wp\/v2\/pages\/794\/revisions"}],"predecessor-version":[{"id":1415,"href":"https:\/\/mspkuljetus.fi\/en\/wp-json\/wp\/v2\/pages\/794\/revisions\/1415"}],"wp:featuredmedia":[{"embeddable":true,"href":"https:\/\/mspkuljetus.fi\/en\/wp-json\/wp\/v2\/media\/1292"}],"wp:attachment":[{"href":"https:\/\/mspkuljetus.fi\/en\/wp-json\/wp\/v2\/media?parent=794"}],"curies":[{"name":"wp","href":"https:\/\/api.w.org\/{rel}","templated":true}]}}