{"id":740,"date":"2025-01-15T07:58:42","date_gmt":"2025-01-15T07:58:42","guid":{"rendered":"https:\/\/mspkuljetus.fi\/?page_id=740"},"modified":"2025-03-02T15:27:38","modified_gmt":"2025-03-02T15:27:38","slug":"maa-ja-merirakentaminen","status":"publish","type":"page","link":"https:\/\/mspkuljetus.fi\/en\/maa-ja-merirakentaminen\/","title":{"rendered":"Civil and marine construction"},"content":{"rendered":"<div data-elementor-type=\"wp-page\" data-elementor-id=\"740\" class=\"elementor elementor-740\" data-elementor-post-type=\"page\">\n\t\t\t\t<div class=\"elementor-element elementor-element-d1e1733 e-flex e-con-boxed e-con e-parent\" data-id=\"d1e1733\" data-element_type=\"container\" data-settings=\"{&quot;background_background&quot;:&quot;classic&quot;}\">\n\t\t\t\t\t<div class=\"e-con-inner\">\n\t\t<div class=\"elementor-element elementor-element-5144830 e-con-full e-flex e-con e-child\" data-id=\"5144830\" data-element_type=\"container\">\n\t\t\t\t<div class=\"elementor-element elementor-element-12f28b1 elementor-align-center elementor-widget elementor-widget-button\" data-id=\"12f28b1\" data-element_type=\"widget\" data-widget_type=\"button.default\">\n\t\t\t\t<div class=\"elementor-widget-container\">\n\t\t\t\t\t\t\t\t\t<div class=\"elementor-button-wrapper\">\n\t\t\t\t\t<a class=\"elementor-button elementor-size-sm\" role=\"button\">\n\t\t\t\t\t\t<span class=\"elementor-button-content-wrapper\">\n\t\t\t\t\t\t\t\t\t<span class=\"elementor-button-text\">MSP Transport Ltd.<\/span>\n\t\t\t\t\t<\/span>\n\t\t\t\t\t<\/a>\n\t\t\t\t<\/div>\n\t\t\t\t\t\t\t\t<\/div>\n\t\t\t\t<\/div>\n\t\t\t\t<div class=\"elementor-element elementor-element-df7f7ad elementor-widget elementor-widget-heading\" data-id=\"df7f7ad\" data-element_type=\"widget\" data-widget_type=\"heading.default\">\n\t\t\t\t<div class=\"elementor-widget-container\">\n\t\t\t\t\t<h2 class=\"elementor-heading-title elementor-size-default\">Civil and marine construction in the Turku archipelago<\/h2>\t\t\t\t<\/div>\n\t\t\t\t<\/div>\n\t\t\t\t<\/div>\n\t\t\t\t\t<\/div>\n\t\t\t\t<\/div>\n\t\t<div class=\"elementor-element elementor-element-aeffbe3 e-con-full e-flex e-con e-parent\" data-id=\"aeffbe3\" data-element_type=\"container\">\n\t\t<div class=\"elementor-element elementor-element-a8ecdbc e-con-full e-flex e-con e-child\" data-id=\"a8ecdbc\" data-element_type=\"container\">\n\t\t<div class=\"elementor-element elementor-element-8aa8b31 e-con-full e-flex e-con e-child\" data-id=\"8aa8b31\" data-element_type=\"container\">\n\t\t<div class=\"elementor-element elementor-element-0850880 e-con-full e-flex e-con e-child\" data-id=\"0850880\" data-element_type=\"container\">\n\t\t\t\t<div class=\"elementor-element elementor-element-4e550f8 elementor-widget elementor-widget-heading\" data-id=\"4e550f8\" data-element_type=\"widget\" data-widget_type=\"heading.default\">\n\t\t\t\t<div class=\"elementor-widget-container\">\n\t\t\t\t\t<h2 class=\"elementor-heading-title elementor-size-default\">Civil and marine construction\n<\/h2>\t\t\t\t<\/div>\n\t\t\t\t<\/div>\n\t\t\t\t<div class=\"elementor-element elementor-element-4e19f10 elementor-widget elementor-widget-heading\" data-id=\"4e19f10\" data-element_type=\"widget\" data-widget_type=\"heading.default\">\n\t\t\t\t<div class=\"elementor-widget-container\">\n\t\t\t\t\t<h2 class=\"elementor-heading-title elementor-size-default\">We help the archipelago's residents and leisure visitors with various civil and marine construction projects.\n<\/h2>\t\t\t\t<\/div>\n\t\t\t\t<\/div>\n\t\t\t\t<div class=\"elementor-element elementor-element-14fd64b elementor-widget elementor-widget-text-editor\" data-id=\"14fd64b\" data-element_type=\"widget\" data-widget_type=\"text-editor.default\">\n\t\t\t\t<div class=\"elementor-widget-container\">\n\t\t\t\t\t\t\t\t\t<p>We help archipelago residents and summer cottagers with various construction projects. Construction assistance is available for both land and sea. We have created an extensive cooperation network where help can be found for small and large projects.<\/p>\t\t\t\t\t\t\t\t<\/div>\n\t\t\t\t<\/div>\n\t\t\t\t<div class=\"elementor-element elementor-element-8f992bf elementor-widget elementor-widget-heading\" data-id=\"8f992bf\" data-element_type=\"widget\" data-widget_type=\"heading.default\">\n\t\t\t\t<div class=\"elementor-widget-container\">\n\t\t\t\t\t<h2 class=\"elementor-heading-title elementor-size-default\">Boat buoys and private fairways and harbors' capes<\/h2>\t\t\t\t<\/div>\n\t\t\t\t<\/div>\n\t\t\t\t<div class=\"elementor-element elementor-element-59a0386 elementor-widget elementor-widget-text-editor\" data-id=\"59a0386\" data-element_type=\"widget\" data-widget_type=\"text-editor.default\">\n\t\t\t\t<div class=\"elementor-widget-container\">\n\t\t\t\t\t\t\t\t\t<p>We provide boat buoys and other buoy and dock accessories. We take care of buoy installations, chain replacements and inspections.<\/p><p>Blue and white private fairway signs installed by us.<\/p>\t\t\t\t\t\t\t\t<\/div>\n\t\t\t\t<\/div>\n\t\t<div class=\"elementor-element elementor-element-84e961b e-con-full e-flex e-con e-child\" data-id=\"84e961b\" data-element_type=\"container\">\n\t\t\t\t<div class=\"elementor-element elementor-element-599fba7 elementor-align-left elementor-mobile-align-center elementor-widget elementor-widget-button\" data-id=\"599fba7\" data-element_type=\"widget\" data-widget_type=\"button.default\">\n\t\t\t\t<div class=\"elementor-widget-container\">\n\t\t\t\t\t\t\t\t\t<div class=\"elementor-button-wrapper\">\n\t\t\t\t\t<a class=\"elementor-button elementor-button-link elementor-size-sm\" href=\"https:\/\/mspkuljetus.fi\/en\/?page_id=866\">\n\t\t\t\t\t\t<span class=\"elementor-button-content-wrapper\">\n\t\t\t\t\t\t\t\t\t<span class=\"elementor-button-text\">Contact us \u00bb<\/span>\n\t\t\t\t\t<\/span>\n\t\t\t\t\t<\/a>\n\t\t\t\t<\/div>\n\t\t\t\t\t\t\t\t<\/div>\n\t\t\t\t<\/div>\n\t\t\t\t<\/div>\n\t\t\t\t<\/div>\n\t\t<div class=\"elementor-element elementor-element-8644874 e-con-full e-flex e-con e-child\" data-id=\"8644874\" data-element_type=\"container\">\n\t\t\t\t<div class=\"elementor-element elementor-element-1214d76 elementor-widget elementor-widget-image\" data-id=\"1214d76\" data-element_type=\"widget\" data-widget_type=\"image.default\">\n\t\t\t\t<div class=\"elementor-widget-container\">\n\t\t\t\t\t\t\t\t\t\t\t\t\t\t\t<img fetchpriority=\"high\" decoding=\"async\" width=\"1280\" height=\"720\" src=\"https:\/\/mspkuljetus.fi\/wp-content\/uploads\/2025\/03\/Esitys1.jpg\" class=\"attachment-1536x1536 size-1536x1536 wp-image-1385\" alt=\"\" srcset=\"https:\/\/mspkuljetus.fi\/wp-content\/uploads\/2025\/03\/Esitys1.jpg 1280w, https:\/\/mspkuljetus.fi\/wp-content\/uploads\/2025\/03\/Esitys1-300x169.jpg 300w, https:\/\/mspkuljetus.fi\/wp-content\/uploads\/2025\/03\/Esitys1-1024x576.jpg 1024w, https:\/\/mspkuljetus.fi\/wp-content\/uploads\/2025\/03\/Esitys1-768x432.jpg 768w\" sizes=\"(max-width: 1280px) 100vw, 1280px\" \/>\t\t\t\t\t\t\t\t\t\t\t\t\t\t\t<\/div>\n\t\t\t\t<\/div>\n\t\t\t\t<\/div>\n\t\t\t\t<\/div>\n\t\t\t\t<\/div>\n\t\t\t\t<\/div>\n\t\t<div class=\"elementor-element elementor-element-019113c e-con-full e-flex e-con e-parent\" data-id=\"019113c\" data-element_type=\"container\" data-settings=\"{&quot;background_background&quot;:&quot;classic&quot;}\">\n\t\t<div class=\"elementor-element elementor-element-074cd9f e-con-full e-flex e-con e-child\" data-id=\"074cd9f\" data-element_type=\"container\">\n\t\t<div class=\"elementor-element elementor-element-2fdba65 e-con-full e-flex e-con e-child\" data-id=\"2fdba65\" data-element_type=\"container\">\n\t\t<div class=\"elementor-element elementor-element-a5ef34f e-con-full e-flex e-con e-child\" data-id=\"a5ef34f\" data-element_type=\"container\" data-settings=\"{&quot;background_background&quot;:&quot;classic&quot;}\">\n\t\t\t\t<\/div>\n\t\t<div class=\"elementor-element elementor-element-4c2b71d e-con-full e-flex e-con e-child\" data-id=\"4c2b71d\" data-element_type=\"container\">\n\t\t\t\t<div class=\"elementor-element elementor-element-0a7a779 elementor-widget elementor-widget-heading\" data-id=\"0a7a779\" data-element_type=\"widget\" data-widget_type=\"heading.default\">\n\t\t\t\t<div class=\"elementor-widget-container\">\n\t\t\t\t\t<h2 class=\"elementor-heading-title elementor-size-default\">Renovation assistance in the Archipelago Sea<\/h2>\t\t\t\t<\/div>\n\t\t\t\t<\/div>\n\t\t\t\t<div class=\"elementor-element elementor-element-a6eed3c elementor-widget elementor-widget-text-editor\" data-id=\"a6eed3c\" data-element_type=\"widget\" data-widget_type=\"text-editor.default\">\n\t\t\t\t<div class=\"elementor-widget-container\">\n\t\t\t\t\t\t\t\t\t<p>We are involved in all kinds of construction projects in the Archipelago Sea area. With our extensive partnership network, you can get help from us with building piers, felling trees, transporting materials and various excavator works.<\/p>\t\t\t\t\t\t\t\t<\/div>\n\t\t\t\t<\/div>\n\t\t\t\t<div class=\"elementor-element elementor-element-1877d11 elementor-widget elementor-widget-text-editor\" data-id=\"1877d11\" data-element_type=\"widget\" data-widget_type=\"text-editor.default\">\n\t\t\t\t<div class=\"elementor-widget-container\">\n\t\t\t\t\t\t\t\t\t<p>Read more about the services aimed at archipelago residents and summer cottage owners.\u00a0<\/p>\t\t\t\t\t\t\t\t<\/div>\n\t\t\t\t<\/div>\n\t\t\t\t<div class=\"elementor-element elementor-element-53d0648 elementor-align-left elementor-mobile-align-center elementor-widget elementor-widget-button\" data-id=\"53d0648\" data-element_type=\"widget\" data-widget_type=\"button.default\">\n\t\t\t\t<div class=\"elementor-widget-container\">\n\t\t\t\t\t\t\t\t\t<div class=\"elementor-button-wrapper\">\n\t\t\t\t\t<a class=\"elementor-button elementor-button-link elementor-size-sm\" href=\"https:\/\/mspkuljetus.fi\/en\/?page_id=866\">\n\t\t\t\t\t\t<span class=\"elementor-button-content-wrapper\">\n\t\t\t\t\t\t\t\t\t<span class=\"elementor-button-text\">Contact us \u00bb<\/span>\n\t\t\t\t\t<\/span>\n\t\t\t\t\t<\/a>\n\t\t\t\t<\/div>\n\t\t\t\t\t\t\t\t<\/div>\n\t\t\t\t<\/div>\n\t\t\t\t<\/div>\n\t\t\t\t<\/div>\n\t\t\t\t<\/div>\n\t\t\t\t<\/div>\n\t\t<div class=\"elementor-element elementor-element-5dcd8d3 e-con-full e-flex e-con e-parent\" data-id=\"5dcd8d3\" data-element_type=\"container\">\n\t\t<div class=\"elementor-element elementor-element-f79d884 e-con-full e-flex e-con e-child\" data-id=\"f79d884\" data-element_type=\"container\">\n\t\t<div class=\"elementor-element elementor-element-94c7147 e-con-full e-flex e-con e-child\" data-id=\"94c7147\" data-element_type=\"container\">\n\t\t<div class=\"elementor-element elementor-element-a241778 e-con-full e-flex e-con e-child\" data-id=\"a241778\" data-element_type=\"container\">\n\t\t<div class=\"elementor-element elementor-element-8205ad6 e-con-full e-flex e-con e-child\" data-id=\"8205ad6\" data-element_type=\"container\">\n\t\t\t\t<div class=\"elementor-element elementor-element-58c80af elementor-widget elementor-widget-heading\" data-id=\"58c80af\" data-element_type=\"widget\" data-widget_type=\"heading.default\">\n\t\t\t\t<div class=\"elementor-widget-container\">\n\t\t\t\t\t<h2 class=\"elementor-heading-title elementor-size-default\">Rent a ferry from us!\n\n<\/h2>\t\t\t\t<\/div>\n\t\t\t\t<\/div>\n\t\t\t\t<div class=\"elementor-element elementor-element-517f73c elementor-widget elementor-widget-text-editor\" data-id=\"517f73c\" data-element_type=\"widget\" data-widget_type=\"text-editor.default\">\n\t\t\t\t<div class=\"elementor-widget-container\">\n\t\t\t\t\t\t\t\t\t<p>You can rent a transport ferry from us for small transports. The ferry is light and easy to tow even with a small boat. The load capacity is approximately 1500kg.<\/p><p>The cheapest way to transport goods to the island is to rent a ferry from us on a daily basis. The rental starts when the ferry is picked up from our home port, Ahteentaa in Rym\u00e4ttyl\u00e4, and ends when the ferry returns. Daily rental starts at 140\u20ac. Also ask for a quote for towing the ferry.<\/p>\t\t\t\t\t\t\t\t<\/div>\n\t\t\t\t<\/div>\n\t\t<div class=\"elementor-element elementor-element-a87c482 e-con-full e-flex e-con e-child\" data-id=\"a87c482\" data-element_type=\"container\">\n\t\t\t\t<div class=\"elementor-element elementor-element-959d9ad elementor-align-left elementor-mobile-align-center elementor-widget elementor-widget-button\" data-id=\"959d9ad\" data-element_type=\"widget\" data-widget_type=\"button.default\">\n\t\t\t\t<div class=\"elementor-widget-container\">\n\t\t\t\t\t\t\t\t\t<div class=\"elementor-button-wrapper\">\n\t\t\t\t\t<a class=\"elementor-button elementor-button-link elementor-size-sm\" href=\"https:\/\/mspkuljetus.fi\/en\/?page_id=866\">\n\t\t\t\t\t\t<span class=\"elementor-button-content-wrapper\">\n\t\t\t\t\t\t\t\t\t<span class=\"elementor-button-text\">Contact us \u00bb<\/span>\n\t\t\t\t\t<\/span>\n\t\t\t\t\t<\/a>\n\t\t\t\t<\/div>\n\t\t\t\t\t\t\t\t<\/div>\n\t\t\t\t<\/div>\n\t\t\t\t<\/div>\n\t\t\t\t<\/div>\n\t\t\t\t<\/div>\n\t\t<div class=\"elementor-element elementor-element-0e06aa6 e-con-full e-flex e-con e-child\" data-id=\"0e06aa6\" data-element_type=\"container\" data-settings=\"{&quot;background_background&quot;:&quot;classic&quot;}\">\n\t\t\t\t<\/div>\n\t\t\t\t<\/div>\n\t\t\t\t<\/div>\n\t\t\t\t<\/div>\n\t\t<div class=\"elementor-element elementor-element-55340bf e-flex e-con-boxed e-con e-parent\" data-id=\"55340bf\" data-element_type=\"container\">\n\t\t\t\t\t<div class=\"e-con-inner\">\n\t\t\t\t<div class=\"elementor-element elementor-element-421fabc elementor-widget elementor-widget-image\" data-id=\"421fabc\" data-element_type=\"widget\" data-widget_type=\"image.default\">\n\t\t\t\t<div class=\"elementor-widget-container\">\n\t\t\t\t\t\t\t\t\t\t\t\t\t\t\t<img decoding=\"async\" width=\"800\" height=\"379\" src=\"https:\/\/mspkuljetus.fi\/wp-content\/uploads\/2025\/02\/IMG_6315-1-scaled-e1740927614193-1024x485.jpg\" class=\"attachment-large size-large wp-image-1286\" alt=\"\" srcset=\"https:\/\/mspkuljetus.fi\/wp-content\/uploads\/2025\/02\/IMG_6315-1-scaled-e1740927614193-1024x485.jpg 1024w, https:\/\/mspkuljetus.fi\/wp-content\/uploads\/2025\/02\/IMG_6315-1-scaled-e1740927614193-300x142.jpg 300w, https:\/\/mspkuljetus.fi\/wp-content\/uploads\/2025\/02\/IMG_6315-1-scaled-e1740927614193-768x364.jpg 768w, https:\/\/mspkuljetus.fi\/wp-content\/uploads\/2025\/02\/IMG_6315-1-scaled-e1740927614193-1536x728.jpg 1536w, https:\/\/mspkuljetus.fi\/wp-content\/uploads\/2025\/02\/IMG_6315-1-scaled-e1740927614193-2048x970.jpg 2048w\" sizes=\"(max-width: 800px) 100vw, 800px\" \/>\t\t\t\t\t\t\t\t\t\t\t\t\t\t\t<\/div>\n\t\t\t\t<\/div>\n\t\t\t\t\t<\/div>\n\t\t\t\t<\/div>\n\t\t\t\t<\/div>","protected":false},"excerpt":{"rendered":"<p>MSP-Kuljetus Oy Maa- ja meri\u00adrakenta\u00adminen Turun saaris\u00adtossa Maa- ja merirakentaminen Autamme saariston asukkaita ja vapaa-ajan vierailijoita erilaisissa maa- ja merirakennusurakoissa. Autamme saariston asukkaita ja kes\u00e4m\u00f6kkil\u00e4isi\u00e4 erilaisissa rakennusurakoissa. Rakennusapua on saatavilla niin maalle kuin merelle. Olemme luoneet laajan yhteisty\u00f6verkoston, josta l\u00f6ytyy apua pieniin ja suuriin kohteisiin. Venepoijut ja yksityisten v\u00e4ylien ja satamien viitat Saat meilt\u00e4 venepoijut [&hellip;]<\/p>","protected":false},"author":1,"featured_media":1285,"parent":0,"menu_order":0,"comment_status":"closed","ping_status":"closed","template":"","meta":{"footnotes":""},"class_list":["post-740","page","type-page","status-publish","has-post-thumbnail","hentry"],"yoast_head":"<!-- This site is optimized with the Yoast SEO plugin v24.5 - https:\/\/yoast.com\/wordpress\/plugins\/seo\/ -->\n<title>Maa- ja meri\u00adrakenta\u00adminen Turun saaris\u00adtossa | MSP Kuljetus<\/title>\n<meta name=\"description\" content=\"Autamme saariston asukkaita ja kes\u00e4m\u00f6kkil\u00e4isi\u00e4 erilaisissa rakennusurakoissa. Rakennusapua on saatavilla niin maalle kuin merelle.\" \/>\n<meta name=\"robots\" content=\"index, follow, max-snippet:-1, max-image-preview:large, max-video-preview:-1\" \/>\n<link rel=\"canonical\" href=\"https:\/\/mspkuljetus.fi\/en\/maa-ja-merirakentaminen\/\" \/>\n<meta property=\"og:locale\" content=\"en_GB\" \/>\n<meta property=\"og:type\" content=\"article\" \/>\n<meta property=\"og:title\" content=\"Maa- ja meri\u00adrakenta\u00adminen Turun saaris\u00adtossa | MSP Kuljetus\" \/>\n<meta property=\"og:description\" content=\"Autamme saariston asukkaita ja kes\u00e4m\u00f6kkil\u00e4isi\u00e4 erilaisissa rakennusurakoissa. Rakennusapua on saatavilla niin maalle kuin merelle.\" \/>\n<meta property=\"og:url\" content=\"https:\/\/mspkuljetus.fi\/en\/maa-ja-merirakentaminen\/\" \/>\n<meta property=\"og:site_name\" content=\"MSP Kuljetus\" \/>\n<meta property=\"article:modified_time\" content=\"2025-03-02T15:27:38+00:00\" \/>\n<meta name=\"twitter:card\" content=\"summary_large_image\" \/>\n<meta name=\"twitter:label1\" content=\"Estimated reading time\" \/>\n\t<meta name=\"twitter:data1\" content=\"2 minutes\" \/>\n<script type=\"application\/ld+json\" class=\"yoast-schema-graph\">{\"@context\":\"https:\/\/schema.org\",\"@graph\":[{\"@type\":\"WebPage\",\"@id\":\"https:\/\/mspkuljetus.fi\/maa-ja-merirakentaminen\/\",\"url\":\"https:\/\/mspkuljetus.fi\/maa-ja-merirakentaminen\/\",\"name\":\"Maa- ja meri\u00adrakenta\u00adminen Turun saaris\u00adtossa | MSP Kuljetus\",\"isPartOf\":{\"@id\":\"https:\/\/mspkuljetus.fi\/#website\"},\"primaryImageOfPage\":{\"@id\":\"https:\/\/mspkuljetus.fi\/maa-ja-merirakentaminen\/#primaryimage\"},\"image\":{\"@id\":\"https:\/\/mspkuljetus.fi\/maa-ja-merirakentaminen\/#primaryimage\"},\"thumbnailUrl\":\"https:\/\/mspkuljetus.fi\/wp-content\/uploads\/2025\/02\/IMG_9801-scaled.jpg\",\"datePublished\":\"2025-01-15T07:58:42+00:00\",\"dateModified\":\"2025-03-02T15:27:38+00:00\",\"description\":\"Autamme saariston asukkaita ja kes\u00e4m\u00f6kkil\u00e4isi\u00e4 erilaisissa rakennusurakoissa. Rakennusapua on saatavilla niin maalle kuin merelle.\",\"breadcrumb\":{\"@id\":\"https:\/\/mspkuljetus.fi\/maa-ja-merirakentaminen\/#breadcrumb\"},\"inLanguage\":\"en-GB\",\"potentialAction\":[{\"@type\":\"ReadAction\",\"target\":[\"https:\/\/mspkuljetus.fi\/maa-ja-merirakentaminen\/\"]}]},{\"@type\":\"ImageObject\",\"inLanguage\":\"en-GB\",\"@id\":\"https:\/\/mspkuljetus.fi\/maa-ja-merirakentaminen\/#primaryimage\",\"url\":\"https:\/\/mspkuljetus.fi\/wp-content\/uploads\/2025\/02\/IMG_9801-scaled.jpg\",\"contentUrl\":\"https:\/\/mspkuljetus.fi\/wp-content\/uploads\/2025\/02\/IMG_9801-scaled.jpg\",\"width\":2560,\"height\":1920},{\"@type\":\"BreadcrumbList\",\"@id\":\"https:\/\/mspkuljetus.fi\/maa-ja-merirakentaminen\/#breadcrumb\",\"itemListElement\":[{\"@type\":\"ListItem\",\"position\":1,\"name\":\"Etusivu\",\"item\":\"https:\/\/mspkuljetus.fi\/\"},{\"@type\":\"ListItem\",\"position\":2,\"name\":\"Maa- ja merirakentaminen\"}]},{\"@type\":\"WebSite\",\"@id\":\"https:\/\/mspkuljetus.fi\/#website\",\"url\":\"https:\/\/mspkuljetus.fi\/\",\"name\":\"MSP Kuljetus\",\"description\":\"\",\"potentialAction\":[{\"@type\":\"SearchAction\",\"target\":{\"@type\":\"EntryPoint\",\"urlTemplate\":\"https:\/\/mspkuljetus.fi\/?s={search_term_string}\"},\"query-input\":{\"@type\":\"PropertyValueSpecification\",\"valueRequired\":true,\"valueName\":\"search_term_string\"}}],\"inLanguage\":\"en-GB\"}]}<\/script>\n<!-- \/ Yoast SEO plugin. -->","yoast_head_json":{"title":"Maa- ja meri\u00adrakenta\u00adminen Turun saaris\u00adtossa | MSP Kuljetus","description":"Autamme saariston asukkaita ja kes\u00e4m\u00f6kkil\u00e4isi\u00e4 erilaisissa rakennusurakoissa. Rakennusapua on saatavilla niin maalle kuin merelle.","robots":{"index":"index","follow":"follow","max-snippet":"max-snippet:-1","max-image-preview":"max-image-preview:large","max-video-preview":"max-video-preview:-1"},"canonical":"https:\/\/mspkuljetus.fi\/en\/maa-ja-merirakentaminen\/","og_locale":"en_GB","og_type":"article","og_title":"Maa- ja meri\u00adrakenta\u00adminen Turun saaris\u00adtossa | MSP Kuljetus","og_description":"Autamme saariston asukkaita ja kes\u00e4m\u00f6kkil\u00e4isi\u00e4 erilaisissa rakennusurakoissa. Rakennusapua on saatavilla niin maalle kuin merelle.","og_url":"https:\/\/mspkuljetus.fi\/en\/maa-ja-merirakentaminen\/","og_site_name":"MSP Kuljetus","article_modified_time":"2025-03-02T15:27:38+00:00","twitter_card":"summary_large_image","twitter_misc":{"Estimated reading time":"2 minutes"},"schema":{"@context":"https:\/\/schema.org","@graph":[{"@type":"WebPage","@id":"https:\/\/mspkuljetus.fi\/maa-ja-merirakentaminen\/","url":"https:\/\/mspkuljetus.fi\/maa-ja-merirakentaminen\/","name":"Maa- ja meri\u00adrakenta\u00adminen Turun saaris\u00adtossa | MSP Kuljetus","isPartOf":{"@id":"https:\/\/mspkuljetus.fi\/#website"},"primaryImageOfPage":{"@id":"https:\/\/mspkuljetus.fi\/maa-ja-merirakentaminen\/#primaryimage"},"image":{"@id":"https:\/\/mspkuljetus.fi\/maa-ja-merirakentaminen\/#primaryimage"},"thumbnailUrl":"https:\/\/mspkuljetus.fi\/wp-content\/uploads\/2025\/02\/IMG_9801-scaled.jpg","datePublished":"2025-01-15T07:58:42+00:00","dateModified":"2025-03-02T15:27:38+00:00","description":"Autamme saariston asukkaita ja kes\u00e4m\u00f6kkil\u00e4isi\u00e4 erilaisissa rakennusurakoissa. Rakennusapua on saatavilla niin maalle kuin merelle.","breadcrumb":{"@id":"https:\/\/mspkuljetus.fi\/maa-ja-merirakentaminen\/#breadcrumb"},"inLanguage":"en-GB","potentialAction":[{"@type":"ReadAction","target":["https:\/\/mspkuljetus.fi\/maa-ja-merirakentaminen\/"]}]},{"@type":"ImageObject","inLanguage":"en-GB","@id":"https:\/\/mspkuljetus.fi\/maa-ja-merirakentaminen\/#primaryimage","url":"https:\/\/mspkuljetus.fi\/wp-content\/uploads\/2025\/02\/IMG_9801-scaled.jpg","contentUrl":"https:\/\/mspkuljetus.fi\/wp-content\/uploads\/2025\/02\/IMG_9801-scaled.jpg","width":2560,"height":1920},{"@type":"BreadcrumbList","@id":"https:\/\/mspkuljetus.fi\/maa-ja-merirakentaminen\/#breadcrumb","itemListElement":[{"@type":"ListItem","position":1,"name":"Etusivu","item":"https:\/\/mspkuljetus.fi\/"},{"@type":"ListItem","position":2,"name":"Maa- ja merirakentaminen"}]},{"@type":"WebSite","@id":"https:\/\/mspkuljetus.fi\/#website","url":"https:\/\/mspkuljetus.fi\/","name":"MSP Kuljetus","description":"","potentialAction":[{"@type":"SearchAction","target":{"@type":"EntryPoint","urlTemplate":"https:\/\/mspkuljetus.fi\/?s={search_term_string}"},"query-input":{"@type":"PropertyValueSpecification","valueRequired":true,"valueName":"search_term_string"}}],"inLanguage":"en-GB"}]}},"_links":{"self":[{"href":"https:\/\/mspkuljetus.fi\/en\/wp-json\/wp\/v2\/pages\/740","targetHints":{"allow":["GET"]}}],"collection":[{"href":"https:\/\/mspkuljetus.fi\/en\/wp-json\/wp\/v2\/pages"}],"about":[{"href":"https:\/\/mspkuljetus.fi\/en\/wp-json\/wp\/v2\/types\/page"}],"author":[{"embeddable":true,"href":"https:\/\/mspkuljetus.fi\/en\/wp-json\/wp\/v2\/users\/1"}],"replies":[{"embeddable":true,"href":"https:\/\/mspkuljetus.fi\/en\/wp-json\/wp\/v2\/comments?post=740"}],"version-history":[{"count":70,"href":"https:\/\/mspkuljetus.fi\/en\/wp-json\/wp\/v2\/pages\/740\/revisions"}],"predecessor-version":[{"id":1388,"href":"https:\/\/mspkuljetus.fi\/en\/wp-json\/wp\/v2\/pages\/740\/revisions\/1388"}],"wp:featuredmedia":[{"embeddable":true,"href":"https:\/\/mspkuljetus.fi\/en\/wp-json\/wp\/v2\/media\/1285"}],"wp:attachment":[{"href":"https:\/\/mspkuljetus.fi\/en\/wp-json\/wp\/v2\/media?parent=740"}],"curies":[{"name":"wp","href":"https:\/\/api.w.org\/{rel}","templated":true}]}}