{"id":627,"date":"2025-01-15T07:27:13","date_gmt":"2025-01-15T07:27:13","guid":{"rendered":"https:\/\/mspkuljetus.fi\/?page_id=627"},"modified":"2025-12-20T00:02:01","modified_gmt":"2025-12-20T00:02:01","slug":"ammattimerenkulun-palvelut","status":"publish","type":"page","link":"https:\/\/mspkuljetus.fi\/en\/ammattimerenkulun-palvelut\/","title":{"rendered":"Professional shipping services"},"content":{"rendered":"<div data-elementor-type=\"wp-page\" data-elementor-id=\"627\" class=\"elementor elementor-627\" data-elementor-post-type=\"page\">\n\t\t\t\t<div class=\"elementor-element elementor-element-d1e1733 e-flex e-con-boxed e-con e-parent\" data-id=\"d1e1733\" data-element_type=\"container\" data-settings=\"{&quot;background_background&quot;:&quot;classic&quot;}\">\n\t\t\t\t\t<div class=\"e-con-inner\">\n\t\t<div class=\"elementor-element elementor-element-5144830 e-con-full e-flex e-con e-child\" data-id=\"5144830\" data-element_type=\"container\">\n\t\t\t\t<div class=\"elementor-element elementor-element-12f28b1 elementor-align-center elementor-widget elementor-widget-button\" data-id=\"12f28b1\" data-element_type=\"widget\" data-widget_type=\"button.default\">\n\t\t\t\t<div class=\"elementor-widget-container\">\n\t\t\t\t\t\t\t\t\t<div class=\"elementor-button-wrapper\">\n\t\t\t\t\t<a class=\"elementor-button elementor-size-sm\" role=\"button\">\n\t\t\t\t\t\t<span class=\"elementor-button-content-wrapper\">\n\t\t\t\t\t\t\t\t\t<span class=\"elementor-button-text\">MSP Transport Ltd.<\/span>\n\t\t\t\t\t<\/span>\n\t\t\t\t\t<\/a>\n\t\t\t\t<\/div>\n\t\t\t\t\t\t\t\t<\/div>\n\t\t\t\t<\/div>\n\t\t\t\t<div class=\"elementor-element elementor-element-df7f7ad elementor-widget elementor-widget-heading\" data-id=\"df7f7ad\" data-element_type=\"widget\" data-widget_type=\"heading.default\">\n\t\t\t\t<div class=\"elementor-widget-container\">\n\t\t\t\t\t<h2 class=\"elementor-heading-title elementor-size-default\">Professional shipping services<\/h2>\t\t\t\t<\/div>\n\t\t\t\t<\/div>\n\t\t\t\t<\/div>\n\t\t\t\t\t<\/div>\n\t\t\t\t<\/div>\n\t\t<div class=\"elementor-element elementor-element-aeffbe3 e-con-full e-flex e-con e-parent\" data-id=\"aeffbe3\" data-element_type=\"container\">\n\t\t<div class=\"elementor-element elementor-element-a8ecdbc e-con-full e-flex e-con e-child\" data-id=\"a8ecdbc\" data-element_type=\"container\">\n\t\t<div class=\"elementor-element elementor-element-8aa8b31 e-con-full e-flex e-con e-child\" data-id=\"8aa8b31\" data-element_type=\"container\">\n\t\t<div class=\"elementor-element elementor-element-8644874 e-con-full e-flex e-con e-child\" data-id=\"8644874\" data-element_type=\"container\">\n\t\t<div class=\"elementor-element elementor-element-0850880 e-con-full e-flex e-con e-child\" data-id=\"0850880\" data-element_type=\"container\">\n\t\t\t\t<div class=\"elementor-element elementor-element-4e550f8 elementor-widget elementor-widget-heading\" data-id=\"4e550f8\" data-element_type=\"widget\" data-widget_type=\"heading.default\">\n\t\t\t\t<div class=\"elementor-widget-container\">\n\t\t\t\t\t<h2 class=\"elementor-heading-title elementor-size-default\">SERVICES FOR PROFESSIONALS\n<\/h2>\t\t\t\t<\/div>\n\t\t\t\t<\/div>\n\t\t<div class=\"elementor-element elementor-element-84e961b e-con-full e-flex e-con e-child\" data-id=\"84e961b\" data-element_type=\"container\">\n\t\t\t\t<div class=\"elementor-element elementor-element-599fba7 elementor-align-left elementor-mobile-align-center elementor-widget elementor-widget-button\" data-id=\"599fba7\" data-element_type=\"widget\" data-widget_type=\"button.default\">\n\t\t\t\t<div class=\"elementor-widget-container\">\n\t\t\t\t\t\t\t\t\t<div class=\"elementor-button-wrapper\">\n\t\t\t\t\t<a class=\"elementor-button elementor-button-link elementor-size-sm\" href=\"https:\/\/mspkuljetus.fi\/en\/?page_id=866\">\n\t\t\t\t\t\t<span class=\"elementor-button-content-wrapper\">\n\t\t\t\t\t\t\t\t\t<span class=\"elementor-button-text\">Contact us \u00bb<\/span>\n\t\t\t\t\t<\/span>\n\t\t\t\t\t<\/a>\n\t\t\t\t<\/div>\n\t\t\t\t\t\t\t\t<\/div>\n\t\t\t\t<\/div>\n\t\t\t\t<\/div>\n\t\t\t\t<div class=\"elementor-element elementor-element-14fd64b elementor-widget elementor-widget-text-editor\" data-id=\"14fd64b\" data-element_type=\"widget\" data-widget_type=\"text-editor.default\">\n\t\t\t\t<div class=\"elementor-widget-container\">\n\t\t\t\t\t\t\t\t\t<h2><strong>MIEHISTONVAIHDOT, HUOLTOMIESTEN JA VARAOSIEN KULJETUKSET\u00a0<\/strong><\/h2><p>MSP-Kuljetus Oy tarjoaa kokonaisvaltaiset palvelut alusten miehist\u00f6nvaihtoihin, sek\u00e4 huoltomiesten ja varosien toimituksiin. Toimimme tehokkaastisatamissa ja merellisess\u00e4 toimintaymp\u00e4rist\u00f6ss\u00e4, jossa luotettavuus, nopea reagointi ja aikataulujen pit\u00e4vyys on ensiarvoisen t\u00e4rke\u00e4\u00e4.<\/p><p>Vastaamme miehist\u00f6n sujuvista siirroista aluksille ja aluksilta, huoltomiesten kuljetuksista ty\u00f6teht\u00e4viin sek\u00e4 varaosien ja tarvikkeiden toimituksista suoraan laivalle tai satama-alueelle. Palvelumme mukautuvat asiakkaan tarpeisiin ja ovat saatavilla my\u00f6s kiireisiss\u00e4 tilanteissa.<\/p><p>Vuosien kokemus aluksista, satamatoiminnoista ja logistiikasta takaa toimivan kokonaisuuden ja selke\u00e4n viestinn\u00e4n kaikissa toimitusvaiheissa.<\/p><h3>MSP-KULJETUS OY &#8211; Varma kumppani miehist\u00f6nvaihtoihin ja alusten huoltologistiikkaan.<\/h3><h2>ALUSTEN NOSTOLAITETARKASTUKSET<\/h2><p>Tarjoamme asiantuntevat ja luotettavat alusten nostolaitetarkastukset voimassa olevien m\u00e4\u00e4r\u00e4ysten ja standardien mukaisesti. Tarkastukset kattavat alusten nosturit, vinssit, puomit, nostimet, sek\u00e4 niihin liittyv\u00e4t vaijerit, ketjut ja turvalaitteet. Tarkastustoimintamme perustuu vankkaan k\u00e4yt\u00e4nn\u00f6n kokemukseen merellisess\u00e4 toimintaymp\u00e4rist\u00f6ss\u00e4, jossa olosuhteet asettavat erityisi\u00e4 vaatimuksia laitteiden turvallisuudelle ja toimintavarmuudelle. Suoritamme m\u00e4\u00e4r\u00e4aikaistarkastukset, k\u00e4ytt\u00f6\u00f6nottotarkastukset sek\u00e4 tarvittaessa erikoistarkastukset ja kuormakokeet.<\/p><p>Tarkastusten yhteydess\u00e4 laadimme selke\u00e4t ja dokumentoidut tarkastusp\u00f6yt\u00e4kirjat, jotka t\u00e4ytt\u00e4v\u00e4t viranomais- ja luokituslaitosvaatimukset. Tavoitteenamme on varmistaa laitteiden turvallinen k\u00e4ytt\u00f6, ennaltaehk\u00e4ist\u00e4 vaurioita sek\u00e4 tukea alusten sujuvaa ja keskeytykset\u00f6nt\u00e4 toimintaa.<\/p><h3>MSP-KULJETUS OY &#8211; Turvallisuutta ja luotettavuutta nostolaitetarkastuksiin<\/h3><p>Nostolaitetarkastus asioissa ota yhteys tarkastajaamme.<\/p><p><strong>Henry Sahlberg<\/strong><\/p><p><strong>040 525 2083<\/strong><\/p><p><a href=\"mailto:tarkastukset@mspkuljetus.fi\"><strong>tarkastukset@mspkuljetus.fi<\/strong><\/a><\/p>\t\t\t\t\t\t\t\t<\/div>\n\t\t\t\t<\/div>\n\t\t\t\t<\/div>\n\t\t\t\t<\/div>\n\t\t<div class=\"elementor-element elementor-element-a5ef34f e-con-full e-flex e-con e-child\" data-id=\"a5ef34f\" data-element_type=\"container\" data-settings=\"{&quot;background_background&quot;:&quot;classic&quot;}\">\n\t\t\t\t<\/div>\n\t\t\t\t<\/div>\n\t\t\t\t<\/div>\n\t\t\t\t<\/div>\n\t\t<div class=\"elementor-element elementor-element-e691efa e-flex e-con-boxed e-con e-parent\" data-id=\"e691efa\" data-element_type=\"container\">\n\t\t\t\t\t<div class=\"e-con-inner\">\n\t\t\t\t<div class=\"elementor-element elementor-element-9b75461 elementor-widget elementor-widget-image\" data-id=\"9b75461\" data-element_type=\"widget\" data-widget_type=\"image.default\">\n\t\t\t\t<div class=\"elementor-widget-container\">\n\t\t\t\t\t\t\t\t\t\t\t\t\t\t\t<img fetchpriority=\"high\" decoding=\"async\" width=\"1280\" height=\"720\" src=\"https:\/\/mspkuljetus.fi\/wp-content\/uploads\/2025\/03\/kuva.jpg\" class=\"attachment-2048x2048 size-2048x2048 wp-image-1364\" alt=\"\" srcset=\"https:\/\/mspkuljetus.fi\/wp-content\/uploads\/2025\/03\/kuva.jpg 1280w, https:\/\/mspkuljetus.fi\/wp-content\/uploads\/2025\/03\/kuva-300x169.jpg 300w, https:\/\/mspkuljetus.fi\/wp-content\/uploads\/2025\/03\/kuva-1024x576.jpg 1024w, https:\/\/mspkuljetus.fi\/wp-content\/uploads\/2025\/03\/kuva-768x432.jpg 768w\" sizes=\"(max-width: 1280px) 100vw, 1280px\" \/>\t\t\t\t\t\t\t\t\t\t\t\t\t\t\t<\/div>\n\t\t\t\t<\/div>\n\t\t\t\t<div class=\"elementor-element elementor-element-555fd95 elementor-widget elementor-widget-image\" data-id=\"555fd95\" data-element_type=\"widget\" data-widget_type=\"image.default\">\n\t\t\t\t<div class=\"elementor-widget-container\">\n\t\t\t\t\t\t\t\t\t\t\t\t\t\t\t<img decoding=\"async\" width=\"1280\" height=\"720\" src=\"https:\/\/mspkuljetus.fi\/wp-content\/uploads\/2025\/03\/Dia2.jpg\" class=\"attachment-1536x1536 size-1536x1536 wp-image-1366\" alt=\"\" srcset=\"https:\/\/mspkuljetus.fi\/wp-content\/uploads\/2025\/03\/Dia2.jpg 1280w, https:\/\/mspkuljetus.fi\/wp-content\/uploads\/2025\/03\/Dia2-300x169.jpg 300w, https:\/\/mspkuljetus.fi\/wp-content\/uploads\/2025\/03\/Dia2-1024x576.jpg 1024w, https:\/\/mspkuljetus.fi\/wp-content\/uploads\/2025\/03\/Dia2-768x432.jpg 768w\" sizes=\"(max-width: 1280px) 100vw, 1280px\" \/>\t\t\t\t\t\t\t\t\t\t\t\t\t\t\t<\/div>\n\t\t\t\t<\/div>\n\t\t\t\t\t<\/div>\n\t\t\t\t<\/div>\n\t\t\t\t<\/div>","protected":false},"excerpt":{"rendered":"<p>MSP-Kuljetus Oy Ammatti\u00admeren\u00adkulun palvelut PALVELUT AMMATTILAISILLE Ota yhteytt\u00e4 \u00bb MIEHISTONVAIHDOT, HUOLTOMIESTEN JA VARAOSIEN KULJETUKSET\u00a0 MSP-Kuljetus Oy tarjoaa kokonaisvaltaiset palvelut alusten miehist\u00f6nvaihtoihin, sek\u00e4 huoltomiesten ja varosien toimituksiin. Toimimme tehokkaastisatamissa ja merellisess\u00e4 toimintaymp\u00e4rist\u00f6ss\u00e4, jossa luotettavuus, nopea reagointi ja aikataulujen pit\u00e4vyys on ensiarvoisen t\u00e4rke\u00e4\u00e4. Vastaamme miehist\u00f6n sujuvista siirroista aluksille ja aluksilta, huoltomiesten kuljetuksista ty\u00f6teht\u00e4viin sek\u00e4 varaosien ja tarvikkeiden [&hellip;]<\/p>","protected":false},"author":1,"featured_media":1268,"parent":0,"menu_order":0,"comment_status":"closed","ping_status":"closed","template":"","meta":{"footnotes":""},"class_list":["post-627","page","type-page","status-publish","has-post-thumbnail","hentry"],"yoast_head":"<!-- This site is optimized with the Yoast SEO plugin v24.5 - https:\/\/yoast.com\/wordpress\/plugins\/seo\/ -->\n<title>Ammatti\u00admeren\u00adkulun palvelut | MSP Kuljetus | Palvelut ammattilaisille<\/title>\n<meta name=\"description\" content=\"Veneemme suorittavat miehist\u00f6nvaihtoja, huoltomiesten ja varaosien kuljetuksia kauppamerenkulun aluksille.\" \/>\n<meta name=\"robots\" content=\"index, follow, max-snippet:-1, max-image-preview:large, max-video-preview:-1\" \/>\n<link rel=\"canonical\" href=\"https:\/\/mspkuljetus.fi\/en\/ammattimerenkulun-palvelut\/\" \/>\n<meta property=\"og:locale\" content=\"en_GB\" \/>\n<meta property=\"og:type\" content=\"article\" \/>\n<meta property=\"og:title\" content=\"Ammatti\u00admeren\u00adkulun palvelut | MSP Kuljetus | Palvelut ammattilaisille\" \/>\n<meta property=\"og:description\" content=\"Veneemme suorittavat miehist\u00f6nvaihtoja, huoltomiesten ja varaosien kuljetuksia kauppamerenkulun aluksille.\" \/>\n<meta property=\"og:url\" content=\"https:\/\/mspkuljetus.fi\/en\/ammattimerenkulun-palvelut\/\" \/>\n<meta property=\"og:site_name\" content=\"MSP Kuljetus\" \/>\n<meta property=\"article:modified_time\" content=\"2025-12-20T00:02:01+00:00\" \/>\n<meta name=\"twitter:card\" content=\"summary_large_image\" \/>\n<meta name=\"twitter:label1\" content=\"Estimated reading time\" \/>\n\t<meta name=\"twitter:data1\" content=\"2 minutes\" \/>\n<script type=\"application\/ld+json\" class=\"yoast-schema-graph\">{\"@context\":\"https:\/\/schema.org\",\"@graph\":[{\"@type\":\"WebPage\",\"@id\":\"https:\/\/mspkuljetus.fi\/ammattimerenkulun-palvelut\/\",\"url\":\"https:\/\/mspkuljetus.fi\/ammattimerenkulun-palvelut\/\",\"name\":\"Ammatti\u00admeren\u00adkulun palvelut | MSP Kuljetus | Palvelut ammattilaisille\",\"isPartOf\":{\"@id\":\"https:\/\/mspkuljetus.fi\/#website\"},\"primaryImageOfPage\":{\"@id\":\"https:\/\/mspkuljetus.fi\/ammattimerenkulun-palvelut\/#primaryimage\"},\"image\":{\"@id\":\"https:\/\/mspkuljetus.fi\/ammattimerenkulun-palvelut\/#primaryimage\"},\"thumbnailUrl\":\"https:\/\/mspkuljetus.fi\/wp-content\/uploads\/2025\/02\/IMG_4414-scaled.jpg\",\"datePublished\":\"2025-01-15T07:27:13+00:00\",\"dateModified\":\"2025-12-20T00:02:01+00:00\",\"description\":\"Veneemme suorittavat miehist\u00f6nvaihtoja, huoltomiesten ja varaosien kuljetuksia kauppamerenkulun aluksille.\",\"breadcrumb\":{\"@id\":\"https:\/\/mspkuljetus.fi\/ammattimerenkulun-palvelut\/#breadcrumb\"},\"inLanguage\":\"en-GB\",\"potentialAction\":[{\"@type\":\"ReadAction\",\"target\":[\"https:\/\/mspkuljetus.fi\/ammattimerenkulun-palvelut\/\"]}]},{\"@type\":\"ImageObject\",\"inLanguage\":\"en-GB\",\"@id\":\"https:\/\/mspkuljetus.fi\/ammattimerenkulun-palvelut\/#primaryimage\",\"url\":\"https:\/\/mspkuljetus.fi\/wp-content\/uploads\/2025\/02\/IMG_4414-scaled.jpg\",\"contentUrl\":\"https:\/\/mspkuljetus.fi\/wp-content\/uploads\/2025\/02\/IMG_4414-scaled.jpg\",\"width\":2560,\"height\":1920},{\"@type\":\"BreadcrumbList\",\"@id\":\"https:\/\/mspkuljetus.fi\/ammattimerenkulun-palvelut\/#breadcrumb\",\"itemListElement\":[{\"@type\":\"ListItem\",\"position\":1,\"name\":\"Etusivu\",\"item\":\"https:\/\/mspkuljetus.fi\/\"},{\"@type\":\"ListItem\",\"position\":2,\"name\":\"Ammattimerenkulun palvelut\"}]},{\"@type\":\"WebSite\",\"@id\":\"https:\/\/mspkuljetus.fi\/#website\",\"url\":\"https:\/\/mspkuljetus.fi\/\",\"name\":\"MSP Kuljetus\",\"description\":\"\",\"potentialAction\":[{\"@type\":\"SearchAction\",\"target\":{\"@type\":\"EntryPoint\",\"urlTemplate\":\"https:\/\/mspkuljetus.fi\/?s={search_term_string}\"},\"query-input\":{\"@type\":\"PropertyValueSpecification\",\"valueRequired\":true,\"valueName\":\"search_term_string\"}}],\"inLanguage\":\"en-GB\"}]}<\/script>\n<!-- \/ Yoast SEO plugin. -->","yoast_head_json":{"title":"Ammatti\u00admeren\u00adkulun palvelut | MSP Kuljetus | Palvelut ammattilaisille","description":"Veneemme suorittavat miehist\u00f6nvaihtoja, huoltomiesten ja varaosien kuljetuksia kauppamerenkulun aluksille.","robots":{"index":"index","follow":"follow","max-snippet":"max-snippet:-1","max-image-preview":"max-image-preview:large","max-video-preview":"max-video-preview:-1"},"canonical":"https:\/\/mspkuljetus.fi\/en\/ammattimerenkulun-palvelut\/","og_locale":"en_GB","og_type":"article","og_title":"Ammatti\u00admeren\u00adkulun palvelut | MSP Kuljetus | Palvelut ammattilaisille","og_description":"Veneemme suorittavat miehist\u00f6nvaihtoja, huoltomiesten ja varaosien kuljetuksia kauppamerenkulun aluksille.","og_url":"https:\/\/mspkuljetus.fi\/en\/ammattimerenkulun-palvelut\/","og_site_name":"MSP Kuljetus","article_modified_time":"2025-12-20T00:02:01+00:00","twitter_card":"summary_large_image","twitter_misc":{"Estimated reading time":"2 minutes"},"schema":{"@context":"https:\/\/schema.org","@graph":[{"@type":"WebPage","@id":"https:\/\/mspkuljetus.fi\/ammattimerenkulun-palvelut\/","url":"https:\/\/mspkuljetus.fi\/ammattimerenkulun-palvelut\/","name":"Ammatti\u00admeren\u00adkulun palvelut | MSP Kuljetus | Palvelut ammattilaisille","isPartOf":{"@id":"https:\/\/mspkuljetus.fi\/#website"},"primaryImageOfPage":{"@id":"https:\/\/mspkuljetus.fi\/ammattimerenkulun-palvelut\/#primaryimage"},"image":{"@id":"https:\/\/mspkuljetus.fi\/ammattimerenkulun-palvelut\/#primaryimage"},"thumbnailUrl":"https:\/\/mspkuljetus.fi\/wp-content\/uploads\/2025\/02\/IMG_4414-scaled.jpg","datePublished":"2025-01-15T07:27:13+00:00","dateModified":"2025-12-20T00:02:01+00:00","description":"Veneemme suorittavat miehist\u00f6nvaihtoja, huoltomiesten ja varaosien kuljetuksia kauppamerenkulun aluksille.","breadcrumb":{"@id":"https:\/\/mspkuljetus.fi\/ammattimerenkulun-palvelut\/#breadcrumb"},"inLanguage":"en-GB","potentialAction":[{"@type":"ReadAction","target":["https:\/\/mspkuljetus.fi\/ammattimerenkulun-palvelut\/"]}]},{"@type":"ImageObject","inLanguage":"en-GB","@id":"https:\/\/mspkuljetus.fi\/ammattimerenkulun-palvelut\/#primaryimage","url":"https:\/\/mspkuljetus.fi\/wp-content\/uploads\/2025\/02\/IMG_4414-scaled.jpg","contentUrl":"https:\/\/mspkuljetus.fi\/wp-content\/uploads\/2025\/02\/IMG_4414-scaled.jpg","width":2560,"height":1920},{"@type":"BreadcrumbList","@id":"https:\/\/mspkuljetus.fi\/ammattimerenkulun-palvelut\/#breadcrumb","itemListElement":[{"@type":"ListItem","position":1,"name":"Etusivu","item":"https:\/\/mspkuljetus.fi\/"},{"@type":"ListItem","position":2,"name":"Ammattimerenkulun palvelut"}]},{"@type":"WebSite","@id":"https:\/\/mspkuljetus.fi\/#website","url":"https:\/\/mspkuljetus.fi\/","name":"MSP Kuljetus","description":"","potentialAction":[{"@type":"SearchAction","target":{"@type":"EntryPoint","urlTemplate":"https:\/\/mspkuljetus.fi\/?s={search_term_string}"},"query-input":{"@type":"PropertyValueSpecification","valueRequired":true,"valueName":"search_term_string"}}],"inLanguage":"en-GB"}]}},"_links":{"self":[{"href":"https:\/\/mspkuljetus.fi\/en\/wp-json\/wp\/v2\/pages\/627","targetHints":{"allow":["GET"]}}],"collection":[{"href":"https:\/\/mspkuljetus.fi\/en\/wp-json\/wp\/v2\/pages"}],"about":[{"href":"https:\/\/mspkuljetus.fi\/en\/wp-json\/wp\/v2\/types\/page"}],"author":[{"embeddable":true,"href":"https:\/\/mspkuljetus.fi\/en\/wp-json\/wp\/v2\/users\/1"}],"replies":[{"embeddable":true,"href":"https:\/\/mspkuljetus.fi\/en\/wp-json\/wp\/v2\/comments?post=627"}],"version-history":[{"count":64,"href":"https:\/\/mspkuljetus.fi\/en\/wp-json\/wp\/v2\/pages\/627\/revisions"}],"predecessor-version":[{"id":1528,"href":"https:\/\/mspkuljetus.fi\/en\/wp-json\/wp\/v2\/pages\/627\/revisions\/1528"}],"wp:featuredmedia":[{"embeddable":true,"href":"https:\/\/mspkuljetus.fi\/en\/wp-json\/wp\/v2\/media\/1268"}],"wp:attachment":[{"href":"https:\/\/mspkuljetus.fi\/en\/wp-json\/wp\/v2\/media?parent=627"}],"curies":[{"name":"wp","href":"https:\/\/api.w.org\/{rel}","templated":true}]}}