{"id":486,"date":"2025-01-15T06:58:14","date_gmt":"2025-01-15T06:58:14","guid":{"rendered":"https:\/\/mspkuljetus.fi\/?page_id=486"},"modified":"2025-02-26T10:40:00","modified_gmt":"2025-02-26T10:40:00","slug":"merikuljetukset-ja-tuki-ja-turva-aluspalvelut","status":"publish","type":"page","link":"https:\/\/mspkuljetus.fi\/en\/merikuljetukset-ja-tuki-ja-turva-aluspalvelut\/","title":{"rendered":"Sea transport, towing, support and security vessel services"},"content":{"rendered":"<div data-elementor-type=\"wp-page\" data-elementor-id=\"486\" class=\"elementor elementor-486\" data-elementor-post-type=\"page\">\n\t\t\t\t<div class=\"elementor-element elementor-element-d1e1733 e-flex e-con-boxed e-con e-parent\" data-id=\"d1e1733\" data-element_type=\"container\" data-settings=\"{&quot;background_background&quot;:&quot;classic&quot;}\">\n\t\t\t\t\t<div class=\"e-con-inner\">\n\t\t<div class=\"elementor-element elementor-element-5144830 e-con-full e-flex e-con e-child\" data-id=\"5144830\" data-element_type=\"container\">\n\t\t\t\t<div class=\"elementor-element elementor-element-12f28b1 elementor-align-center elementor-widget elementor-widget-button\" data-id=\"12f28b1\" data-element_type=\"widget\" data-widget_type=\"button.default\">\n\t\t\t\t<div class=\"elementor-widget-container\">\n\t\t\t\t\t\t\t\t\t<div class=\"elementor-button-wrapper\">\n\t\t\t\t\t<a class=\"elementor-button elementor-size-sm\" role=\"button\">\n\t\t\t\t\t\t<span class=\"elementor-button-content-wrapper\">\n\t\t\t\t\t\t\t\t\t<span class=\"elementor-button-text\">MSP Transport Ltd.<\/span>\n\t\t\t\t\t<\/span>\n\t\t\t\t\t<\/a>\n\t\t\t\t<\/div>\n\t\t\t\t\t\t\t\t<\/div>\n\t\t\t\t<\/div>\n\t\t\t\t<div class=\"elementor-element elementor-element-df7f7ad elementor-widget elementor-widget-heading\" data-id=\"df7f7ad\" data-element_type=\"widget\" data-widget_type=\"heading.default\">\n\t\t\t\t<div class=\"elementor-widget-container\">\n\t\t\t\t\t<h2 class=\"elementor-heading-title elementor-size-default\">Sea transport, towing, support and security vessel services<\/h2>\t\t\t\t<\/div>\n\t\t\t\t<\/div>\n\t\t\t\t<\/div>\n\t\t\t\t\t<\/div>\n\t\t\t\t<\/div>\n\t\t<div class=\"elementor-element elementor-element-08c23f8 e-con-full e-flex e-con e-parent\" data-id=\"08c23f8\" data-element_type=\"container\">\n\t\t<div class=\"elementor-element elementor-element-6fb5737 e-con-full e-flex e-con e-child\" data-id=\"6fb5737\" data-element_type=\"container\">\n\t\t<div class=\"elementor-element elementor-element-6e82e21 e-con-full e-flex e-con e-child\" data-id=\"6e82e21\" data-element_type=\"container\">\n\t\t<div class=\"elementor-element elementor-element-0803ee1 e-con-full e-flex e-con e-child\" data-id=\"0803ee1\" data-element_type=\"container\">\n\t\t<div class=\"elementor-element elementor-element-1ebe70f e-con-full e-flex e-con e-child\" data-id=\"1ebe70f\" data-element_type=\"container\">\n\t\t\t\t<div class=\"elementor-element elementor-element-8a1cc53 elementor-widget elementor-widget-heading\" data-id=\"8a1cc53\" data-element_type=\"widget\" data-widget_type=\"heading.default\">\n\t\t\t\t<div class=\"elementor-widget-container\">\n\t\t\t\t\t<h2 class=\"elementor-heading-title elementor-size-default\">TRANSPORT SERVICES BY SEA \n<\/h2>\t\t\t\t<\/div>\n\t\t\t\t<\/div>\n\t\t\t\t<div class=\"elementor-element elementor-element-da67169 elementor-widget elementor-widget-heading\" data-id=\"da67169\" data-element_type=\"widget\" data-widget_type=\"heading.default\">\n\t\t\t\t<div class=\"elementor-widget-container\">\n\t\t\t\t\t<h2 class=\"elementor-heading-title elementor-size-default\">Sea transport\n<\/h2>\t\t\t\t<\/div>\n\t\t\t\t<\/div>\n\t\t\t\t<div class=\"elementor-element elementor-element-c9668b3 elementor-widget elementor-widget-text-editor\" data-id=\"c9668b3\" data-element_type=\"widget\" data-widget_type=\"text-editor.default\">\n\t\t\t\t<div class=\"elementor-widget-container\">\n\t\t\t\t\t\t\t\t\t<p>We handle sea transports from small packages to large packages, for both private and corporate needs. We transport construction materials, for example, in the archipelago area with our ships.<\/p>\t\t\t\t\t\t\t\t<\/div>\n\t\t\t\t<\/div>\n\t\t\t\t<div class=\"elementor-element elementor-element-d78cdb8 elementor-widget elementor-widget-text-editor\" data-id=\"d78cdb8\" data-element_type=\"widget\" data-widget_type=\"text-editor.default\">\n\t\t\t\t<div class=\"elementor-widget-container\">\n\t\t\t\t\t\t\t\t\t<p>In addition, our vessels carry, among other things:<\/p>\t\t\t\t\t\t\t\t<\/div>\n\t\t\t\t<\/div>\n\t\t<div class=\"elementor-element elementor-element-86f3ee9 e-con-full e-flex e-con e-child\" data-id=\"86f3ee9\" data-element_type=\"container\">\n\t\t\t\t<div class=\"elementor-element elementor-element-d5b7fa6 elementor-widget elementor-widget-text-editor\" data-id=\"d5b7fa6\" data-element_type=\"widget\" data-widget_type=\"text-editor.default\">\n\t\t\t\t<div class=\"elementor-widget-container\">\n\t\t\t\t\t\t\t\t\t<ul><li>lumber<\/li><li>other building supplies<\/li><li>firewood<\/li><li>shopping<\/li><\/ul>\t\t\t\t\t\t\t\t<\/div>\n\t\t\t\t<\/div>\n\t\t\t\t<\/div>\n\t\t\t\t<div class=\"elementor-element elementor-element-ab27b7b elementor-widget elementor-widget-text-editor\" data-id=\"ab27b7b\" data-element_type=\"widget\" data-widget_type=\"text-editor.default\">\n\t\t\t\t<div class=\"elementor-widget-container\">\n\t\t\t\t\t\t\t\t\t<p>Contact us and we will calculate a cost-effective offer for you.<\/p>\t\t\t\t\t\t\t\t<\/div>\n\t\t\t\t<\/div>\n\t\t\t\t<div class=\"elementor-element elementor-element-dc79c92 elementor-widget elementor-widget-heading\" data-id=\"dc79c92\" data-element_type=\"widget\" data-widget_type=\"heading.default\">\n\t\t\t\t<div class=\"elementor-widget-container\">\n\t\t\t\t\t<h2 class=\"elementor-heading-title elementor-size-default\">Towing\n<\/h2>\t\t\t\t<\/div>\n\t\t\t\t<\/div>\n\t\t\t\t<div class=\"elementor-element elementor-element-c482bb5 elementor-widget elementor-widget-text-editor\" data-id=\"c482bb5\" data-element_type=\"widget\" data-widget_type=\"text-editor.default\">\n\t\t\t\t<div class=\"elementor-widget-container\">\n\t\t\t\t\t\t\t\t\t<p>Our boats cost-effectively handle small towing jobs in the Archipelago Sea area. Whether it's towing a broken boat or a new pier, get in touch and ask for a competitive quote.\u00a0<\/p>\t\t\t\t\t\t\t\t<\/div>\n\t\t\t\t<\/div>\n\t\t\t\t<div class=\"elementor-element elementor-element-c2524ea elementor-widget elementor-widget-heading\" data-id=\"c2524ea\" data-element_type=\"widget\" data-widget_type=\"heading.default\">\n\t\t\t\t<div class=\"elementor-widget-container\">\n\t\t\t\t\t<h2 class=\"elementor-heading-title elementor-size-default\">Support vessel\n<\/h2>\t\t\t\t<\/div>\n\t\t\t\t<\/div>\n\t\t\t\t<div class=\"elementor-element elementor-element-e8204d6 elementor-widget elementor-widget-text-editor\" data-id=\"e8204d6\" data-element_type=\"widget\" data-widget_type=\"text-editor.default\">\n\t\t\t\t<div class=\"elementor-widget-container\">\n\t\t\t\t\t\t\t\t\t<p>Our boats act as support vessels for diving, research and maintenance teams. Our boats have been busy with various environmental measurement tasks for years. Our personnel have extensive experience in support vessel operations. If necessary, we can equip our boat fleet with equipment specifically tailored to your needs.<\/p>\t\t\t\t\t\t\t\t<\/div>\n\t\t\t\t<\/div>\n\t\t\t\t<div class=\"elementor-element elementor-element-4dfdf9c elementor-widget elementor-widget-heading\" data-id=\"4dfdf9c\" data-element_type=\"widget\" data-widget_type=\"heading.default\">\n\t\t\t\t<div class=\"elementor-widget-container\">\n\t\t\t\t\t<h2 class=\"elementor-heading-title elementor-size-default\">Safety ship\n<\/h2>\t\t\t\t<\/div>\n\t\t\t\t<\/div>\n\t\t\t\t<div class=\"elementor-element elementor-element-9d9cb1d elementor-widget elementor-widget-text-editor\" data-id=\"9d9cb1d\" data-element_type=\"widget\" data-widget_type=\"text-editor.default\">\n\t\t\t\t<div class=\"elementor-widget-container\">\n\t\t\t\t\t\t\t\t\t<p>Our boats act as safety vessels on various hydraulic construction sites. You can also order us for various public, exhibition and competition events to demarcate the event and construction site area. The vessels are equipped with attention-grabbing warning texts and other relevant communication and traffic management equipment.<\/p>\t\t\t\t\t\t\t\t<\/div>\n\t\t\t\t<\/div>\n\t\t\t\t<div class=\"elementor-element elementor-element-e715dce elementor-widget elementor-widget-text-editor\" data-id=\"e715dce\" data-element_type=\"widget\" data-widget_type=\"text-editor.default\">\n\t\t\t\t<div class=\"elementor-widget-container\">\n\t\t\t\t\t\t\t\t\t<p>The safety boat protects and isolates the construction site area from other boaters. This ensures occupational safety for divers, for example. Blasting work is safe to perform when the safety boat is taking care of the safety of bystanders. The safety boat isolates the demonstration\/race course from other boaters and, if necessary, moves quickly to the scene of a possible accident to assist victims.<\/p>\t\t\t\t\t\t\t\t<\/div>\n\t\t\t\t<\/div>\n\t\t<div class=\"elementor-element elementor-element-24c69ee e-con-full e-flex e-con e-child\" data-id=\"24c69ee\" data-element_type=\"container\">\n\t\t\t\t<div class=\"elementor-element elementor-element-f06e3d1 elementor-align-left elementor-mobile-align-center elementor-widget elementor-widget-button\" data-id=\"f06e3d1\" data-element_type=\"widget\" data-widget_type=\"button.default\">\n\t\t\t\t<div class=\"elementor-widget-container\">\n\t\t\t\t\t\t\t\t\t<div class=\"elementor-button-wrapper\">\n\t\t\t\t\t<a class=\"elementor-button elementor-button-link elementor-size-sm\" href=\"https:\/\/mspkuljetus.fi\/en\/?page_id=866\">\n\t\t\t\t\t\t<span class=\"elementor-button-content-wrapper\">\n\t\t\t\t\t\t\t\t\t<span class=\"elementor-button-text\">Contact us \u00bb<\/span>\n\t\t\t\t\t<\/span>\n\t\t\t\t\t<\/a>\n\t\t\t\t<\/div>\n\t\t\t\t\t\t\t\t<\/div>\n\t\t\t\t<\/div>\n\t\t\t\t<\/div>\n\t\t\t\t<\/div>\n\t\t\t\t<\/div>\n\t\t<div class=\"elementor-element elementor-element-ca27203 e-con-full e-flex e-con e-child\" data-id=\"ca27203\" data-element_type=\"container\" data-settings=\"{&quot;background_background&quot;:&quot;classic&quot;}\">\n\t\t\t\t<\/div>\n\t\t\t\t<\/div>\n\t\t\t\t<\/div>\n\t\t\t\t<\/div>\n\t\t\t\t<\/div>","protected":false},"excerpt":{"rendered":"<p>MSP-Kuljetus Oy Meri\u00adkuljetukset, hinaukset, tuki- ja turva-aluspalvelut KULJETUSPALVELUT MERELL\u00c4 Merikuljetukset Hoidamme merikuljetukset pienist\u00e4 paketeista aina suuriin kokonaisuuksiin, niin yksityisille kuin yritysten tarpeisiin. Kuljetamme aluksillamme esimerkiksi\u00a0rakennustarvikkeita saariston alueella. Lis\u00e4ksi aluksemme kuljettavat mm. puutavaraa muita rakennustarvikkeita polttopuita kauppaostoksia Ota yhteytt\u00e4 niin laskemme Teille kustannustehokkaan tarjouksen. Hinaukset Veneemme hoitavat kustannustehokkaasti pienet hinausty\u00f6t Saaristomeren alueella. Oli sitten kyseess\u00e4 rikkoutuneen [&hellip;]<\/p>","protected":false},"author":1,"featured_media":1257,"parent":0,"menu_order":0,"comment_status":"closed","ping_status":"closed","template":"","meta":{"footnotes":""},"class_list":["post-486","page","type-page","status-publish","has-post-thumbnail","hentry"],"yoast_head":"<!-- This site is optimized with the Yoast SEO plugin v24.5 - https:\/\/yoast.com\/wordpress\/plugins\/seo\/ -->\n<title>Meri\u00adkuljetukset, hinaukset, tuki- ja turva-aluspalvelut | MSP Kuljetus<\/title>\n<meta name=\"description\" content=\"Hoidamme merikuljetukset pienist\u00e4 paketeista aina suuriin kokonaisuuksiin, niin yksityisille kuin yritysten tarpeisiin.\" \/>\n<meta name=\"robots\" content=\"index, follow, max-snippet:-1, max-image-preview:large, max-video-preview:-1\" \/>\n<link rel=\"canonical\" href=\"https:\/\/mspkuljetus.fi\/en\/merikuljetukset-ja-tuki-ja-turva-aluspalvelut\/\" \/>\n<meta property=\"og:locale\" content=\"en_GB\" \/>\n<meta property=\"og:type\" content=\"article\" \/>\n<meta property=\"og:title\" content=\"Meri\u00adkuljetukset, hinaukset, tuki- ja turva-aluspalvelut | MSP Kuljetus\" \/>\n<meta property=\"og:description\" content=\"Hoidamme merikuljetukset pienist\u00e4 paketeista aina suuriin kokonaisuuksiin, niin yksityisille kuin yritysten tarpeisiin.\" \/>\n<meta property=\"og:url\" content=\"https:\/\/mspkuljetus.fi\/en\/merikuljetukset-ja-tuki-ja-turva-aluspalvelut\/\" \/>\n<meta property=\"og:site_name\" content=\"MSP Kuljetus\" \/>\n<meta property=\"article:modified_time\" content=\"2025-02-26T10:40:00+00:00\" \/>\n<meta name=\"twitter:card\" content=\"summary_large_image\" \/>\n<meta name=\"twitter:label1\" content=\"Estimated reading time\" \/>\n\t<meta name=\"twitter:data1\" content=\"2 minutes\" \/>\n<script type=\"application\/ld+json\" class=\"yoast-schema-graph\">{\"@context\":\"https:\/\/schema.org\",\"@graph\":[{\"@type\":\"WebPage\",\"@id\":\"https:\/\/mspkuljetus.fi\/merikuljetukset-ja-tuki-ja-turva-aluspalvelut\/\",\"url\":\"https:\/\/mspkuljetus.fi\/merikuljetukset-ja-tuki-ja-turva-aluspalvelut\/\",\"name\":\"Meri\u00adkuljetukset, hinaukset, tuki- ja turva-aluspalvelut | MSP Kuljetus\",\"isPartOf\":{\"@id\":\"https:\/\/mspkuljetus.fi\/#website\"},\"primaryImageOfPage\":{\"@id\":\"https:\/\/mspkuljetus.fi\/merikuljetukset-ja-tuki-ja-turva-aluspalvelut\/#primaryimage\"},\"image\":{\"@id\":\"https:\/\/mspkuljetus.fi\/merikuljetukset-ja-tuki-ja-turva-aluspalvelut\/#primaryimage\"},\"thumbnailUrl\":\"https:\/\/mspkuljetus.fi\/wp-content\/uploads\/2025\/02\/IMG_9735-scaled.jpg\",\"datePublished\":\"2025-01-15T06:58:14+00:00\",\"dateModified\":\"2025-02-26T10:40:00+00:00\",\"description\":\"Hoidamme merikuljetukset pienist\u00e4 paketeista aina suuriin kokonaisuuksiin, niin yksityisille kuin yritysten tarpeisiin.\",\"breadcrumb\":{\"@id\":\"https:\/\/mspkuljetus.fi\/merikuljetukset-ja-tuki-ja-turva-aluspalvelut\/#breadcrumb\"},\"inLanguage\":\"en-GB\",\"potentialAction\":[{\"@type\":\"ReadAction\",\"target\":[\"https:\/\/mspkuljetus.fi\/merikuljetukset-ja-tuki-ja-turva-aluspalvelut\/\"]}]},{\"@type\":\"ImageObject\",\"inLanguage\":\"en-GB\",\"@id\":\"https:\/\/mspkuljetus.fi\/merikuljetukset-ja-tuki-ja-turva-aluspalvelut\/#primaryimage\",\"url\":\"https:\/\/mspkuljetus.fi\/wp-content\/uploads\/2025\/02\/IMG_9735-scaled.jpg\",\"contentUrl\":\"https:\/\/mspkuljetus.fi\/wp-content\/uploads\/2025\/02\/IMG_9735-scaled.jpg\",\"width\":2560,\"height\":1920},{\"@type\":\"BreadcrumbList\",\"@id\":\"https:\/\/mspkuljetus.fi\/merikuljetukset-ja-tuki-ja-turva-aluspalvelut\/#breadcrumb\",\"itemListElement\":[{\"@type\":\"ListItem\",\"position\":1,\"name\":\"Etusivu\",\"item\":\"https:\/\/mspkuljetus.fi\/\"},{\"@type\":\"ListItem\",\"position\":2,\"name\":\"Merikuljetukset ja Tuki- ja turva-aluspalvelut\"}]},{\"@type\":\"WebSite\",\"@id\":\"https:\/\/mspkuljetus.fi\/#website\",\"url\":\"https:\/\/mspkuljetus.fi\/\",\"name\":\"MSP Kuljetus\",\"description\":\"\",\"potentialAction\":[{\"@type\":\"SearchAction\",\"target\":{\"@type\":\"EntryPoint\",\"urlTemplate\":\"https:\/\/mspkuljetus.fi\/?s={search_term_string}\"},\"query-input\":{\"@type\":\"PropertyValueSpecification\",\"valueRequired\":true,\"valueName\":\"search_term_string\"}}],\"inLanguage\":\"en-GB\"}]}<\/script>\n<!-- \/ Yoast SEO plugin. -->","yoast_head_json":{"title":"Meri\u00adkuljetukset, hinaukset, tuki- ja turva-aluspalvelut | MSP Kuljetus","description":"Hoidamme merikuljetukset pienist\u00e4 paketeista aina suuriin kokonaisuuksiin, niin yksityisille kuin yritysten tarpeisiin.","robots":{"index":"index","follow":"follow","max-snippet":"max-snippet:-1","max-image-preview":"max-image-preview:large","max-video-preview":"max-video-preview:-1"},"canonical":"https:\/\/mspkuljetus.fi\/en\/merikuljetukset-ja-tuki-ja-turva-aluspalvelut\/","og_locale":"en_GB","og_type":"article","og_title":"Meri\u00adkuljetukset, hinaukset, tuki- ja turva-aluspalvelut | MSP Kuljetus","og_description":"Hoidamme merikuljetukset pienist\u00e4 paketeista aina suuriin kokonaisuuksiin, niin yksityisille kuin yritysten tarpeisiin.","og_url":"https:\/\/mspkuljetus.fi\/en\/merikuljetukset-ja-tuki-ja-turva-aluspalvelut\/","og_site_name":"MSP Kuljetus","article_modified_time":"2025-02-26T10:40:00+00:00","twitter_card":"summary_large_image","twitter_misc":{"Estimated reading time":"2 minutes"},"schema":{"@context":"https:\/\/schema.org","@graph":[{"@type":"WebPage","@id":"https:\/\/mspkuljetus.fi\/merikuljetukset-ja-tuki-ja-turva-aluspalvelut\/","url":"https:\/\/mspkuljetus.fi\/merikuljetukset-ja-tuki-ja-turva-aluspalvelut\/","name":"Meri\u00adkuljetukset, hinaukset, tuki- ja turva-aluspalvelut | MSP Kuljetus","isPartOf":{"@id":"https:\/\/mspkuljetus.fi\/#website"},"primaryImageOfPage":{"@id":"https:\/\/mspkuljetus.fi\/merikuljetukset-ja-tuki-ja-turva-aluspalvelut\/#primaryimage"},"image":{"@id":"https:\/\/mspkuljetus.fi\/merikuljetukset-ja-tuki-ja-turva-aluspalvelut\/#primaryimage"},"thumbnailUrl":"https:\/\/mspkuljetus.fi\/wp-content\/uploads\/2025\/02\/IMG_9735-scaled.jpg","datePublished":"2025-01-15T06:58:14+00:00","dateModified":"2025-02-26T10:40:00+00:00","description":"Hoidamme merikuljetukset pienist\u00e4 paketeista aina suuriin kokonaisuuksiin, niin yksityisille kuin yritysten tarpeisiin.","breadcrumb":{"@id":"https:\/\/mspkuljetus.fi\/merikuljetukset-ja-tuki-ja-turva-aluspalvelut\/#breadcrumb"},"inLanguage":"en-GB","potentialAction":[{"@type":"ReadAction","target":["https:\/\/mspkuljetus.fi\/merikuljetukset-ja-tuki-ja-turva-aluspalvelut\/"]}]},{"@type":"ImageObject","inLanguage":"en-GB","@id":"https:\/\/mspkuljetus.fi\/merikuljetukset-ja-tuki-ja-turva-aluspalvelut\/#primaryimage","url":"https:\/\/mspkuljetus.fi\/wp-content\/uploads\/2025\/02\/IMG_9735-scaled.jpg","contentUrl":"https:\/\/mspkuljetus.fi\/wp-content\/uploads\/2025\/02\/IMG_9735-scaled.jpg","width":2560,"height":1920},{"@type":"BreadcrumbList","@id":"https:\/\/mspkuljetus.fi\/merikuljetukset-ja-tuki-ja-turva-aluspalvelut\/#breadcrumb","itemListElement":[{"@type":"ListItem","position":1,"name":"Etusivu","item":"https:\/\/mspkuljetus.fi\/"},{"@type":"ListItem","position":2,"name":"Merikuljetukset ja Tuki- ja turva-aluspalvelut"}]},{"@type":"WebSite","@id":"https:\/\/mspkuljetus.fi\/#website","url":"https:\/\/mspkuljetus.fi\/","name":"MSP Kuljetus","description":"","potentialAction":[{"@type":"SearchAction","target":{"@type":"EntryPoint","urlTemplate":"https:\/\/mspkuljetus.fi\/?s={search_term_string}"},"query-input":{"@type":"PropertyValueSpecification","valueRequired":true,"valueName":"search_term_string"}}],"inLanguage":"en-GB"}]}},"_links":{"self":[{"href":"https:\/\/mspkuljetus.fi\/en\/wp-json\/wp\/v2\/pages\/486","targetHints":{"allow":["GET"]}}],"collection":[{"href":"https:\/\/mspkuljetus.fi\/en\/wp-json\/wp\/v2\/pages"}],"about":[{"href":"https:\/\/mspkuljetus.fi\/en\/wp-json\/wp\/v2\/types\/page"}],"author":[{"embeddable":true,"href":"https:\/\/mspkuljetus.fi\/en\/wp-json\/wp\/v2\/users\/1"}],"replies":[{"embeddable":true,"href":"https:\/\/mspkuljetus.fi\/en\/wp-json\/wp\/v2\/comments?post=486"}],"version-history":[{"count":59,"href":"https:\/\/mspkuljetus.fi\/en\/wp-json\/wp\/v2\/pages\/486\/revisions"}],"predecessor-version":[{"id":1518,"href":"https:\/\/mspkuljetus.fi\/en\/wp-json\/wp\/v2\/pages\/486\/revisions\/1518"}],"wp:featuredmedia":[{"embeddable":true,"href":"https:\/\/mspkuljetus.fi\/en\/wp-json\/wp\/v2\/media\/1257"}],"wp:attachment":[{"href":"https:\/\/mspkuljetus.fi\/en\/wp-json\/wp\/v2\/media?parent=486"}],"curies":[{"name":"wp","href":"https:\/\/api.w.org\/{rel}","templated":true}]}}