{"id":392,"date":"2025-01-14T18:46:27","date_gmt":"2025-01-14T18:46:27","guid":{"rendered":"https:\/\/mspkuljetus.fi\/?page_id=392"},"modified":"2025-06-14T09:07:13","modified_gmt":"2025-06-14T09:07:13","slug":"taksivenepalvelut","status":"publish","type":"page","link":"https:\/\/mspkuljetus.fi\/en\/taksivenepalvelut\/","title":{"rendered":"Taxi boat services"},"content":{"rendered":"<div data-elementor-type=\"wp-page\" data-elementor-id=\"392\" class=\"elementor elementor-392\" data-elementor-post-type=\"page\">\n\t\t\t\t<div class=\"elementor-element elementor-element-d1e1733 e-flex e-con-boxed e-con e-parent\" data-id=\"d1e1733\" data-element_type=\"container\" data-settings=\"{&quot;background_background&quot;:&quot;classic&quot;}\">\n\t\t\t\t\t<div class=\"e-con-inner\">\n\t\t<div class=\"elementor-element elementor-element-5144830 e-con-full e-flex e-con e-child\" data-id=\"5144830\" data-element_type=\"container\">\n\t\t\t\t<div class=\"elementor-element elementor-element-12f28b1 elementor-align-center elementor-widget elementor-widget-button\" data-id=\"12f28b1\" data-element_type=\"widget\" data-widget_type=\"button.default\">\n\t\t\t\t<div class=\"elementor-widget-container\">\n\t\t\t\t\t\t\t\t\t<div class=\"elementor-button-wrapper\">\n\t\t\t\t\t<a class=\"elementor-button elementor-size-sm\" role=\"button\">\n\t\t\t\t\t\t<span class=\"elementor-button-content-wrapper\">\n\t\t\t\t\t\t\t\t\t<span class=\"elementor-button-text\">MSP Transport Ltd.<\/span>\n\t\t\t\t\t<\/span>\n\t\t\t\t\t<\/a>\n\t\t\t\t<\/div>\n\t\t\t\t\t\t\t\t<\/div>\n\t\t\t\t<\/div>\n\t\t\t\t<div class=\"elementor-element elementor-element-df7f7ad elementor-widget elementor-widget-heading\" data-id=\"df7f7ad\" data-element_type=\"widget\" data-widget_type=\"heading.default\">\n\t\t\t\t<div class=\"elementor-widget-container\">\n\t\t\t\t\t<h2 class=\"elementor-heading-title elementor-size-default\">Taxi boat services<\/h2>\t\t\t\t<\/div>\n\t\t\t\t<\/div>\n\t\t\t\t<\/div>\n\t\t\t\t\t<\/div>\n\t\t\t\t<\/div>\n\t\t<div class=\"elementor-element elementor-element-bb4d691 e-flex e-con-boxed e-con e-parent\" data-id=\"bb4d691\" data-element_type=\"container\">\n\t\t\t\t\t<div class=\"e-con-inner\">\n\t\t<div class=\"elementor-element elementor-element-ad4dc18 e-con-full e-flex e-con e-child\" data-id=\"ad4dc18\" data-element_type=\"container\">\n\t\t<div class=\"elementor-element elementor-element-4822373 e-con-full e-flex e-con e-child\" data-id=\"4822373\" data-element_type=\"container\">\n\t\t\t\t<div class=\"elementor-element elementor-element-1c35d39 elementor-widget elementor-widget-heading\" data-id=\"1c35d39\" data-element_type=\"widget\" data-widget_type=\"heading.default\">\n\t\t\t\t<div class=\"elementor-widget-container\">\n\t\t\t\t\t<h2 class=\"elementor-heading-title elementor-size-default\">Taxi boat Turku, <br>Rym\u00e4ttyl\u00e4 and Naantali\n<\/h2>\t\t\t\t<\/div>\n\t\t\t\t<\/div>\n\t\t\t\t<div class=\"elementor-element elementor-element-52731d8 elementor-widget elementor-widget-heading\" data-id=\"52731d8\" data-element_type=\"widget\" data-widget_type=\"heading.default\">\n\t\t\t\t<div class=\"elementor-widget-container\">\n\t\t\t\t\t<h2 class=\"elementor-heading-title elementor-size-default\">In everyday life and in holy days, in joys and sorrows.\n<\/h2>\t\t\t\t<\/div>\n\t\t\t\t<\/div>\n\t\t\t\t<div class=\"elementor-element elementor-element-a5f5630 elementor-widget elementor-widget-text-editor\" data-id=\"a5f5630\" data-element_type=\"widget\" data-widget_type=\"text-editor.default\">\n\t\t\t\t<div class=\"elementor-widget-container\">\n\t\t\t\t\t\t\t\t\t<p>The taxi boat will take you quickly to your destination when you need a boat to get around the Turku archipelago and elsewhere in the Archipelago Sea. The boat's home port is Rym\u00e4ttyl\u00e4n Ahteentaka, from where it is easy to head wherever your needs require. We can also arrange a departure point elsewhere if necessary.<\/p>\t\t\t\t\t\t\t\t<\/div>\n\t\t\t\t<\/div>\n\t\t\t\t<div class=\"elementor-element elementor-element-6fdd8ad elementor-widget elementor-widget-text-editor\" data-id=\"6fdd8ad\" data-element_type=\"widget\" data-widget_type=\"text-editor.default\">\n\t\t\t\t<div class=\"elementor-widget-container\">\n\t\t\t\t\t\t\t\t\t<p>In addition to people, taxi boats can also transport various supplies to cottages and other leisure destinations in the archipelago. Taxi boat services are also offered during the winter break and other winter seasons. Taxi boats are also an excellent way to organize short cruises and sightseeing tours in the beautiful Finnish archipelago landscapes.<\/p>\t\t\t\t\t\t\t\t<\/div>\n\t\t\t\t<\/div>\n\t\t\t\t<div class=\"elementor-element elementor-element-ee0063c elementor-widget elementor-widget-heading\" data-id=\"ee0063c\" data-element_type=\"widget\" data-widget_type=\"heading.default\">\n\t\t\t\t<div class=\"elementor-widget-container\">\n\t\t\t\t\t<h2 class=\"elementor-heading-title elementor-size-default\">Sea ash\n<\/h2>\t\t\t\t<\/div>\n\t\t\t\t<\/div>\n\t\t\t\t<div class=\"elementor-element elementor-element-f71e0e5 elementor-widget elementor-widget-text-editor\" data-id=\"f71e0e5\" data-element_type=\"widget\" data-widget_type=\"text-editor.default\">\n\t\t\t\t<div class=\"elementor-widget-container\">\n\t\t\t\t\t\t\t\t\t<p>You can also order our taxi boat for cremation at sea. Cremation at sea is a beautiful and memorable way to say goodbye to a loved one. Our boat will transport you to Airisto to the cremation area designated by the City of Turku, or to another permitted area. Cremation on site, depending on the weather, we will either stop or drive slowly forward, allowing you to lower the sinking urn or scatter the ashes of the deceased into the sea. It is also a beautiful way to lower flowers or flower petals into the sea. Lowering large floral arrangements into the sea is not recommended.<\/p>\t\t\t\t\t\t\t\t<\/div>\n\t\t\t\t<\/div>\n\t\t\t\t<div class=\"elementor-element elementor-element-5c8abf4 elementor-widget elementor-widget-image\" data-id=\"5c8abf4\" data-element_type=\"widget\" data-widget_type=\"image.default\">\n\t\t\t\t<div class=\"elementor-widget-container\">\n\t\t\t\t\t\t\t\t\t\t\t\t\t\t\t<img fetchpriority=\"high\" decoding=\"async\" width=\"400\" height=\"300\" src=\"https:\/\/mspkuljetus.fi\/wp-content\/uploads\/2025\/01\/d5688229-00b3-472c-97c0-d0e6086ff3ce-400x300q85ejpeg.jpg\" class=\"attachment-large size-large wp-image-446\" alt=\"\" srcset=\"https:\/\/mspkuljetus.fi\/wp-content\/uploads\/2025\/01\/d5688229-00b3-472c-97c0-d0e6086ff3ce-400x300q85ejpeg.jpg 400w, https:\/\/mspkuljetus.fi\/wp-content\/uploads\/2025\/01\/d5688229-00b3-472c-97c0-d0e6086ff3ce-400x300q85ejpeg-300x225.jpg 300w\" sizes=\"(max-width: 400px) 100vw, 400px\" \/>\t\t\t\t\t\t\t\t\t\t\t\t\t\t\t<\/div>\n\t\t\t\t<\/div>\n\t\t\t\t<div class=\"elementor-element elementor-element-bbe865a elementor-widget elementor-widget-heading\" data-id=\"bbe865a\" data-element_type=\"widget\" data-widget_type=\"heading.default\">\n\t\t\t\t<div class=\"elementor-widget-container\">\n\t\t\t\t\t<h2 class=\"elementor-heading-title elementor-size-default\">Wedding transportation\n<\/h2>\t\t\t\t<\/div>\n\t\t\t\t<\/div>\n\t\t\t\t<div class=\"elementor-element elementor-element-04d7afd elementor-widget elementor-widget-text-editor\" data-id=\"04d7afd\" data-element_type=\"widget\" data-widget_type=\"text-editor.default\">\n\t\t\t\t<div class=\"elementor-widget-container\">\n\t\t\t\t\t\t\t\t\t<p>You can also order a taxi boat for wedding transportation. Getting from the wedding venue to the party venue or even directly to the hotel beach is done stylishly and quickly by taxi boat. If you wish, the boat can also be decorated to suit the theme and a bottle of sparkling wine can also be reserved for the trip.<\/p>\t\t\t\t\t\t\t\t<\/div>\n\t\t\t\t<\/div>\n\t\t\t\t<div class=\"elementor-element elementor-element-ebfc24e elementor-widget elementor-widget-image\" data-id=\"ebfc24e\" data-element_type=\"widget\" data-widget_type=\"image.default\">\n\t\t\t\t<div class=\"elementor-widget-container\">\n\t\t\t\t\t\t\t\t\t\t\t\t\t\t\t<img decoding=\"async\" width=\"350\" height=\"466\" src=\"https:\/\/mspkuljetus.fi\/wp-content\/uploads\/2025\/01\/81a309d6-f921-4e5b-9dc8-740b1280d00e-350x466q85ejpeg.jpg\" class=\"attachment-large size-large wp-image-453\" alt=\"\" srcset=\"https:\/\/mspkuljetus.fi\/wp-content\/uploads\/2025\/01\/81a309d6-f921-4e5b-9dc8-740b1280d00e-350x466q85ejpeg.jpg 350w, https:\/\/mspkuljetus.fi\/wp-content\/uploads\/2025\/01\/81a309d6-f921-4e5b-9dc8-740b1280d00e-350x466q85ejpeg-225x300.jpg 225w\" sizes=\"(max-width: 350px) 100vw, 350px\" \/>\t\t\t\t\t\t\t\t\t\t\t\t\t\t\t<\/div>\n\t\t\t\t<\/div>\n\t\t\t\t<div class=\"elementor-element elementor-element-d143f25 elementor-widget elementor-widget-text-editor\" data-id=\"d143f25\" data-element_type=\"widget\" data-widget_type=\"text-editor.default\">\n\t\t\t\t<div class=\"elementor-widget-container\">\n\t\t\t\t\t\t\t\t\t<p>With a taxi boat you can transport quickly and cost-effectively, for example:<\/p>\t\t\t\t\t\t\t\t<\/div>\n\t\t\t\t<\/div>\n\t\t<div class=\"elementor-element elementor-element-822cda4 e-con-full e-flex e-con e-child\" data-id=\"822cda4\" data-element_type=\"container\">\n\t\t<div class=\"elementor-element elementor-element-d3b257d e-con-full e-flex e-con e-child\" data-id=\"d3b257d\" data-element_type=\"container\">\n\t\t\t\t<div class=\"elementor-element elementor-element-d14e0cc elementor-widget elementor-widget-text-editor\" data-id=\"d14e0cc\" data-element_type=\"widget\" data-widget_type=\"text-editor.default\">\n\t\t\t\t<div class=\"elementor-widget-container\">\n\t\t\t\t\t\t\t\t\t<ul><li>persons<\/li><li>shopping<\/li><li>smaller packages or construction needs<\/li><\/ul>\t\t\t\t\t\t\t\t<\/div>\n\t\t\t\t<\/div>\n\t\t\t\t<\/div>\n\t\t<div class=\"elementor-element elementor-element-f0690d3 e-con-full e-flex e-con e-child\" data-id=\"f0690d3\" data-element_type=\"container\">\n\t\t\t\t<div class=\"elementor-element elementor-element-38d7ff1 elementor-widget elementor-widget-image\" data-id=\"38d7ff1\" data-element_type=\"widget\" data-widget_type=\"image.default\">\n\t\t\t\t<div class=\"elementor-widget-container\">\n\t\t\t\t\t\t\t\t\t\t\t\t\t\t\t<img decoding=\"async\" width=\"165\" height=\"160\" src=\"https:\/\/mspkuljetus.fi\/wp-content\/uploads\/2025\/01\/suomalaistapalvelua_suomi_sininen_rgb-165x160-1.png\" class=\"attachment-large size-large wp-image-463\" alt=\"\" \/>\t\t\t\t\t\t\t\t\t\t\t\t\t\t\t<\/div>\n\t\t\t\t<\/div>\n\t\t\t\t<\/div>\n\t\t\t\t<\/div>\n\t\t\t\t<div class=\"elementor-element elementor-element-f889761 elementor-widget elementor-widget-text-editor\" data-id=\"f889761\" data-element_type=\"widget\" data-widget_type=\"text-editor.default\">\n\t\t\t\t<div class=\"elementor-widget-container\">\n\t\t\t\t\t\t\t\t\tCall<strong>\u00a0<a  href=\"tel:040 7772 779\">040 7772 779<\/a>\u00a0<\/strong>and ask for the daily price for the boat taxi service.\t\t\t\t\t\t\t\t<\/div>\n\t\t\t\t<\/div>\n\t\t\t\t<div class=\"elementor-element elementor-element-71e078b elementor-widget elementor-widget-text-editor\" data-id=\"71e078b\" data-element_type=\"widget\" data-widget_type=\"text-editor.default\">\n\t\t\t\t<div class=\"elementor-widget-container\">\n\t\t\t\t\t\t\t\t\t<p>Taxi boats are m\/s Xenus and m\/s Aquila.<\/p>\t\t\t\t\t\t\t\t<\/div>\n\t\t\t\t<\/div>\n\t\t\t\t<div class=\"elementor-element elementor-element-74bf8bd elementor-widget elementor-widget-text-editor\" data-id=\"74bf8bd\" data-element_type=\"widget\" data-widget_type=\"text-editor.default\">\n\t\t\t\t<div class=\"elementor-widget-container\">\n\t\t\t\t\t\t\t\t\t<p>m\/s Xenus is a Volzhanka Voyager 700 cabin (black edition) model. A fast, robust and safe boat suitable for all weather conditions. The vessel has versatile navigation equipment and no compromises have been made on safety and equipment. Xenus can accommodate a maximum of 6 passengers in addition to the driver.<\/p>\t\t\t\t\t\t\t\t<\/div>\n\t\t\t\t<\/div>\n\t\t\t\t<div class=\"elementor-element elementor-element-42139cc elementor-widget elementor-widget-text-editor\" data-id=\"42139cc\" data-element_type=\"widget\" data-widget_type=\"text-editor.default\">\n\t\t\t\t<div class=\"elementor-widget-container\">\n\t\t\t\t\t\t\t\t\t<p>m\/s Aquila is a Paragon 25 model. A fast, robust and safe boat. The vessel has versatile navigation and safety equipment.<br \/>Aquila can accommodate a maximum of 7 passengers in addition to the driver.<\/p>\t\t\t\t\t\t\t\t<\/div>\n\t\t\t\t<\/div>\n\t\t\t\t<div class=\"elementor-element elementor-element-91b38f2 elementor-widget elementor-widget-text-editor\" data-id=\"91b38f2\" data-element_type=\"widget\" data-widget_type=\"text-editor.default\">\n\t\t\t\t<div class=\"elementor-widget-container\">\n\t\t\t\t\t\t\t\t\t<p>The ships are always captained by experienced sailors who are not deterred by darkness or strong winds. The ships are inspected by Traficom.<\/p>\t\t\t\t\t\t\t\t<\/div>\n\t\t\t\t<\/div>\n\t\t\t\t<div class=\"elementor-element elementor-element-0479cfc elementor-widget elementor-widget-text-editor\" data-id=\"0479cfc\" data-element_type=\"widget\" data-widget_type=\"text-editor.default\">\n\t\t\t\t<div class=\"elementor-widget-container\">\n\t\t\t\t\t\t\t\t\t<p>Payment methods include cash, bank\/credit cards, mobilepay or invoicing by agreement.<\/p>\t\t\t\t\t\t\t\t<\/div>\n\t\t\t\t<\/div>\n\t\t\t\t<div class=\"elementor-element elementor-element-366f8bc elementor-widget elementor-widget-text-editor\" data-id=\"366f8bc\" data-element_type=\"widget\" data-widget_type=\"text-editor.default\">\n\t\t\t\t<div class=\"elementor-widget-container\">\n\t\t\t\t\t\t\t\t\t<p>As a general rule, unless otherwise agreed, the invoicing of a boat begins when the boat leaves its home port and ends when the boat has returned to its home port.<\/p>\t\t\t\t\t\t\t\t<\/div>\n\t\t\t\t<\/div>\n\t\t\t\t<div class=\"elementor-element elementor-element-53c3fee elementor-widget elementor-widget-text-editor\" data-id=\"53c3fee\" data-element_type=\"widget\" data-widget_type=\"text-editor.default\">\n\t\t\t\t<div class=\"elementor-widget-container\">\n\t\t\t\t\t\t\t\t\t<p>During the storm we will use m\/s Gavia and m\/s Larus as taxi boats.<\/p>\t\t\t\t\t\t\t\t<\/div>\n\t\t\t\t<\/div>\n\t\t\t\t<div class=\"elementor-element elementor-element-f7b7ae9 elementor-widget elementor-widget-text-editor\" data-id=\"f7b7ae9\" data-element_type=\"widget\" data-widget_type=\"text-editor.default\">\n\t\t\t\t<div class=\"elementor-widget-container\">\n\t\t\t\t\t\t\t\t\t<div class=\"palsta grid_6\"><div class=\"palsta-sisalto\"><div><p>The Finnish Federation of Work has granted our taxi and support vessel services permission to use the key flag.<\/p><\/div><\/div><\/div>\t\t\t\t\t\t\t\t<\/div>\n\t\t\t\t<\/div>\n\t\t\t\t<\/div>\n\t\t<div class=\"elementor-element elementor-element-981bd6c e-con-full e-flex e-con e-child\" data-id=\"981bd6c\" data-element_type=\"container\" data-settings=\"{&quot;background_background&quot;:&quot;classic&quot;}\">\n\t\t\t\t<\/div>\n\t\t\t\t<\/div>\n\t\t\t\t\t<\/div>\n\t\t\t\t<\/div>\n\t\t\t\t<\/div>","protected":false},"excerpt":{"rendered":"<p>MSP-Kuljetus Oy Taksi\u00advene\u00adpalvelut Taksivene Turku, Rym\u00e4ttyl\u00e4 ja Naantali Mukana niin arjessa kuin pyhiss\u00e4, iloissa ja suruissa. Taksivene vie sinut nopeasti perille, kun tarvitset venett\u00e4 siirtymiseen Turun saaristossa ja muualla Saaristomeren alueella. Veneen kotisatamana toimii Rym\u00e4ttyl\u00e4n Ahteentaka, josta on helppo suunnata minne tarpeesi vaatiikaan. Voimme sopia l\u00e4ht\u00f6paikan my\u00f6s muualle, jos tarve vaatii. Taksiveneell\u00e4 voidaan kuljettaa henkil\u00f6iden [&hellip;]<\/p>","protected":false},"author":1,"featured_media":1248,"parent":0,"menu_order":0,"comment_status":"closed","ping_status":"closed","template":"","meta":{"footnotes":""},"class_list":["post-392","page","type-page","status-publish","has-post-thumbnail","hentry"],"yoast_head":"<!-- This site is optimized with the Yoast SEO plugin v24.5 - https:\/\/yoast.com\/wordpress\/plugins\/seo\/ -->\n<title>Taksivene Turku, Rym\u00e4ttyl\u00e4 ja Naantali | MSP Kuljetus | Ota yhteytt\u00e4<\/title>\n<meta name=\"description\" content=\"Taksivene vie sinut nopeasti perille, kun tarvitset venett\u00e4 siirtymiseen Turun saaristossa ja muualla Saaristomeren alueella.\" \/>\n<meta name=\"robots\" content=\"index, follow, max-snippet:-1, max-image-preview:large, max-video-preview:-1\" \/>\n<link rel=\"canonical\" href=\"https:\/\/mspkuljetus.fi\/en\/taksivenepalvelut\/\" \/>\n<meta property=\"og:locale\" content=\"en_GB\" \/>\n<meta property=\"og:type\" content=\"article\" \/>\n<meta property=\"og:title\" content=\"Taksivene Turku, Rym\u00e4ttyl\u00e4 ja Naantali | MSP Kuljetus | Ota yhteytt\u00e4\" \/>\n<meta property=\"og:description\" content=\"Taksivene vie sinut nopeasti perille, kun tarvitset venett\u00e4 siirtymiseen Turun saaristossa ja muualla Saaristomeren alueella.\" \/>\n<meta property=\"og:url\" content=\"https:\/\/mspkuljetus.fi\/en\/taksivenepalvelut\/\" \/>\n<meta property=\"og:site_name\" content=\"MSP Kuljetus\" \/>\n<meta property=\"article:modified_time\" content=\"2025-06-14T09:07:13+00:00\" \/>\n<meta property=\"og:image\" content=\"https:\/\/mspkuljetus.fi\/wp-content\/uploads\/2025\/02\/IMG_3863-scaled.jpg\" \/>\n\t<meta property=\"og:image:width\" content=\"2560\" \/>\n\t<meta property=\"og:image:height\" content=\"1920\" \/>\n\t<meta property=\"og:image:type\" content=\"image\/jpeg\" \/>\n<meta name=\"twitter:card\" content=\"summary_large_image\" \/>\n<meta name=\"twitter:label1\" content=\"Estimated reading time\" \/>\n\t<meta name=\"twitter:data1\" content=\"3 minutes\" \/>\n<script type=\"application\/ld+json\" class=\"yoast-schema-graph\">{\"@context\":\"https:\/\/schema.org\",\"@graph\":[{\"@type\":\"WebPage\",\"@id\":\"https:\/\/mspkuljetus.fi\/taksivenepalvelut\/\",\"url\":\"https:\/\/mspkuljetus.fi\/taksivenepalvelut\/\",\"name\":\"Taksivene Turku, Rym\u00e4ttyl\u00e4 ja Naantali | MSP Kuljetus | Ota yhteytt\u00e4\",\"isPartOf\":{\"@id\":\"https:\/\/mspkuljetus.fi\/#website\"},\"primaryImageOfPage\":{\"@id\":\"https:\/\/mspkuljetus.fi\/taksivenepalvelut\/#primaryimage\"},\"image\":{\"@id\":\"https:\/\/mspkuljetus.fi\/taksivenepalvelut\/#primaryimage\"},\"thumbnailUrl\":\"https:\/\/mspkuljetus.fi\/wp-content\/uploads\/2025\/02\/IMG_3863-scaled.jpg\",\"datePublished\":\"2025-01-14T18:46:27+00:00\",\"dateModified\":\"2025-06-14T09:07:13+00:00\",\"description\":\"Taksivene vie sinut nopeasti perille, kun tarvitset venett\u00e4 siirtymiseen Turun saaristossa ja muualla Saaristomeren alueella.\",\"breadcrumb\":{\"@id\":\"https:\/\/mspkuljetus.fi\/taksivenepalvelut\/#breadcrumb\"},\"inLanguage\":\"en-GB\",\"potentialAction\":[{\"@type\":\"ReadAction\",\"target\":[\"https:\/\/mspkuljetus.fi\/taksivenepalvelut\/\"]}]},{\"@type\":\"ImageObject\",\"inLanguage\":\"en-GB\",\"@id\":\"https:\/\/mspkuljetus.fi\/taksivenepalvelut\/#primaryimage\",\"url\":\"https:\/\/mspkuljetus.fi\/wp-content\/uploads\/2025\/02\/IMG_3863-scaled.jpg\",\"contentUrl\":\"https:\/\/mspkuljetus.fi\/wp-content\/uploads\/2025\/02\/IMG_3863-scaled.jpg\",\"width\":2560,\"height\":1920},{\"@type\":\"BreadcrumbList\",\"@id\":\"https:\/\/mspkuljetus.fi\/taksivenepalvelut\/#breadcrumb\",\"itemListElement\":[{\"@type\":\"ListItem\",\"position\":1,\"name\":\"Etusivu\",\"item\":\"https:\/\/mspkuljetus.fi\/\"},{\"@type\":\"ListItem\",\"position\":2,\"name\":\"Taksivenepalvelut\"}]},{\"@type\":\"WebSite\",\"@id\":\"https:\/\/mspkuljetus.fi\/#website\",\"url\":\"https:\/\/mspkuljetus.fi\/\",\"name\":\"MSP Kuljetus\",\"description\":\"\",\"potentialAction\":[{\"@type\":\"SearchAction\",\"target\":{\"@type\":\"EntryPoint\",\"urlTemplate\":\"https:\/\/mspkuljetus.fi\/?s={search_term_string}\"},\"query-input\":{\"@type\":\"PropertyValueSpecification\",\"valueRequired\":true,\"valueName\":\"search_term_string\"}}],\"inLanguage\":\"en-GB\"}]}<\/script>\n<!-- \/ Yoast SEO plugin. -->","yoast_head_json":{"title":"Taksivene Turku, Rym\u00e4ttyl\u00e4 ja Naantali | MSP Kuljetus | Ota yhteytt\u00e4","description":"Taksivene vie sinut nopeasti perille, kun tarvitset venett\u00e4 siirtymiseen Turun saaristossa ja muualla Saaristomeren alueella.","robots":{"index":"index","follow":"follow","max-snippet":"max-snippet:-1","max-image-preview":"max-image-preview:large","max-video-preview":"max-video-preview:-1"},"canonical":"https:\/\/mspkuljetus.fi\/en\/taksivenepalvelut\/","og_locale":"en_GB","og_type":"article","og_title":"Taksivene Turku, Rym\u00e4ttyl\u00e4 ja Naantali | MSP Kuljetus | Ota yhteytt\u00e4","og_description":"Taksivene vie sinut nopeasti perille, kun tarvitset venett\u00e4 siirtymiseen Turun saaristossa ja muualla Saaristomeren alueella.","og_url":"https:\/\/mspkuljetus.fi\/en\/taksivenepalvelut\/","og_site_name":"MSP Kuljetus","article_modified_time":"2025-06-14T09:07:13+00:00","og_image":[{"width":2560,"height":1920,"url":"https:\/\/mspkuljetus.fi\/wp-content\/uploads\/2025\/02\/IMG_3863-scaled.jpg","type":"image\/jpeg"}],"twitter_card":"summary_large_image","twitter_misc":{"Estimated reading time":"3 minutes"},"schema":{"@context":"https:\/\/schema.org","@graph":[{"@type":"WebPage","@id":"https:\/\/mspkuljetus.fi\/taksivenepalvelut\/","url":"https:\/\/mspkuljetus.fi\/taksivenepalvelut\/","name":"Taksivene Turku, Rym\u00e4ttyl\u00e4 ja Naantali | MSP Kuljetus | Ota yhteytt\u00e4","isPartOf":{"@id":"https:\/\/mspkuljetus.fi\/#website"},"primaryImageOfPage":{"@id":"https:\/\/mspkuljetus.fi\/taksivenepalvelut\/#primaryimage"},"image":{"@id":"https:\/\/mspkuljetus.fi\/taksivenepalvelut\/#primaryimage"},"thumbnailUrl":"https:\/\/mspkuljetus.fi\/wp-content\/uploads\/2025\/02\/IMG_3863-scaled.jpg","datePublished":"2025-01-14T18:46:27+00:00","dateModified":"2025-06-14T09:07:13+00:00","description":"Taksivene vie sinut nopeasti perille, kun tarvitset venett\u00e4 siirtymiseen Turun saaristossa ja muualla Saaristomeren alueella.","breadcrumb":{"@id":"https:\/\/mspkuljetus.fi\/taksivenepalvelut\/#breadcrumb"},"inLanguage":"en-GB","potentialAction":[{"@type":"ReadAction","target":["https:\/\/mspkuljetus.fi\/taksivenepalvelut\/"]}]},{"@type":"ImageObject","inLanguage":"en-GB","@id":"https:\/\/mspkuljetus.fi\/taksivenepalvelut\/#primaryimage","url":"https:\/\/mspkuljetus.fi\/wp-content\/uploads\/2025\/02\/IMG_3863-scaled.jpg","contentUrl":"https:\/\/mspkuljetus.fi\/wp-content\/uploads\/2025\/02\/IMG_3863-scaled.jpg","width":2560,"height":1920},{"@type":"BreadcrumbList","@id":"https:\/\/mspkuljetus.fi\/taksivenepalvelut\/#breadcrumb","itemListElement":[{"@type":"ListItem","position":1,"name":"Etusivu","item":"https:\/\/mspkuljetus.fi\/"},{"@type":"ListItem","position":2,"name":"Taksivenepalvelut"}]},{"@type":"WebSite","@id":"https:\/\/mspkuljetus.fi\/#website","url":"https:\/\/mspkuljetus.fi\/","name":"MSP Kuljetus","description":"","potentialAction":[{"@type":"SearchAction","target":{"@type":"EntryPoint","urlTemplate":"https:\/\/mspkuljetus.fi\/?s={search_term_string}"},"query-input":{"@type":"PropertyValueSpecification","valueRequired":true,"valueName":"search_term_string"}}],"inLanguage":"en-GB"}]}},"_links":{"self":[{"href":"https:\/\/mspkuljetus.fi\/en\/wp-json\/wp\/v2\/pages\/392","targetHints":{"allow":["GET"]}}],"collection":[{"href":"https:\/\/mspkuljetus.fi\/en\/wp-json\/wp\/v2\/pages"}],"about":[{"href":"https:\/\/mspkuljetus.fi\/en\/wp-json\/wp\/v2\/types\/page"}],"author":[{"embeddable":true,"href":"https:\/\/mspkuljetus.fi\/en\/wp-json\/wp\/v2\/users\/1"}],"replies":[{"embeddable":true,"href":"https:\/\/mspkuljetus.fi\/en\/wp-json\/wp\/v2\/comments?post=392"}],"version-history":[{"count":100,"href":"https:\/\/mspkuljetus.fi\/en\/wp-json\/wp\/v2\/pages\/392\/revisions"}],"predecessor-version":[{"id":1469,"href":"https:\/\/mspkuljetus.fi\/en\/wp-json\/wp\/v2\/pages\/392\/revisions\/1469"}],"wp:featuredmedia":[{"embeddable":true,"href":"https:\/\/mspkuljetus.fi\/en\/wp-json\/wp\/v2\/media\/1248"}],"wp:attachment":[{"href":"https:\/\/mspkuljetus.fi\/en\/wp-json\/wp\/v2\/media?parent=392"}],"curies":[{"name":"wp","href":"https:\/\/api.w.org\/{rel}","templated":true}]}}