{"id":1450,"date":"2025-06-14T09:04:36","date_gmt":"2025-06-14T09:04:36","guid":{"rendered":"https:\/\/mspkuljetus.fi\/?page_id=1450"},"modified":"2025-06-14T09:11:05","modified_gmt":"2025-06-14T09:11:05","slug":"__trashed","status":"publish","type":"page","link":"https:\/\/mspkuljetus.fi\/en\/__trashed\/","title":{"rendered":"Our equipment"},"content":{"rendered":"<div data-elementor-type=\"wp-page\" data-elementor-id=\"1450\" class=\"elementor elementor-1450\" data-elementor-post-type=\"page\">\n\t\t\t\t<div class=\"elementor-element elementor-element-d1e1733 e-flex e-con-boxed e-con e-parent\" data-id=\"d1e1733\" data-element_type=\"container\" data-settings=\"{&quot;background_background&quot;:&quot;classic&quot;}\">\n\t\t\t\t\t<div class=\"e-con-inner\">\n\t\t<div class=\"elementor-element elementor-element-5144830 e-con-full e-flex e-con e-child\" data-id=\"5144830\" data-element_type=\"container\">\n\t\t\t\t<div class=\"elementor-element elementor-element-12f28b1 elementor-align-center elementor-hidden-desktop elementor-hidden-tablet elementor-hidden-mobile elementor-widget elementor-widget-button\" data-id=\"12f28b1\" data-element_type=\"widget\" data-widget_type=\"button.default\">\n\t\t\t\t<div class=\"elementor-widget-container\">\n\t\t\t\t\t\t\t\t\t<div class=\"elementor-button-wrapper\">\n\t\t\t\t\t<a class=\"elementor-button elementor-size-sm\" role=\"button\">\n\t\t\t\t\t\t<span class=\"elementor-button-content-wrapper\">\n\t\t\t\t\t\t\t\t\t<span class=\"elementor-button-text\">MSP Transport Ltd.<\/span>\n\t\t\t\t\t<\/span>\n\t\t\t\t\t<\/a>\n\t\t\t\t<\/div>\n\t\t\t\t\t\t\t\t<\/div>\n\t\t\t\t<\/div>\n\t\t\t\t<div class=\"elementor-element elementor-element-df7f7ad elementor-widget elementor-widget-heading\" data-id=\"df7f7ad\" data-element_type=\"widget\" data-widget_type=\"heading.default\">\n\t\t\t\t<div class=\"elementor-widget-container\">\n\t\t\t\t\t<h2 class=\"elementor-heading-title elementor-size-default\">Our equipment<\/h2>\t\t\t\t<\/div>\n\t\t\t\t<\/div>\n\t\t\t\t<\/div>\n\t\t\t\t\t<\/div>\n\t\t\t\t<\/div>\n\t\t<div class=\"elementor-element elementor-element-aeffbe3 e-con-full e-flex e-con e-parent\" data-id=\"aeffbe3\" data-element_type=\"container\">\n\t\t<div class=\"elementor-element elementor-element-a8ecdbc e-con-full e-flex e-con e-child\" data-id=\"a8ecdbc\" data-element_type=\"container\">\n\t\t<div class=\"elementor-element elementor-element-8aa8b31 e-con-full e-flex e-con e-child\" data-id=\"8aa8b31\" data-element_type=\"container\">\n\t\t<div class=\"elementor-element elementor-element-8644874 e-con-full e-flex e-con e-child\" data-id=\"8644874\" data-element_type=\"container\">\n\t\t<div class=\"elementor-element elementor-element-0850880 e-con-full e-flex e-con e-child\" data-id=\"0850880\" data-element_type=\"container\">\n\t\t\t\t<div class=\"elementor-element elementor-element-4e550f8 elementor-widget elementor-widget-heading\" data-id=\"4e550f8\" data-element_type=\"widget\" data-widget_type=\"heading.default\">\n\t\t\t\t<div class=\"elementor-widget-container\">\n\t\t\t\t\t<h2 class=\"elementor-heading-title elementor-size-default\">Xenus\n<\/h2>\t\t\t\t<\/div>\n\t\t\t\t<\/div>\n\t\t\t\t<div class=\"elementor-element elementor-element-14fd64b elementor-widget elementor-widget-text-editor\" data-id=\"14fd64b\" data-element_type=\"widget\" data-widget_type=\"text-editor.default\">\n\t\t\t\t<div class=\"elementor-widget-container\">\n\t\t\t\t\t\t\t\t\t<ul><li>Length: 7.15m<\/li><li>Width: 2.40m<\/li><li>Depth: 0.80m<\/li><li>Weight: 2200kg<\/li><li>Year of construction: 2018<\/li><li>Passengers: 6 people<\/li><li>Machine: Mercury F200 SeaPro year 2024<\/li><li>Cruising speed: 23-25kn, top speed 36kn<\/li><li>Inspected: Traficom, domestic traffic area II<\/li><li>Versatile navigation and safety equipment<\/li><\/ul>\t\t\t\t\t\t\t\t<\/div>\n\t\t\t\t<\/div>\n\t\t<div class=\"elementor-element elementor-element-84e961b e-con-full elementor-hidden-desktop elementor-hidden-tablet elementor-hidden-mobile e-flex e-con e-child\" data-id=\"84e961b\" data-element_type=\"container\">\n\t\t\t\t<div class=\"elementor-element elementor-element-599fba7 elementor-align-left elementor-mobile-align-center elementor-widget elementor-widget-button\" data-id=\"599fba7\" data-element_type=\"widget\" data-widget_type=\"button.default\">\n\t\t\t\t<div class=\"elementor-widget-container\">\n\t\t\t\t\t\t\t\t\t<div class=\"elementor-button-wrapper\">\n\t\t\t\t\t<a class=\"elementor-button elementor-button-link elementor-size-sm\" href=\"#\">\n\t\t\t\t\t\t<span class=\"elementor-button-content-wrapper\">\n\t\t\t\t\t\t\t\t\t<span class=\"elementor-button-text\">Contact us \u00bb<\/span>\n\t\t\t\t\t<\/span>\n\t\t\t\t\t<\/a>\n\t\t\t\t<\/div>\n\t\t\t\t\t\t\t\t<\/div>\n\t\t\t\t<\/div>\n\t\t\t\t<\/div>\n\t\t\t\t<\/div>\n\t\t\t\t<\/div>\n\t\t<div class=\"elementor-element elementor-element-a5ef34f e-con-full e-flex e-con e-child\" data-id=\"a5ef34f\" data-element_type=\"container\" data-settings=\"{&quot;background_background&quot;:&quot;classic&quot;}\">\n\t\t\t\t<\/div>\n\t\t\t\t<\/div>\n\t\t\t\t<\/div>\n\t\t\t\t<\/div>\n\t\t<div class=\"elementor-element elementor-element-019113c e-con-full e-flex e-con e-parent\" data-id=\"019113c\" data-element_type=\"container\" data-settings=\"{&quot;background_background&quot;:&quot;classic&quot;}\">\n\t\t<div class=\"elementor-element elementor-element-074cd9f e-con-full e-flex e-con e-child\" data-id=\"074cd9f\" data-element_type=\"container\">\n\t\t<div class=\"elementor-element elementor-element-2fdba65 e-con-full e-flex e-con e-child\" data-id=\"2fdba65\" data-element_type=\"container\">\n\t\t<div class=\"elementor-element elementor-element-8bc4794 e-con-full e-flex e-con e-child\" data-id=\"8bc4794\" data-element_type=\"container\" data-settings=\"{&quot;background_background&quot;:&quot;classic&quot;}\">\n\t\t\t\t<\/div>\n\t\t<div class=\"elementor-element elementor-element-4c2b71d e-con-full e-flex e-con e-child\" data-id=\"4c2b71d\" data-element_type=\"container\">\n\t\t\t\t<div class=\"elementor-element elementor-element-0a7a779 elementor-widget elementor-widget-heading\" data-id=\"0a7a779\" data-element_type=\"widget\" data-widget_type=\"heading.default\">\n\t\t\t\t<div class=\"elementor-widget-container\">\n\t\t\t\t\t<h2 class=\"elementor-heading-title elementor-size-default\">Aquila<\/h2>\t\t\t\t<\/div>\n\t\t\t\t<\/div>\n\t\t\t\t<div class=\"elementor-element elementor-element-a6eed3c elementor-widget elementor-widget-text-editor\" data-id=\"a6eed3c\" data-element_type=\"widget\" data-widget_type=\"text-editor.default\">\n\t\t\t\t<div class=\"elementor-widget-container\">\n\t\t\t\t\t\t\t\t\t<ul><li>Length: 8.60m<\/li><li>Width: 3.00m<\/li><li>Depth: 1.20m<\/li><li>Weight: 3800kg<\/li><li>Year of construction: 2010<\/li><li>Passengers: 7 people<\/li><li>Machine: Volvo-Penta D4, 220kW<\/li><li>Cruising speed: 24-28kn<\/li><li>Inspected: Traficom domestic traffic area II<\/li><li>Versatile navigation and safety equipment\u00a0<\/li><li>Suitable as a support, security and taxi boat.<\/li><\/ul>\t\t\t\t\t\t\t\t<\/div>\n\t\t\t\t<\/div>\n\t\t\t\t<\/div>\n\t\t\t\t<\/div>\n\t\t\t\t<\/div>\n\t\t\t\t<\/div>\n\t\t<div class=\"elementor-element elementor-element-e7b435b e-con-full e-flex e-con e-parent\" data-id=\"e7b435b\" data-element_type=\"container\" data-settings=\"{&quot;background_background&quot;:&quot;classic&quot;}\">\n\t\t<div class=\"elementor-element elementor-element-63d388c e-con-full e-flex e-con e-child\" data-id=\"63d388c\" data-element_type=\"container\">\n\t\t<div class=\"elementor-element elementor-element-674753c e-con-full e-flex e-con e-child\" data-id=\"674753c\" data-element_type=\"container\">\n\t\t<div class=\"elementor-element elementor-element-b6f8536 e-con-full e-flex e-con e-child\" data-id=\"b6f8536\" data-element_type=\"container\" data-settings=\"{&quot;background_background&quot;:&quot;classic&quot;}\">\n\t\t\t\t<\/div>\n\t\t<div class=\"elementor-element elementor-element-8945d0b e-con-full e-flex e-con e-child\" data-id=\"8945d0b\" data-element_type=\"container\">\n\t\t\t\t<div class=\"elementor-element elementor-element-7d3d9e8 elementor-widget elementor-widget-heading\" data-id=\"7d3d9e8\" data-element_type=\"widget\" data-widget_type=\"heading.default\">\n\t\t\t\t<div class=\"elementor-widget-container\">\n\t\t\t\t\t<h2 class=\"elementor-heading-title elementor-size-default\">LARUS<\/h2>\t\t\t\t<\/div>\n\t\t\t\t<\/div>\n\t\t\t\t<div class=\"elementor-element elementor-element-c511386 elementor-widget elementor-widget-text-editor\" data-id=\"c511386\" data-element_type=\"widget\" data-widget_type=\"text-editor.default\">\n\t\t\t\t<div class=\"elementor-widget-container\">\n\t\t\t\t\t\t\t\t\t<ul><li>Length: 14.3m<\/li><li>Width: 3.58m<\/li><li>Depth: 1.66m<\/li><li>Weight: approx. 20t<\/li><li>Year of construction: 1978 Hollming Oy, Rauma<\/li><li>Passengers: 12 people<\/li><li>Machine: MB Wiseman OM403 224kW<\/li><li>Cruising speed: approx. 8 \u2013 9 knots<\/li><li>Inspected: Traficom, domestic traffic area II<\/li><li>Versatile navigation and safety equipment<\/li><li>Suitable for operation in ice<\/li><\/ul>\t\t\t\t\t\t\t\t<\/div>\n\t\t\t\t<\/div>\n\t\t\t\t<\/div>\n\t\t\t\t<\/div>\n\t\t\t\t<\/div>\n\t\t\t\t<\/div>\n\t\t<div class=\"elementor-element elementor-element-df57143 e-con-full e-flex e-con e-parent\" data-id=\"df57143\" data-element_type=\"container\">\n\t\t<div class=\"elementor-element elementor-element-04d412d e-con-full e-flex e-con e-child\" data-id=\"04d412d\" data-element_type=\"container\">\n\t\t<div class=\"elementor-element elementor-element-fbeda84 e-con-full e-flex e-con e-child\" data-id=\"fbeda84\" data-element_type=\"container\">\n\t\t<div class=\"elementor-element elementor-element-9ca5ecc e-con-full e-flex e-con e-child\" data-id=\"9ca5ecc\" data-element_type=\"container\">\n\t\t<div class=\"elementor-element elementor-element-fde7613 e-con-full e-flex e-con e-child\" data-id=\"fde7613\" data-element_type=\"container\">\n\t\t\t\t<div class=\"elementor-element elementor-element-a87f759 elementor-widget elementor-widget-heading\" data-id=\"a87f759\" data-element_type=\"widget\" data-widget_type=\"heading.default\">\n\t\t\t\t<div class=\"elementor-widget-container\">\n\t\t\t\t\t<h2 class=\"elementor-heading-title elementor-size-default\">PANDION\n\n\n<\/h2>\t\t\t\t<\/div>\n\t\t\t\t<\/div>\n\t\t\t\t<div class=\"elementor-element elementor-element-6f4cde7 elementor-widget elementor-widget-text-editor\" data-id=\"6f4cde7\" data-element_type=\"widget\" data-widget_type=\"text-editor.default\">\n\t\t\t\t<div class=\"elementor-widget-container\">\n\t\t\t\t\t\t\t\t\t<ul><li>\u00a0Length: 12.3m<\/li><li>Width: 3.5m<\/li><li>Depth: 1.0m<\/li><li>Weight: 9000kg<\/li><li>Year of construction: 1992\/2005 Marine Alutech Oy, Teijo \/ Raumametals Oy, Rauma<\/li><li>Passengers: 7 people<\/li><li>Machine: Iveco Cursor 770, 567kW<\/li><li>Electricity: 12\/24\/230V<\/li><li>Cruising speed: 24-26kn, top speed 31kn<\/li><li>Inspected: Traficom, domestic traffic area III<\/li><li>Versatile navigation and safety equipment<\/li><li>Suitable as a support, safety and maintenance boat, as well as for crew change tasks<\/li><\/ul>\t\t\t\t\t\t\t\t<\/div>\n\t\t\t\t<\/div>\n\t\t<div class=\"elementor-element elementor-element-cb6a621 e-con-full elementor-hidden-desktop elementor-hidden-tablet elementor-hidden-mobile e-flex e-con e-child\" data-id=\"cb6a621\" data-element_type=\"container\">\n\t\t\t\t<div class=\"elementor-element elementor-element-11fe7b6 elementor-align-left elementor-mobile-align-center elementor-widget elementor-widget-button\" data-id=\"11fe7b6\" data-element_type=\"widget\" data-widget_type=\"button.default\">\n\t\t\t\t<div class=\"elementor-widget-container\">\n\t\t\t\t\t\t\t\t\t<div class=\"elementor-button-wrapper\">\n\t\t\t\t\t<a class=\"elementor-button elementor-button-link elementor-size-sm\" href=\"#\">\n\t\t\t\t\t\t<span class=\"elementor-button-content-wrapper\">\n\t\t\t\t\t\t\t\t\t<span class=\"elementor-button-text\">Contact us \u00bb<\/span>\n\t\t\t\t\t<\/span>\n\t\t\t\t\t<\/a>\n\t\t\t\t<\/div>\n\t\t\t\t\t\t\t\t<\/div>\n\t\t\t\t<\/div>\n\t\t\t\t<\/div>\n\t\t\t\t<\/div>\n\t\t\t\t<\/div>\n\t\t<div class=\"elementor-element elementor-element-775b4b5 e-con-full e-flex e-con e-child\" data-id=\"775b4b5\" data-element_type=\"container\" data-settings=\"{&quot;background_background&quot;:&quot;classic&quot;}\">\n\t\t\t\t<\/div>\n\t\t\t\t<\/div>\n\t\t\t\t<\/div>\n\t\t\t\t<\/div>\n\t\t<div class=\"elementor-element elementor-element-64ef9c9 e-flex e-con-boxed e-con e-parent\" data-id=\"64ef9c9\" data-element_type=\"container\">\n\t\t\t\t\t<div class=\"e-con-inner\">\n\t\t<div class=\"elementor-element elementor-element-92b15b1 e-con-full e-flex e-con e-child\" data-id=\"92b15b1\" data-element_type=\"container\">\n\t\t\t\t<div class=\"elementor-element elementor-element-9e3fa70 elementor-widget elementor-widget-image\" data-id=\"9e3fa70\" data-element_type=\"widget\" data-widget_type=\"image.default\">\n\t\t\t\t<div class=\"elementor-widget-container\">\n\t\t\t\t\t\t\t\t\t\t\t\t\t\t\t<img fetchpriority=\"high\" decoding=\"async\" width=\"800\" height=\"800\" src=\"https:\/\/mspkuljetus.fi\/wp-content\/uploads\/2025\/01\/b4b-1100x1100cq85ejpeg-1024x1024.jpg\" class=\"attachment-large size-large wp-image-781\" alt=\"\" srcset=\"https:\/\/mspkuljetus.fi\/wp-content\/uploads\/2025\/01\/b4b-1100x1100cq85ejpeg-1024x1024.jpg 1024w, https:\/\/mspkuljetus.fi\/wp-content\/uploads\/2025\/01\/b4b-1100x1100cq85ejpeg-300x300.jpg 300w, https:\/\/mspkuljetus.fi\/wp-content\/uploads\/2025\/01\/b4b-1100x1100cq85ejpeg-150x150.jpg 150w, https:\/\/mspkuljetus.fi\/wp-content\/uploads\/2025\/01\/b4b-1100x1100cq85ejpeg-768x768.jpg 768w, https:\/\/mspkuljetus.fi\/wp-content\/uploads\/2025\/01\/b4b-1100x1100cq85ejpeg.jpg 1100w\" sizes=\"(max-width: 800px) 100vw, 800px\" \/>\t\t\t\t\t\t\t\t\t\t\t\t\t\t\t<\/div>\n\t\t\t\t<\/div>\n\t\t\t\t<\/div>\n\t\t<div class=\"elementor-element elementor-element-971377e e-con-full e-flex e-con e-child\" data-id=\"971377e\" data-element_type=\"container\">\n\t\t\t\t<div class=\"elementor-element elementor-element-2311857 elementor-widget elementor-widget-heading\" data-id=\"2311857\" data-element_type=\"widget\" data-widget_type=\"heading.default\">\n\t\t\t\t<div class=\"elementor-widget-container\">\n\t\t\t\t\t<h2 class=\"elementor-heading-title elementor-size-default\">VUOKRALAUTTA\n\n<\/h2>\t\t\t\t<\/div>\n\t\t\t\t<\/div>\n\t\t\t\t<div class=\"elementor-element elementor-element-66fb69e elementor-widget elementor-widget-text-editor\" data-id=\"66fb69e\" data-element_type=\"widget\" data-widget_type=\"text-editor.default\">\n\t\t\t\t<div class=\"elementor-widget-container\">\n\t\t\t\t\t\t\t\t\t<ul><li><h5>Pituus: \u00a0 \u00a0 \u00a0 \u00a0 \u00a0 \u00a0 \u00a0 \u00a06,00m<\/h5><\/li><li><h5>Leveys: \u00a0 \u00a0 \u00a0 \u00a0 \u00a0 \u00a0 \u00a0 3,20m<\/h5><\/li><li><h5>Kantavuus: \u00a0 \u00a0 \u00a0 \u00a0n.1500kg<\/h5><\/li><\/ul>\t\t\t\t\t\t\t\t<\/div>\n\t\t\t\t<\/div>\n\t\t\t\t<\/div>\n\t\t\t\t\t<\/div>\n\t\t\t\t<\/div>\n\t\t<div class=\"elementor-element elementor-element-1bc0219 e-flex e-con-boxed e-con e-parent\" data-id=\"1bc0219\" data-element_type=\"container\">\n\t\t\t\t\t<div class=\"e-con-inner\">\n\t\t<div class=\"elementor-element elementor-element-661c501 e-con-full e-flex e-con e-child\" data-id=\"661c501\" data-element_type=\"container\">\n\t\t\t\t<div class=\"elementor-element elementor-element-2184010 elementor-widget elementor-widget-image\" data-id=\"2184010\" data-element_type=\"widget\" data-widget_type=\"image.default\">\n\t\t\t\t<div class=\"elementor-widget-container\">\n\t\t\t\t\t\t\t\t\t\t\t\t\t\t\t<img decoding=\"async\" width=\"800\" height=\"800\" src=\"https:\/\/mspkuljetus.fi\/wp-content\/uploads\/2025\/06\/IMG_0560.jpeg\" class=\"attachment-large size-large wp-image-1446\" alt=\"\" srcset=\"https:\/\/mspkuljetus.fi\/wp-content\/uploads\/2025\/06\/IMG_0560.jpeg 832w, https:\/\/mspkuljetus.fi\/wp-content\/uploads\/2025\/06\/IMG_0560-300x300.jpeg 300w, https:\/\/mspkuljetus.fi\/wp-content\/uploads\/2025\/06\/IMG_0560-150x150.jpeg 150w, https:\/\/mspkuljetus.fi\/wp-content\/uploads\/2025\/06\/IMG_0560-768x768.jpeg 768w, https:\/\/mspkuljetus.fi\/wp-content\/uploads\/2025\/06\/IMG_0560-12x12.jpeg 12w\" sizes=\"(max-width: 800px) 100vw, 800px\" \/>\t\t\t\t\t\t\t\t\t\t\t\t\t\t\t<\/div>\n\t\t\t\t<\/div>\n\t\t\t\t<\/div>\n\t\t<div class=\"elementor-element elementor-element-5ba1fe0 e-con-full e-flex e-con e-child\" data-id=\"5ba1fe0\" data-element_type=\"container\">\n\t\t\t\t<div class=\"elementor-element elementor-element-e55b78e elementor-widget elementor-widget-heading\" data-id=\"e55b78e\" data-element_type=\"widget\" data-widget_type=\"heading.default\">\n\t\t\t\t<div class=\"elementor-widget-container\">\n\t\t\t\t\t<h2 class=\"elementor-heading-title elementor-size-default\">ROV<\/h2>\t\t\t\t<\/div>\n\t\t\t\t<\/div>\n\t\t\t\t<div class=\"elementor-element elementor-element-734d32b elementor-widget elementor-widget-text-editor\" data-id=\"734d32b\" data-element_type=\"widget\" data-widget_type=\"text-editor.default\">\n\t\t\t\t<div class=\"elementor-widget-container\">\n\t\t\t\t\t\t\t\t\t<ul><li><h5>Malli: \u00a0 \u00a0 \u00a0 \u00a0 \u00a0 \u00a0 \u00a0 \u00a0 \u00a0 \u00a0 \u00a0 \u00a0 \u00a0 \u00a0 \u00a0 \u00a0 \u00a0 \u00a0 Chasing M2 ROV<\/h5><\/li><li><h5>Mitat: \u00a0 \u00a0 \u00a0 \u00a0 \u00a0 \u00a0 \u00a0 \u00a0 \u00a0 \u00a0 \u00a0 \u00a0 \u00a0 \u00a0 \u00a0 \u00a0 \u00a0 \u00a0380 x 260 x 162mm<\/h5><\/li><li><h5>Paino: \u00a0 \u00a0 \u00a0 \u00a0 \u00a0 \u00a0 \u00a0 \u00a0 \u00a0 \u00a0 \u00a0 \u00a0 \u00a0 \u00a0 \u00a0 \u00a0 \u00a0 \u00a04,5kg<\/h5><\/li><li><h5>Max. sukellussyvyys: \u00a0 \u00a0 \u00a0 \u00a0 \u00a0 \u00a0 \u00a0100m<\/h5><\/li><li><h5>Max. toimitas\u00e4de: \u00a0 \u00a0 \u00a0 \u00a0 \u00a0 \u00a0 \u00a0 \u00a0 \u00a0 200m<\/h5><\/li><li><h5>Toiminta-aika: \u00a0 \u00a0 \u00a0 \u00a0 \u00a0 \u00a0 \u00a0 \u00a0 \u00a0 \u00a0 \u00a0 \u00a02-4h<\/h5><\/li><li><h5>Kamera: \u00a0 \u00a0 \u00a0 \u00a0 \u00a0 \u00a0 \u00a0 \u00a0 \u00a0 \u00a0 \u00a0 \u00a0 \u00a0 \u00a0 \u00a0 \u00a04K<\/h5><\/li><li><h5>Valot: \u00a0 \u00a0 \u00a0 \u00a0 \u00a0 \u00a0 \u00a0 \u00a0 \u00a0 \u00a0 \u00a0 \u00a0 \u00a0 \u00a0 \u00a0 \u00a0 \u00a0 \u00a02 x 2000lumen<\/h5><\/li><li><h5>Propellit: \u00a0 \u00a0 \u00a0 \u00a0 \u00a0 \u00a0 \u00a0 \u00a0 \u00a0 \u00a0 \u00a0 \u00a0 \u00a0 \u00a0 \u00a0 8kpl<\/h5><\/li><li><h5>Sensorit: \u00a0 \u00a0 \u00a0 \u00a0 \u00a0 \u00a0 \u00a0 \u00a0 \u00a0 \u00a0 \u00a0 \u00a0 \u00a0 \u00a0 \u00a0 3-akselinen gyro \/ kiihtyvyysmittari \/ kompassi \/ syvyyssensori \/ l\u00e4mp\u00f6tilasensori<\/h5><\/li><\/ul>\t\t\t\t\t\t\t\t<\/div>\n\t\t\t\t<\/div>\n\t\t\t\t<\/div>\n\t\t\t\t\t<\/div>\n\t\t\t\t<\/div>\n\t\t\t\t<\/div>","protected":false},"excerpt":{"rendered":"<p>MSP-Kuljetus Oy Kalustomme: Xenus Pituus:\u00a0 \u00a0 \u00a0 \u00a0 \u00a0 \u00a0 \u00a0 \u00a0 7,15m Leveys:\u00a0 \u00a0 \u00a0 \u00a0 \u00a0 \u00a0 \u00a0 \u00a02,40m Syv\u00e4ys:\u00a0 \u00a0 \u00a0 \u00a0 \u00a0 \u00a0 \u00a0 \u00a00,80m Paino:\u00a0 \u00a0 \u00a0 \u00a0 \u00a0 \u00a0 \u00a0 \u00a0 2200kg Rakennusvuosi:\u00a0 \u00a02018 Matkustajia:\u00a0 \u00a0 \u00a0 \u00a0 6 henkil\u00f6\u00e4 Kone:\u00a0 \u00a0 \u00a0 \u00a0 \u00a0 \u00a0 \u00a0 \u00a0 \u00a0 [&hellip;]<\/p>","protected":false},"author":2,"featured_media":682,"parent":0,"menu_order":0,"comment_status":"closed","ping_status":"closed","template":"","meta":{"footnotes":""},"class_list":["post-1450","page","type-page","status-publish","has-post-thumbnail","hentry"],"yoast_head":"<!-- This site is optimized with the Yoast SEO plugin v24.5 - https:\/\/yoast.com\/wordpress\/plugins\/seo\/ -->\n<title>Kalustomme | MSP Kuljetus | Merellinen monialayritys Rym\u00e4ttyl\u00e4st\u00e4<\/title>\n<meta name=\"description\" content=\"Merellinen monialayrityksemme on perustettu vuonna 2002. MSP-Kuljetuksen kotipaikka on Naantalissa, mutta toiminta-alue kattaa koko Suomen.\" \/>\n<meta name=\"robots\" content=\"index, follow, max-snippet:-1, max-image-preview:large, max-video-preview:-1\" \/>\n<link rel=\"canonical\" href=\"https:\/\/mspkuljetus.fi\/en\/__trashed\/\" \/>\n<meta property=\"og:locale\" content=\"en_GB\" \/>\n<meta property=\"og:type\" content=\"article\" \/>\n<meta property=\"og:title\" content=\"Kalustomme | MSP Kuljetus | Merellinen monialayritys Rym\u00e4ttyl\u00e4st\u00e4\" \/>\n<meta property=\"og:description\" content=\"Merellinen monialayrityksemme on perustettu vuonna 2002. MSP-Kuljetuksen kotipaikka on Naantalissa, mutta toiminta-alue kattaa koko Suomen.\" \/>\n<meta property=\"og:url\" content=\"https:\/\/mspkuljetus.fi\/en\/__trashed\/\" \/>\n<meta property=\"og:site_name\" content=\"MSP Kuljetus\" \/>\n<meta property=\"article:modified_time\" content=\"2025-06-14T09:11:05+00:00\" \/>\n<meta property=\"og:image\" content=\"https:\/\/mspkuljetus.fi\/wp-content\/uploads\/2025\/01\/aquila6-1100x1100cq85.jpg\" \/>\n\t<meta property=\"og:image:width\" content=\"1100\" \/>\n\t<meta property=\"og:image:height\" content=\"1100\" \/>\n\t<meta property=\"og:image:type\" content=\"image\/jpeg\" \/>\n<meta name=\"twitter:card\" content=\"summary_large_image\" \/>\n<meta name=\"twitter:label1\" content=\"Estimated reading time\" \/>\n\t<meta name=\"twitter:data1\" content=\"2 minutes\" \/>\n<script type=\"application\/ld+json\" class=\"yoast-schema-graph\">{\"@context\":\"https:\/\/schema.org\",\"@graph\":[{\"@type\":\"WebPage\",\"@id\":\"https:\/\/mspkuljetus.fi\/__trashed\/\",\"url\":\"https:\/\/mspkuljetus.fi\/__trashed\/\",\"name\":\"Kalustomme | MSP Kuljetus | Merellinen monialayritys Rym\u00e4ttyl\u00e4st\u00e4\",\"isPartOf\":{\"@id\":\"https:\/\/mspkuljetus.fi\/#website\"},\"primaryImageOfPage\":{\"@id\":\"https:\/\/mspkuljetus.fi\/__trashed\/#primaryimage\"},\"image\":{\"@id\":\"https:\/\/mspkuljetus.fi\/__trashed\/#primaryimage\"},\"thumbnailUrl\":\"https:\/\/mspkuljetus.fi\/wp-content\/uploads\/2025\/01\/aquila6-1100x1100cq85.jpg\",\"datePublished\":\"2025-06-14T09:04:36+00:00\",\"dateModified\":\"2025-06-14T09:11:05+00:00\",\"description\":\"Merellinen monialayrityksemme on perustettu vuonna 2002. MSP-Kuljetuksen kotipaikka on Naantalissa, mutta toiminta-alue kattaa koko Suomen.\",\"breadcrumb\":{\"@id\":\"https:\/\/mspkuljetus.fi\/__trashed\/#breadcrumb\"},\"inLanguage\":\"en-GB\",\"potentialAction\":[{\"@type\":\"ReadAction\",\"target\":[\"https:\/\/mspkuljetus.fi\/__trashed\/\"]}]},{\"@type\":\"ImageObject\",\"inLanguage\":\"en-GB\",\"@id\":\"https:\/\/mspkuljetus.fi\/__trashed\/#primaryimage\",\"url\":\"https:\/\/mspkuljetus.fi\/wp-content\/uploads\/2025\/01\/aquila6-1100x1100cq85.jpg\",\"contentUrl\":\"https:\/\/mspkuljetus.fi\/wp-content\/uploads\/2025\/01\/aquila6-1100x1100cq85.jpg\",\"width\":1100,\"height\":1100},{\"@type\":\"BreadcrumbList\",\"@id\":\"https:\/\/mspkuljetus.fi\/__trashed\/#breadcrumb\",\"itemListElement\":[{\"@type\":\"ListItem\",\"position\":1,\"name\":\"Etusivu\",\"item\":\"https:\/\/mspkuljetus.fi\/\"},{\"@type\":\"ListItem\",\"position\":2,\"name\":\"Kalusto\"}]},{\"@type\":\"WebSite\",\"@id\":\"https:\/\/mspkuljetus.fi\/#website\",\"url\":\"https:\/\/mspkuljetus.fi\/\",\"name\":\"MSP Kuljetus\",\"description\":\"\",\"potentialAction\":[{\"@type\":\"SearchAction\",\"target\":{\"@type\":\"EntryPoint\",\"urlTemplate\":\"https:\/\/mspkuljetus.fi\/?s={search_term_string}\"},\"query-input\":{\"@type\":\"PropertyValueSpecification\",\"valueRequired\":true,\"valueName\":\"search_term_string\"}}],\"inLanguage\":\"en-GB\"}]}<\/script>\n<!-- \/ Yoast SEO plugin. -->","yoast_head_json":{"title":"Kalustomme | MSP Kuljetus | Merellinen monialayritys Rym\u00e4ttyl\u00e4st\u00e4","description":"Merellinen monialayrityksemme on perustettu vuonna 2002. MSP-Kuljetuksen kotipaikka on Naantalissa, mutta toiminta-alue kattaa koko Suomen.","robots":{"index":"index","follow":"follow","max-snippet":"max-snippet:-1","max-image-preview":"max-image-preview:large","max-video-preview":"max-video-preview:-1"},"canonical":"https:\/\/mspkuljetus.fi\/en\/__trashed\/","og_locale":"en_GB","og_type":"article","og_title":"Kalustomme | MSP Kuljetus | Merellinen monialayritys Rym\u00e4ttyl\u00e4st\u00e4","og_description":"Merellinen monialayrityksemme on perustettu vuonna 2002. MSP-Kuljetuksen kotipaikka on Naantalissa, mutta toiminta-alue kattaa koko Suomen.","og_url":"https:\/\/mspkuljetus.fi\/en\/__trashed\/","og_site_name":"MSP Kuljetus","article_modified_time":"2025-06-14T09:11:05+00:00","og_image":[{"width":1100,"height":1100,"url":"https:\/\/mspkuljetus.fi\/wp-content\/uploads\/2025\/01\/aquila6-1100x1100cq85.jpg","type":"image\/jpeg"}],"twitter_card":"summary_large_image","twitter_misc":{"Estimated reading time":"2 minutes"},"schema":{"@context":"https:\/\/schema.org","@graph":[{"@type":"WebPage","@id":"https:\/\/mspkuljetus.fi\/__trashed\/","url":"https:\/\/mspkuljetus.fi\/__trashed\/","name":"Kalustomme | MSP Kuljetus | Merellinen monialayritys Rym\u00e4ttyl\u00e4st\u00e4","isPartOf":{"@id":"https:\/\/mspkuljetus.fi\/#website"},"primaryImageOfPage":{"@id":"https:\/\/mspkuljetus.fi\/__trashed\/#primaryimage"},"image":{"@id":"https:\/\/mspkuljetus.fi\/__trashed\/#primaryimage"},"thumbnailUrl":"https:\/\/mspkuljetus.fi\/wp-content\/uploads\/2025\/01\/aquila6-1100x1100cq85.jpg","datePublished":"2025-06-14T09:04:36+00:00","dateModified":"2025-06-14T09:11:05+00:00","description":"Merellinen monialayrityksemme on perustettu vuonna 2002. MSP-Kuljetuksen kotipaikka on Naantalissa, mutta toiminta-alue kattaa koko Suomen.","breadcrumb":{"@id":"https:\/\/mspkuljetus.fi\/__trashed\/#breadcrumb"},"inLanguage":"en-GB","potentialAction":[{"@type":"ReadAction","target":["https:\/\/mspkuljetus.fi\/__trashed\/"]}]},{"@type":"ImageObject","inLanguage":"en-GB","@id":"https:\/\/mspkuljetus.fi\/__trashed\/#primaryimage","url":"https:\/\/mspkuljetus.fi\/wp-content\/uploads\/2025\/01\/aquila6-1100x1100cq85.jpg","contentUrl":"https:\/\/mspkuljetus.fi\/wp-content\/uploads\/2025\/01\/aquila6-1100x1100cq85.jpg","width":1100,"height":1100},{"@type":"BreadcrumbList","@id":"https:\/\/mspkuljetus.fi\/__trashed\/#breadcrumb","itemListElement":[{"@type":"ListItem","position":1,"name":"Etusivu","item":"https:\/\/mspkuljetus.fi\/"},{"@type":"ListItem","position":2,"name":"Kalusto"}]},{"@type":"WebSite","@id":"https:\/\/mspkuljetus.fi\/#website","url":"https:\/\/mspkuljetus.fi\/","name":"MSP Kuljetus","description":"","potentialAction":[{"@type":"SearchAction","target":{"@type":"EntryPoint","urlTemplate":"https:\/\/mspkuljetus.fi\/?s={search_term_string}"},"query-input":{"@type":"PropertyValueSpecification","valueRequired":true,"valueName":"search_term_string"}}],"inLanguage":"en-GB"}]}},"_links":{"self":[{"href":"https:\/\/mspkuljetus.fi\/en\/wp-json\/wp\/v2\/pages\/1450","targetHints":{"allow":["GET"]}}],"collection":[{"href":"https:\/\/mspkuljetus.fi\/en\/wp-json\/wp\/v2\/pages"}],"about":[{"href":"https:\/\/mspkuljetus.fi\/en\/wp-json\/wp\/v2\/types\/page"}],"author":[{"embeddable":true,"href":"https:\/\/mspkuljetus.fi\/en\/wp-json\/wp\/v2\/users\/2"}],"replies":[{"embeddable":true,"href":"https:\/\/mspkuljetus.fi\/en\/wp-json\/wp\/v2\/comments?post=1450"}],"version-history":[{"count":4,"href":"https:\/\/mspkuljetus.fi\/en\/wp-json\/wp\/v2\/pages\/1450\/revisions"}],"predecessor-version":[{"id":1473,"href":"https:\/\/mspkuljetus.fi\/en\/wp-json\/wp\/v2\/pages\/1450\/revisions\/1473"}],"wp:featuredmedia":[{"embeddable":true,"href":"https:\/\/mspkuljetus.fi\/en\/wp-json\/wp\/v2\/media\/682"}],"wp:attachment":[{"href":"https:\/\/mspkuljetus.fi\/en\/wp-json\/wp\/v2\/media?parent=1450"}],"curies":[{"name":"wp","href":"https:\/\/api.w.org\/{rel}","templated":true}]}}